{"id":1949,"date":"2025-02-17T05:02:06","date_gmt":"2025-02-17T10:02:06","guid":{"rendered":"https:\/\/sonydivecenter.com\/blog-potapanie\/"},"modified":"2026-03-09T15:27:44","modified_gmt":"2026-03-09T20:27:44","slug":"blog-potapanie","status":"publish","type":"page","link":"https:\/\/sonydivecenter.com\/sk\/blog-potapanie\/","title":{"rendered":"Blog pot\u00e1panie"},"content":{"rendered":"<div class=\"wpb-content-wrapper\"><p>[vc_row row_height_percent=&#8220;0&#8243; override_padding=&#8220;yes&#8220; h_padding=&#8220;2&#8243; top_padding=&#8220;2&#8243; bottom_padding=&#8220;2&#8243; overlay_color=&#8220;color-nhtu&#8220; overlay_alpha=&#8220;100&#8243; gutter_size=&#8220;3&#8243; column_width_percent=&#8220;100&#8243; shift_y=&#8220;0&#8243; shift_y_fixed=&#8220;yes&#8220; z_index=&#8220;0&#8243; content_parallax=&#8220;0&#8243; uncode_shortcode_id=&#8220;213171&#8243; overlay_color_type=&#8220;uncode-palette&#8220;][vc_column column_width_percent=&#8220;100&#8243; gutter_size=&#8220;2&#8243; overlay_alpha=&#8220;50&#8243; shift_x=&#8220;0&#8243; shift_y=&#8220;0&#8243; shift_y_down=&#8220;0&#8243; z_index=&#8220;0&#8243; medium_width=&#8220;0&#8243; mobile_width=&#8220;0&#8243; width=&#8220;3\/4&#8243; uncode_shortcode_id=&#8220;211484&#8243;][vc_custom_heading heading_semantic=&#8220;h1&#8243; text_font=&#8220;font-159771&#8243; text_size=&#8220;custom&#8220; text_weight=&#8220;700&#8243; text_transform=&#8220;uppercase&#8220; heading_display=&#8220;inline&#8220; sub_lead=&#8220;yes&#8220; uncode_shortcode_id=&#8220;473491&#8243; heading_custom_size=&#8220;72px&#8220;]<\/p>\n<h1 data-rm-block-id=\"block-2\"><span class=\"font-159771\">Blog o pot\u00e1pan\u00ed<\/span><\/h1>\n<p>[\/vc_custom_heading][vc_column_text text_color=&#8220;accent&#8220; uncode_shortcode_id=&#8220;199853&#8243; text_color_type=&#8220;uncode-palette&#8220;]<span class=\"font-537826\">Tipy, sprievodcovia a pr\u00edbehy z pot\u00e1pania z karibsk\u00e9ho pobre\u017eia Kolumbie.<\/span>[\/vc_column_text][\/vc_column][\/vc_row][vc_row row_height_percent=&#8220;0&#8243; override_padding=&#8220;yes&#8220; h_padding=&#8220;2&#8243; top_padding=&#8220;5&#8243; bottom_padding=&#8220;5&#8243; overlay_alpha=&#8220;50&#8243; gutter_size=&#8220;3&#8243; column_width_percent=&#8220;100&#8243; shift_y=&#8220;0&#8243; z_index=&#8220;0&#8243; content_parallax=&#8220;0&#8243; uncode_shortcode_id=&#8220;179512&#8243;][vc_column column_width_use_pixel=&#8220;yes&#8220; gutter_size=&#8220;3&#8243; overlay_alpha=&#8220;50&#8243; shift_x=&#8220;0&#8243; shift_y=&#8220;0&#8243; shift_y_down=&#8220;0&#8243; z_index=&#8220;0&#8243; medium_width=&#8220;0&#8243; mobile_width=&#8220;0&#8243; width=&#8220;1\/1&#8243; column_width_pixel=&#8220;900&#8243;][uncode_index el_id=&#8220;index-1&#8243; isotope_mode=&#8220;fitRows&#8220; loop=&#8220;size:6|order_by:date|post_type:post|taxonomy_count:10&#8243; screen_lg=&#8220;700&#8243; screen_md=&#8220;480&#8243; screen_sm=&#8220;480&#8243; gutter_size=&#8220;5&#8243; post_items=&#8220;media|featured|onpost|poster,date,title,text|full|200,icon|sm&#8220; infinite=&#8220;yes&#8220; footer_style=&#8220;dark&#8220; single_width=&#8220;12&#8243; images_size=&#8220;three-two&#8220; single_style=&#8220;dark&#8220; single_shape=&#8220;round&#8220; radius=&#8220;lg&#8220; single_overlay_color=&#8220;color-wayh&#8220; single_overlay_opacity=&#8220;50&#8243; single_padding=&#8220;2&#8243; single_title_dimension=&#8220;h3&#8243; single_shadow=&#8220;yes&#8220; shadow_weight=&#8220;lg&#8220; single_border=&#8220;yes&#8220; single_icon=&#8220;fa fa-plus2&#8243; uncode_shortcode_id=&#8220;127448&#8243;][\/vc_column][\/vc_row]<\/p>\n<\/div>","protected":false},"excerpt":{"rendered":"<p>[vc_row row_height_percent=&#8220;0&#8243; override_padding=&#8220;yes&#8220; h_padding=&#8220;2&#8243; top_padding=&#8220;2&#8243; bottom_padding=&#8220;2&#8243; overlay_color=&#8220;color-nhtu&#8220; overlay_alpha=&#8220;100&#8243; gutter_size=&#8220;3&#8243; column_width_percent=&#8220;100&#8243; shift_y=&#8220;0&#8243; shift_y_fixed=&#8220;yes&#8220; z_index=&#8220;0&#8243; content_parallax=&#8220;0&#8243; uncode_shortcode_id=&#8220;213171&#8243; overlay_color_type=&#8220;uncode-palette&#8220;][vc_column column_width_percent=&#8220;100&#8243; gutter_size=&#8220;2&#8243; overlay_alpha=&#8220;50&#8243; shift_x=&#8220;0&#8243; [&hellip;]<\/p>\n","protected":false},"author":1,"featured_media":0,"parent":0,"menu_order":0,"comment_status":"closed","ping_status":"closed","template":"","meta":{"footnotes":""},"class_list":["post-1949","page","type-page","status-publish","hentry"],"_links":{"self":[{"href":"https:\/\/sonydivecenter.com\/sk\/wp-json\/wp\/v2\/pages\/1949","targetHints":{"allow":["GET"]}}],"collection":[{"href":"https:\/\/sonydivecenter.com\/sk\/wp-json\/wp\/v2\/pages"}],"about":[{"href":"https:\/\/sonydivecenter.com\/sk\/wp-json\/wp\/v2\/types\/page"}],"author":[{"embeddable":true,"href":"https:\/\/sonydivecenter.com\/sk\/wp-json\/wp\/v2\/users\/1"}],"replies":[{"embeddable":true,"href":"https:\/\/sonydivecenter.com\/sk\/wp-json\/wp\/v2\/comments?post=1949"}],"version-history":[{"count":2,"href":"https:\/\/sonydivecenter.com\/sk\/wp-json\/wp\/v2\/pages\/1949\/revisions"}],"predecessor-version":[{"id":1951,"href":"https:\/\/sonydivecenter.com\/sk\/wp-json\/wp\/v2\/pages\/1949\/revisions\/1951"}],"wp:attachment":[{"href":"https:\/\/sonydivecenter.com\/sk\/wp-json\/wp\/v2\/media?parent=1949"}],"curies":[{"name":"wp","href":"https:\/\/api.w.org\/{rel}","templated":true}]}}