{"id":1940,"date":"2025-02-06T22:25:38","date_gmt":"2025-02-07T03:25:38","guid":{"rendered":"https:\/\/sonydivecenter.com\/kontaktujte-nas\/"},"modified":"2026-03-09T15:23:29","modified_gmt":"2026-03-09T20:23:29","slug":"kontaktujte-nas","status":"publish","type":"page","link":"https:\/\/sonydivecenter.com\/sk\/kontaktujte-nas\/","title":{"rendered":"Kontaktujte n\u00e1s"},"content":{"rendered":"<div class=\"wpb-content-wrapper\"><p>[vc_row row_height_percent=&#8220;0&#8243; override_padding=&#8220;yes&#8220; h_padding=&#8220;2&#8243; top_padding=&#8220;2&#8243; bottom_padding=&#8220;2&#8243; overlay_color=&#8220;color-nhtu&#8220; overlay_alpha=&#8220;100&#8243; gutter_size=&#8220;3&#8243; column_width_percent=&#8220;100&#8243; shift_y=&#8220;0&#8243; shift_y_fixed=&#8220;yes&#8220; z_index=&#8220;0&#8243; content_parallax=&#8220;0&#8243; uncode_shortcode_id=&#8220;133524&#8243; overlay_color_type=&#8220;uncode-palette&#8220;][vc_column column_width_percent=&#8220;100&#8243; gutter_size=&#8220;2&#8243; overlay_alpha=&#8220;50&#8243; shift_x=&#8220;0&#8243; shift_y=&#8220;0&#8243; shift_y_down=&#8220;0&#8243; z_index=&#8220;0&#8243; medium_width=&#8220;0&#8243; mobile_width=&#8220;0&#8243; width=&#8220;3\/4&#8243; uncode_shortcode_id=&#8220;211484&#8243;][vc_custom_heading heading_semantic=&#8220;h1&#8243; text_font=&#8220;font-159771&#8243; text_size=&#8220;custom&#8220; text_weight=&#8220;700&#8243; text_transform=&#8220;uppercase&#8220; heading_display=&#8220;inline&#8220; sub_lead=&#8220;yes&#8220; uncode_shortcode_id=&#8220;908641&#8243; heading_custom_size=&#8220;72px&#8220;]<\/p>\n<h1 data-rm-block-id=\"block-2\">Po\u010fte s nami do vody<\/h1>\n<p>[\/vc_custom_heading][vc_column_text text_color=&#8220;accent&#8220; uncode_shortcode_id=&#8220;112757&#8243; text_color_type=&#8220;uncode-palette&#8220;]<span class=\"font-537826\">Po\u0161lite n\u00e1m spr\u00e1vu a my sa postar\u00e1me o zvy\u0161ok.<\/span>[\/vc_column_text][\/vc_column][\/vc_row][vc_row row_height_percent=&#8220;25&#8243; override_padding=&#8220;yes&#8220; h_padding=&#8220;2&#8243; top_padding=&#8220;4&#8243; bottom_padding=&#8220;4&#8243; overlay_alpha=&#8220;100&#8243; gutter_size=&#8220;3&#8243; column_width_percent=&#8220;100&#8243; shift_y=&#8220;0&#8243; z_index=&#8220;0&#8243; content_parallax=&#8220;0&#8243; uncode_shortcode_id=&#8220;164666&#8243;][vc_column column_width_use_pixel=&#8220;yes&#8220; gutter_size=&#8220;3&#8243; overlay_alpha=&#8220;100&#8243; shift_x=&#8220;0&#8243; shift_y=&#8220;0&#8243; shift_y_down=&#8220;0&#8243; z_index=&#8220;0&#8243; medium_width=&#8220;5&#8243; mobile_width=&#8220;0&#8243; zoom_width=&#8220;0&#8243; zoom_height=&#8220;0&#8243; width=&#8220;1\/1&#8243; column_width_pixel=&#8220;600&#8243;][vc_custom_heading text_color=&#8220;accent&#8220; heading_semantic=&#8220;h3&#8243; text_size=&#8220;h3&#8243; text_align=&#8220;text-left&#8220; text_uppercase=&#8220;&#8220; subheading=&#8220;\u010ci u\u017e chcete rezervova\u0165 kurz, op\u00fdta\u0165 sa na dostupnos\u0165, alebo m\u00e1te ot\u00e1zku o pot\u00e1pan\u00ed v Santa Marte \u2014 sme tu a radi v\u00e1m pom\u00f4\u017eeme.&#8220; uncode_shortcode_id=&#8220;157665&#8243; text_color_type=&#8220;uncode-palette&#8220;]N\u00e1\u0161 oddan\u00fd t\u00edm je tu pre v\u00e1s.[\/vc_custom_heading][vc_separator sep_color=&#8220;,Default&#8220;]\n<div class=\"wpcf7 no-js\" id=\"wpcf7-f205-o1\" lang=\"en-US\" dir=\"ltr\" data-wpcf7-id=\"205\">\n<div class=\"screen-reader-response\"><p role=\"status\" aria-live=\"polite\" aria-atomic=\"true\"><\/p> <ul><\/ul><\/div>\n<form action=\"\/sk\/wp-json\/wp\/v2\/pages\/1940#wpcf7-f205-o1\" method=\"post\" class=\"wpcf7-form init\" aria-label=\"Contact form\" novalidate=\"novalidate\" data-status=\"init\">\n<fieldset class=\"hidden-fields-container\"><input type=\"hidden\" name=\"_wpcf7\" value=\"205\" \/><input type=\"hidden\" name=\"_wpcf7_version\" value=\"6.1.5\" \/><input type=\"hidden\" name=\"_wpcf7_locale\" value=\"en_US\" \/><input type=\"hidden\" name=\"_wpcf7_unit_tag\" value=\"wpcf7-f205-o1\" \/><input type=\"hidden\" name=\"_wpcf7_container_post\" value=\"0\" \/><input type=\"hidden\" name=\"_wpcf7_posted_data_hash\" value=\"\" \/><input type=\"hidden\" name=\"_wpcf7_recaptcha_response\" value=\"\" \/>\n<\/fieldset>\n<div class=\"wpcf7-inline-wrapper\">\n\t<p class=\"wpcf7-inline-field\"><span class=\"wpcf7-form-control-wrap\" data-name=\"your-firstname\"><input size=\"40\" maxlength=\"400\" class=\"wpcf7-form-control wpcf7-text wpcf7-validates-as-required\" aria-required=\"true\" aria-invalid=\"false\" placeholder=\"Name\" value=\"\" type=\"text\" name=\"your-firstname\" \/><\/span>\n\t<\/p>\n\t<p class=\"wpcf7-inline-field\"><span class=\"wpcf7-form-control-wrap\" data-name=\"your-email\"><input size=\"40\" maxlength=\"400\" class=\"wpcf7-form-control wpcf7-email wpcf7-validates-as-required wpcf7-text wpcf7-validates-as-email\" aria-required=\"true\" aria-invalid=\"false\" placeholder=\"Email\" value=\"\" type=\"email\" name=\"your-email\" \/><\/span>\n\t<\/p>\n<\/div>\n<p><span class=\"wpcf7-form-control-wrap\" data-name=\"your-message\"><textarea cols=\"40\" rows=\"5\" maxlength=\"2000\" class=\"wpcf7-form-control wpcf7-textarea\" aria-invalid=\"false\" placeholder=\"Message\" name=\"your-message\"><\/textarea><\/span>\n<\/p>\n<p><span class=\"wpcf7-form-control-wrap\" data-name=\"accept-this-1\"><span class=\"wpcf7-form-control wpcf7-acceptance\"><span class=\"wpcf7-list-item\"><label><input type=\"checkbox\" name=\"accept-this-1\" value=\"1\" aria-invalid=\"false\" \/><span class=\"wpcf7-list-item-label\">Check here if you accept our terms (<a href=\"#\">Privacy Policy<\/a>)<\/span><\/label><\/span><\/span><\/span>\n<\/p>\n<p><input class=\"wpcf7-form-control wpcf7-submit has-spinner btn btn-light\" type=\"submit\" value=\"Submit\" \/>\n<\/p><div class=\"wpcf7-response-output\" aria-hidden=\"true\"><\/div>\n<\/form>\n<\/div>\n[\/vc_column][\/vc_row][vc_row unlock_row_content=&#8220;yes&#8220; row_height_percent=&#8220;0&#8243; override_padding=&#8220;yes&#8220; h_padding=&#8220;2&#8243; top_padding=&#8220;3&#8243; bottom_padding=&#8220;4&#8243; back_color=&#8220;color-nhtu&#8220; overlay_alpha=&#8220;50&#8243; gutter_size=&#8220;3&#8243; column_width_percent=&#8220;100&#8243; shift_y=&#8220;0&#8243; z_index=&#8220;0&#8243; content_parallax=&#8220;0&#8243; uncode_shortcode_id=&#8220;122504&#8243; back_color_type=&#8220;uncode-palette&#8220;][vc_column column_width_percent=&#8220;100&#8243; align_horizontal=&#8220;align_center&#8220; gutter_size=&#8220;3&#8243; overlay_alpha=&#8220;50&#8243; shift_x=&#8220;0&#8243; shift_y=&#8220;0&#8243; shift_y_down=&#8220;0&#8243; z_index=&#8220;0&#8243; medium_width=&#8220;0&#8243; mobile_width=&#8220;0&#8243; width=&#8220;1\/1&#8243;][vc_row_inner][vc_column_inner column_width_percent=&#8220;100&#8243; align_horizontal=&#8220;align_center&#8220; gutter_size=&#8220;3&#8243; overlay_alpha=&#8220;50&#8243; shift_x=&#8220;0&#8243; shift_y=&#8220;0&#8243; shift_y_down=&#8220;0&#8243; z_index=&#8220;0&#8243; medium_width=&#8220;0&#8243; mobile_width=&#8220;0&#8243; width=&#8220;1\/1&#8243; uncode_shortcode_id=&#8220;126382&#8243;][vc_custom_heading text_color=&#8220;color-xsdn&#8220; text_font=&#8220;font-159771&#8243; text_size=&#8220;custom&#8220; text_weight=&#8220;700&#8243; uncode_shortcode_id=&#8220;244330&#8243; text_color_type=&#8220;uncode-palette&#8220; heading_custom_size=&#8220;52px&#8220;]N\u00e1jdite n\u00e1s v Tagange![\/vc_custom_heading][\/vc_column_inner][\/vc_row_inner][vc_row_inner][vc_column_inner column_width_percent=&#8220;100&#8243; align_horizontal=&#8220;align_center&#8220; gutter_size=&#8220;3&#8243; overlay_alpha=&#8220;50&#8243; shift_x=&#8220;0&#8243; shift_y=&#8220;0&#8243; shift_y_down=&#8220;0&#8243; z_index=&#8220;0&#8243; medium_width=&#8220;0&#8243; mobile_width=&#8220;0&#8243; width=&#8220;1\/3&#8243;][vc_icon icon=&#8220;fa fa-mobile2&#8243; size=&#8220;fa-3x&#8220; text_size=&#8220;h6&#8243; linked_title=&#8220;yes&#8220; title=&#8220;Tel: +57 313 798 1097&#8243; uncode_shortcode_id=&#8220;147233&#8243; link=&#8220;url:tel%3A%2B573137981097|&#8220;][\/vc_icon][\/vc_column_inner][vc_column_inner column_width_percent=&#8220;100&#8243; align_horizontal=&#8220;align_center&#8220; gutter_size=&#8220;3&#8243; overlay_alpha=&#8220;50&#8243; shift_x=&#8220;0&#8243; shift_y=&#8220;0&#8243; shift_y_down=&#8220;0&#8243; z_index=&#8220;0&#8243; medium_width=&#8220;0&#8243; mobile_width=&#8220;0&#8243; width=&#8220;1\/3&#8243;][vc_icon icon=&#8220;fa fa-envelope2&#8243; size=&#8220;fa-3x&#8220; text_size=&#8220;h6&#8243; linked_title=&#8220;yes&#8220; title=&#8220;info@sonydivecenter.com&#8220; uncode_shortcode_id=&#8220;433167&#8243; link=&#8220;url:mailto%3Ainfo%40sonydivecenter.com|&#8220;][\/vc_icon][\/vc_column_inner][vc_column_inner column_width_percent=&#8220;100&#8243; align_horizontal=&#8220;align_center&#8220; gutter_size=&#8220;3&#8243; overlay_alpha=&#8220;50&#8243; shift_x=&#8220;0&#8243; shift_y=&#8220;0&#8243; shift_y_down=&#8220;0&#8243; z_index=&#8220;0&#8243; medium_width=&#8220;0&#8243; mobile_width=&#8220;0&#8243; width=&#8220;1\/3&#8243;][vc_icon icon=&#8220;fa fa-map-pin&#8220; size=&#8220;fa-3x&#8220; text_size=&#8220;h6&#8243; title=&#8220;Calle 16 No. 1a \u2013 18 Taganga, Santa Marta, Colombia&#8220; uncode_shortcode_id=&#8220;532301&#8243;][\/vc_icon][\/vc_column_inner][\/vc_row_inner][vc_empty_space empty_h=&#8220;0&#8243;][vc_gmaps latlon=&#8220;11.267049382322606, -74.19057256695349&#8243; size=&#8220;500&#8243; map_color=&#8220;&#8220; ui_color=&#8220;color-nhtu&#8220; zoom=&#8220;17&#8243; map_saturation=&#8220;0&#8243; map_brightness=&#8220;5&#8243; uncode_shortcode_id=&#8220;127529&#8243; ui_color_type=&#8220;uncode-palette&#8220;][\/vc_column][\/vc_row]<\/p>\n<\/div>","protected":false},"excerpt":{"rendered":"<p>[vc_row row_height_percent=&#8220;0&#8243; override_padding=&#8220;yes&#8220; h_padding=&#8220;2&#8243; top_padding=&#8220;2&#8243; bottom_padding=&#8220;2&#8243; overlay_color=&#8220;color-nhtu&#8220; overlay_alpha=&#8220;100&#8243; gutter_size=&#8220;3&#8243; column_width_percent=&#8220;100&#8243; shift_y=&#8220;0&#8243; shift_y_fixed=&#8220;yes&#8220; z_index=&#8220;0&#8243; content_parallax=&#8220;0&#8243; uncode_shortcode_id=&#8220;133524&#8243; overlay_color_type=&#8220;uncode-palette&#8220;][vc_column column_width_percent=&#8220;100&#8243; gutter_size=&#8220;2&#8243; overlay_alpha=&#8220;50&#8243; shift_x=&#8220;0&#8243; [&hellip;]<\/p>\n","protected":false},"author":1,"featured_media":0,"parent":0,"menu_order":0,"comment_status":"closed","ping_status":"closed","template":"","meta":{"footnotes":""},"class_list":["post-1940","page","type-page","status-publish","hentry"],"_links":{"self":[{"href":"https:\/\/sonydivecenter.com\/sk\/wp-json\/wp\/v2\/pages\/1940","targetHints":{"allow":["GET"]}}],"collection":[{"href":"https:\/\/sonydivecenter.com\/sk\/wp-json\/wp\/v2\/pages"}],"about":[{"href":"https:\/\/sonydivecenter.com\/sk\/wp-json\/wp\/v2\/types\/page"}],"author":[{"embeddable":true,"href":"https:\/\/sonydivecenter.com\/sk\/wp-json\/wp\/v2\/users\/1"}],"replies":[{"embeddable":true,"href":"https:\/\/sonydivecenter.com\/sk\/wp-json\/wp\/v2\/comments?post=1940"}],"version-history":[{"count":1,"href":"https:\/\/sonydivecenter.com\/sk\/wp-json\/wp\/v2\/pages\/1940\/revisions"}],"predecessor-version":[{"id":1941,"href":"https:\/\/sonydivecenter.com\/sk\/wp-json\/wp\/v2\/pages\/1940\/revisions\/1941"}],"wp:attachment":[{"href":"https:\/\/sonydivecenter.com\/sk\/wp-json\/wp\/v2\/media?parent=1940"}],"curies":[{"name":"wp","href":"https:\/\/api.w.org\/{rel}","templated":true}]}}