{"id":1931,"date":"2026-02-22T00:53:19","date_gmt":"2026-02-22T05:53:19","guid":{"rendered":"https:\/\/sonydivecenter.com\/fun-dive-santa-marta\/"},"modified":"2026-03-11T16:02:32","modified_gmt":"2026-03-11T21:02:32","slug":"fun-dive-santa-marta","status":"publish","type":"page","link":"https:\/\/sonydivecenter.com\/sk\/fun-dive-santa-marta\/","title":{"rendered":"Fun Dive Santa Marta"},"content":{"rendered":"<div class=\"wpb-content-wrapper\"><p>[vc_row row_height_percent=&#8220;0&#8243; override_padding=&#8220;yes&#8220; h_padding=&#8220;2&#8243; top_padding=&#8220;2&#8243; bottom_padding=&#8220;2&#8243; overlay_color=&#8220;color-nhtu&#8220; overlay_alpha=&#8220;100&#8243; gutter_size=&#8220;3&#8243; column_width_percent=&#8220;100&#8243; shift_y=&#8220;0&#8243; shift_y_fixed=&#8220;yes&#8220; z_index=&#8220;0&#8243; content_parallax=&#8220;0&#8243; uncode_shortcode_id=&#8220;133524&#8243; overlay_color_type=&#8220;uncode-palette&#8220;][vc_column column_width_percent=&#8220;100&#8243; gutter_size=&#8220;2&#8243; overlay_alpha=&#8220;50&#8243; shift_x=&#8220;0&#8243; shift_y=&#8220;0&#8243; shift_y_down=&#8220;0&#8243; z_index=&#8220;0&#8243; medium_width=&#8220;0&#8243; mobile_width=&#8220;0&#8243; width=&#8220;3\/4&#8243; uncode_shortcode_id=&#8220;211484&#8243;][vc_custom_heading heading_semantic=&#8220;h1&#8243; text_font=&#8220;font-159771&#8243; text_size=&#8220;custom&#8220; text_weight=&#8220;700&#8243; text_transform=&#8220;uppercase&#8220; heading_display=&#8220;inline&#8220; sub_lead=&#8220;yes&#8220; uncode_shortcode_id=&#8220;157574&#8243; heading_custom_size=&#8220;72px&#8220;]<\/p>\n<h1 data-rm-block-id=\"block-2\"><span class=\"font-159771\">Rekrea\u010dn\u00e9 Pot\u00e1panie v Santa Marte pre Certifikovan\u00fdch Pot\u00e1pa\u010dov<\/span><\/h1>\n<p>[\/vc_custom_heading][vc_column_text text_color=&#8220;accent&#8220; uncode_shortcode_id=&#8220;306986&#8243; text_color_type=&#8220;uncode-palette&#8220;]<\/p>\n<p data-pm-slice=\"0 0 []\"><span class=\"font-537826\">Dva ponory v oce\u00e1ne. Miestny divemaster. Mal\u00e9 skupiny. \u010cist\u00e9 pot\u00e1pa\u010dsk\u00e9 z\u00e1\u017eitky.   <\/span><\/p>\n<p>[\/vc_column_text][\/vc_column][\/vc_row][vc_row row_height_percent=&#8220;0&#8243; override_padding=&#8220;yes&#8220; h_padding=&#8220;2&#8243; top_padding=&#8220;3&#8243; bottom_padding=&#8220;3&#8243; overlay_alpha=&#8220;50&#8243; equal_height=&#8220;yes&#8220; gutter_size=&#8220;4&#8243; column_width_percent=&#8220;100&#8243; shift_y=&#8220;0&#8243; z_index=&#8220;0&#8243; content_parallax=&#8220;0&#8243; uncode_shortcode_id=&#8220;148446&#8243;][vc_column column_width_percent=&#8220;100&#8243; position_vertical=&#8220;middle&#8220; gutter_size=&#8220;3&#8243; overlay_alpha=&#8220;50&#8243; shift_x=&#8220;0&#8243; shift_y=&#8220;0&#8243; shift_y_down=&#8220;0&#8243; z_index=&#8220;0&#8243; medium_width=&#8220;0&#8243; mobile_width=&#8220;0&#8243; width=&#8220;1\/2&#8243; uncode_shortcode_id=&#8220;128093&#8243;][vc_column_text uncode_shortcode_id=&#8220;110316&#8243;]<img decoding=\"async\" src=\"https:\/\/sonydivecenter.com\/wp-content\/uploads\/2026\/02\/GOPR6289-2-scaled.jpg\" alt=\"Rekrea\u010dn\u00e9 Pot\u00e1panie v Santa Marte\" title=\"\">[\/vc_column_text][\/vc_column][vc_column column_width_percent=&#8220;100&#8243; position_vertical=&#8220;middle&#8220; gutter_size=&#8220;1&#8243; overlay_alpha=&#8220;50&#8243; shift_x=&#8220;0&#8243; shift_y=&#8220;0&#8243; shift_y_down=&#8220;0&#8243; z_index=&#8220;0&#8243; medium_width=&#8220;0&#8243; mobile_width=&#8220;0&#8243; width=&#8220;1\/2&#8243; uncode_shortcode_id=&#8220;966470&#8243;][vc_column_text uncode_shortcode_id=&#8220;376221&#8243;]Poldenn\u00fd z\u00e1\u017eitok[\/vc_column_text][vc_column_text text_lead=&#8220;yes&#8220; text_color=&#8220;accent&#8220; uncode_shortcode_id=&#8220;654809&#8243; text_color_type=&#8220;uncode-palette&#8220;]<strong><span class=\"font-537826\">$320.000 COP<\/span><\/strong>[\/vc_column_text][vc_column_text text_lead=&#8220;yes&#8220; uncode_shortcode_id=&#8220;118489&#8243;]<span class=\"font-537826\">2 PONORY Z LODE<\/span>[\/vc_column_text][vc_empty_space empty_h=&#8220;1&#8243;][vc_column_text uncode_shortcode_id=&#8220;107251&#8243;]<\/p>\n<p data-pm-slice=\"0 0 []\"><span class=\"font-537826\">Toto rekrea\u010dn\u00e9 pot\u00e1panie v Santa Marte je ur\u010den\u00e9 pre certifikovan\u00fdch pot\u00e1pa\u010dov, ktor\u00ed chc\u00fa dobre organizovan\u00e9 a uvo\u013enen\u00e9 ponory z lode.<\/span><\/p>\n<p><span class=\"font-537826\">Pot\u00e1pajte sa s miestnym divemasterom, ktor\u00fd pozn\u00e1 \u00fatesy, pr\u00fady a morsk\u00fd \u017eivot Tagangy a N\u00e1rodn\u00e9ho parku Tayrona.<\/span><\/p>\n<p><span class=\"font-537826\">Skupiny udr\u017eiavame mal\u00e9, tempo pokojn\u00e9 a d\u00f4raz kladieme na kvalitu pot\u00e1pania \u2014 bez upon\u00e1h\u013ean\u00fdch rozvrhov.<\/span>[\/vc_column_text][vc_empty_space empty_h=&#8220;2&#8243;][vc_button button_color=&#8220;color-nhtu&#8220; hover_fx=&#8220;outlined&#8220; outline=&#8220;yes&#8220; text_skin=&#8220;yes&#8220; border_width=&#8220;0&#8243; scale_mobile=&#8220;no&#8220; link=&#8220;url:https%3A%2F%2Fwa.me%2F573137981097%2F%3Ftext%3DI%2520want%2520more%2520info%2520about%2520the%2520Open%2520Water%2520Diver%2520course%2C%2520please%21|title:Open%20Water%20Diver|&#8220; uncode_shortcode_id=&#8220;602951&#8243; el_class=&#8220;btn-light&#8220; button_color_type=&#8220;uncode-palette&#8220;]REZERVUJTE SI V\u00c1\u0160E FUN DIVE[\/vc_button][\/vc_column][\/vc_row][vc_row row_height_percent=&#8220;0&#8243; override_padding=&#8220;yes&#8220; h_padding=&#8220;1&#8243; top_padding=&#8220;1&#8243; bottom_padding=&#8220;1&#8243; back_color=&#8220;color-nhtu&#8220; overlay_alpha=&#8220;50&#8243; gutter_size=&#8220;3&#8243; column_width_percent=&#8220;100&#8243; shift_y=&#8220;0&#8243; z_index=&#8220;0&#8243; content_parallax=&#8220;0&#8243; uncode_shortcode_id=&#8220;488700&#8243; el_class=&#8220;test-three&#8220; back_color_type=&#8220;uncode-palette&#8220;][vc_column column_width_percent=&#8220;85&#8243; gutter_size=&#8220;3&#8243; override_padding=&#8220;yes&#8220; column_padding=&#8220;3&#8243; back_color=&#8220;color-nhtu&#8220; overlay_alpha=&#8220;50&#8243; shift_x=&#8220;0&#8243; shift_y=&#8220;0&#8243; shift_y_down=&#8220;0&#8243; z_index=&#8220;0&#8243; medium_width=&#8220;0&#8243; mobile_width=&#8220;0&#8243; width=&#8220;1\/1&#8243; uncode_shortcode_id=&#8220;599573&#8243; back_color_type=&#8220;uncode-palette&#8220;][vc_row_inner row_inner_height_percent=&#8220;0&#8243; overlay_alpha=&#8220;50&#8243; gutter_size=&#8220;1&#8243; shift_y=&#8220;0&#8243; z_index=&#8220;0&#8243; uncode_shortcode_id=&#8220;123969&#8243;][vc_column_inner column_width_percent=&#8220;100&#8243; position_vertical=&#8220;middle&#8220; gutter_size=&#8220;3&#8243; overlay_alpha=&#8220;50&#8243; shift_x=&#8220;0&#8243; shift_y=&#8220;0&#8243; shift_y_down=&#8220;0&#8243; z_index=&#8220;0&#8243; medium_width=&#8220;0&#8243; mobile_width=&#8220;0&#8243; width=&#8220;3\/4&#8243; uncode_shortcode_id=&#8220;183492&#8243;][vc_custom_heading uncode_shortcode_id=&#8220;168394&#8243;]<\/p>\n<h2 data-rm-block-id=\"block-9\"><span class=\"font-159771\"><b>V\u00e1\u0161 de\u0148 pot\u00e1pania<\/b><\/span><\/h2>\n<p>[\/vc_custom_heading][uncode_list uncode_shortcode_id=&#8220;193390&#8243;]<\/p>\n<ul>\n<li data-rm-block-id=\"block-11\"><strong style=\"color: #aed8f4;\">Miesto:<\/strong> Taganga, Santa Marta, Kolumbia<\/li>\n<li data-rm-block-id=\"block-12\"><strong style=\"color: #aed8f4;\">Trvanie: <\/strong>Poldenn\u00fd z\u00e1\u017eitok (cca 5 hod\u00edn)<\/li>\n<li data-rm-block-id=\"block-12\"><strong style=\"color: #aed8f4;\">Ponory:<\/strong> 2 riaden\u00e9 ponory z lode<\/li>\n<li data-rm-block-id=\"block-13\"><strong style=\"color: #aed8f4;\">H\u013abka:<\/strong> Pod\u013ea va\u0161ej \u00farovne certifik\u00e1cie<\/li>\n<li data-rm-block-id=\"block-13\"><strong style=\"color: #aed8f4;\">Ve\u013ekos\u0165 skupiny: <\/strong>Mal\u00e9 skupiny (max. 4 pot\u00e1pa\u010di na divemasters)Dive Experience<\/li>\n<\/ul>\n<p>[\/uncode_list][\/vc_column_inner][\/vc_row_inner][vc_row_inner row_inner_height_percent=&#8220;0&#8243; overlay_alpha=&#8220;50&#8243; gutter_size=&#8220;1&#8243; shift_y=&#8220;0&#8243; z_index=&#8220;0&#8243; uncode_shortcode_id=&#8220;123969&#8243;][vc_column_inner column_width_percent=&#8220;100&#8243; position_vertical=&#8220;middle&#8220; gutter_size=&#8220;3&#8243; overlay_alpha=&#8220;50&#8243; shift_x=&#8220;0&#8243; shift_y=&#8220;0&#8243; shift_y_down=&#8220;0&#8243; z_index=&#8220;0&#8243; medium_width=&#8220;0&#8243; mobile_width=&#8220;0&#8243; width=&#8220;3\/4&#8243; uncode_shortcode_id=&#8220;183492&#8243;][vc_custom_heading uncode_shortcode_id=&#8220;140725&#8243;]<\/p>\n<h2><b>Z\u00e1\u017eitok z pot\u00e1pania<\/b><\/h2>\n<p>[\/vc_custom_heading][vc_column_text uncode_shortcode_id=&#8220;159584&#8243;]Na\u0161e rekrea\u010dn\u00e9 pot\u00e1panie v Santa Marte sa riadi touto jednoduchou a uvo\u013enenou \u0161trukt\u00farou:[\/vc_column_text][uncode_list uncode_shortcode_id=&#8220;101987&#8243;]<\/p>\n<ul>\n<li>Kontrola vybavenia a br\u00edfing pred pot\u00e1pan\u00edm<\/li>\n<li>Odplutie z Tagangy<\/li>\n<li>Prv\u00fd riaden\u00fd ponor na \u00fatese<\/li>\n<li>Prest\u00e1vka na hladine s ob\u010derstven\u00edm<\/li>\n<li>Druh\u00fd riaden\u00fd ponor v oce\u00e1ne<\/li>\n<li>N\u00e1vrat do Tagangy<\/li>\n<\/ul>\n<p>[\/uncode_list][\/vc_column_inner][\/vc_row_inner][vc_accordion typography=&#8220;advanced&#8220; sign=&#8220;plus&#8220; sign_size=&#8220;md&#8220; content_border=&#8220;yes&#8220; gutter_simple=&#8220;1&#8243; no_h_padding=&#8220;yes&#8220; active_txt_color=&#8220;color-prif&#8220; titles_size=&#8220;h3&#8243; titles_weight=&#8220;400&#8243; uncode_shortcode_id=&#8220;210539&#8243; active_tab=&#8220;0&#8243; active_txt_color_type=&#8220;uncode-palette&#8220;][vc_accordion_tab gutter_size=&#8220;2&#8243; column_padding=&#8220;0&#8243; title=&#8220;\u010co je zahrnut\u00e9&#8220; tab_id=&#8220;1671541890-1-6216728529668951715764968962d9cd-e76117402712574177&#8243;][vc_row_inner row_inner_height_percent=&#8220;0&#8243; overlay_alpha=&#8220;50&#8243; gutter_size=&#8220;1&#8243; shift_y=&#8220;0&#8243; z_index=&#8220;0&#8243; uncode_shortcode_id=&#8220;123969&#8243;][vc_column_inner column_width_percent=&#8220;100&#8243; position_vertical=&#8220;middle&#8220; gutter_size=&#8220;3&#8243; overlay_alpha=&#8220;50&#8243; shift_x=&#8220;0&#8243; shift_y=&#8220;0&#8243; shift_y_down=&#8220;0&#8243; z_index=&#8220;0&#8243; medium_width=&#8220;0&#8243; mobile_width=&#8220;0&#8243; width=&#8220;3\/4&#8243; uncode_shortcode_id=&#8220;183492&#8243;][vc_column_text uncode_shortcode_id=&#8220;109884&#8243;]Ka\u017ed\u00e9 rekrea\u010dn\u00e9 pot\u00e1panie v Santa Marte so Sony Dive Center zah\u0155\u0148a:[\/vc_column_text][uncode_list icon=&#8220;fa fa-media-record&#8220; icon_color=&#8220;accent&#8220; uncode_shortcode_id=&#8220;161378&#8243; icon_color_type=&#8220;uncode-palette&#8220;]<\/p>\n<ul>\n<li><span style=\"font-size: 13px;\">2 riaden\u00e9 ponory z lode<\/span><\/li>\n<li><span style=\"font-size: 13px;\">Miestny divemaster<\/span><\/li>\n<li><span style=\"font-size: 13px;\">Kompletn\u00e9 pot\u00e1pa\u010dsk\u00e9 vybavenie (ak je potrebn\u00e9)<\/span><\/li>\n<li><span style=\"font-size: 13px;\">Poistenie pre pot\u00e1panie<\/span><\/li>\n<li><span style=\"font-size: 13px;\">Zdrav\u00e9 a chutn\u00e9 ob\u010derstvenie<\/span><\/li>\n<li><span style=\"font-size: 13px;\">Podvodn\u00e9 fotografie a vide\u00e1<\/span><\/li>\n<li><span style=\"font-size: 13px;\">Z\u00e1\u017eitok v malej skupine<\/span><\/li>\n<\/ul>\n<p>[\/uncode_list][\/vc_column_inner][\/vc_row_inner][\/vc_accordion_tab][\/vc_accordion][\/vc_column][\/vc_row][vc_row row_height_percent=&#8220;0&#8243; override_padding=&#8220;yes&#8220; h_padding=&#8220;1&#8243; top_padding=&#8220;1&#8243; bottom_padding=&#8220;1&#8243; back_color=&#8220;color-wayh&#8220; overlay_alpha=&#8220;50&#8243; gutter_size=&#8220;3&#8243; column_width_percent=&#8220;100&#8243; shift_y=&#8220;0&#8243; z_index=&#8220;0&#8243; content_parallax=&#8220;0&#8243; uncode_shortcode_id=&#8220;787970&#8243; el_class=&#8220;test-three&#8220; back_color_type=&#8220;uncode-palette&#8220;][vc_column column_width_percent=&#8220;85&#8243; gutter_size=&#8220;3&#8243; override_padding=&#8220;yes&#8220; column_padding=&#8220;3&#8243; back_color=&#8220;color-wayh&#8220; overlay_alpha=&#8220;50&#8243; shift_x=&#8220;0&#8243; shift_y=&#8220;0&#8243; shift_y_down=&#8220;0&#8243; z_index=&#8220;0&#8243; medium_width=&#8220;0&#8243; mobile_width=&#8220;0&#8243; width=&#8220;1\/1&#8243; uncode_shortcode_id=&#8220;595556&#8243; back_color_type=&#8220;uncode-palette&#8220;][vc_custom_heading uncode_shortcode_id=&#8220;736835&#8243;]<\/p>\n<h2 data-rm-block-id=\"block-30\"><span class=\"font-159771\">\u010casto kladen\u00e9 ot\u00e1zky<\/span><\/h2>\n<p data-rm-block-id=\"block-31\">[\/vc_custom_heading][vc_accordion typography=&#8220;advanced&#8220; sign=&#8220;plus&#8220; sign_size=&#8220;md&#8220; content_border=&#8220;yes&#8220; gutter_simple=&#8220;1&#8243; no_h_padding=&#8220;yes&#8220; active_txt_color=&#8220;color-prif&#8220; titles_size=&#8220;h4&#8243; titles_weight=&#8220;400&#8243; uncode_shortcode_id=&#8220;378433&#8243; active_tab=&#8220;0&#8243; active_txt_color_type=&#8220;uncode-palette&#8220;][vc_accordion_tab gutter_size=&#8220;2&#8243; column_padding=&#8220;0&#8243; title=&#8220;Mus\u00edm by\u0165 certifikovan\u00fd?&#8220; tab_id=&#8220;1671541890-1-6216728529668951715764968962d9cd-e761174027125741775&#8243;][vc_row_inner row_inner_height_percent=&#8220;0&#8243; overlay_alpha=&#8220;50&#8243; gutter_size=&#8220;1&#8243; shift_y=&#8220;0&#8243; z_index=&#8220;0&#8243; uncode_shortcode_id=&#8220;123969&#8243;][vc_column_inner column_width_percent=&#8220;100&#8243; position_vertical=&#8220;middle&#8220; gutter_size=&#8220;3&#8243; overlay_alpha=&#8220;50&#8243; shift_x=&#8220;0&#8243; shift_y=&#8220;0&#8243; shift_y_down=&#8220;0&#8243; z_index=&#8220;0&#8243; medium_width=&#8220;0&#8243; mobile_width=&#8220;0&#8243; width=&#8220;3\/4&#8243; uncode_shortcode_id=&#8220;719854&#8243;][vc_column_text uncode_shortcode_id=&#8220;188162&#8243;]\u00c1no. Toto rekrea\u010dn\u00e9 pot\u00e1panie v Santa Marte je v\u00fdlu\u010dne pre certifikovan\u00fdch pot\u00e1pa\u010dov (<a href=\"http:\/\/padi.com\" target=\"_blank\" rel=\"noopener\">PADI<\/a> alebo ekvivalent).[\/vc_column_text][\/vc_column_inner][\/vc_row_inner][\/vc_accordion_tab][vc_accordion_tab gutter_size=&#8220;2&#8243; column_padding=&#8220;2&#8243; title=&#8220;Ko\u013eko ponorov je zahrnut\u00fdch?&#8220; tab_id=&#8220;1771602540449-1-8&#8243;][vc_column_text text_color=&#8220;color-xsdn&#8220; uncode_shortcode_id=&#8220;997638&#8243; text_color_type=&#8220;uncode-palette&#8220;]Rekrea\u010dn\u00e9 pot\u00e1panie v Santa Marte zah\u0155\u0148a 2 riaden\u00e9 ponory z lode po\u010das poldenn\u00e9ho z\u00e1\u017eitku.[\/vc_column_text][\/vc_accordion_tab][vc_accordion_tab gutter_size=&#8220;2&#8243; column_padding=&#8220;2&#8243; title=&#8220;Do akej h\u013abky sa budeme pot\u00e1pa\u0165?&#8220; tab_id=&#8220;1771602542243-2-1&#8243;][vc_column_text text_color=&#8220;color-xsdn&#8220; uncode_shortcode_id=&#8220;129373&#8243; text_color_type=&#8220;uncode-palette&#8220;]H\u013abka z\u00e1vis\u00ed od va\u0161ej \u00farovne certifik\u00e1cie a morsk\u00fdch podmienok. <a href=\"https:\/\/sonydivecenter.com\/sk\/kurz-padi-open-water-santa-marta\/\">PADI Open Water Divers<\/a> sa pot\u00e1pa do maxim\u00e1lne 18 metrov, zatia\u013e \u010do <a href=\"https:\/\/sonydivecenter.com\/sk\/kurz-padi-advanced-open-water-diver-santa-marta\/\">PADI Advanced Open Water Divers<\/a> m\u00f4\u017ee \u00eds\u0165 a\u017e do 30 metrov. E\u0161te nie ste certifikovan\u00fd? Pozrite si na\u0161e <a href=\"https:\/\/sonydivecenter.com\/sk\/objavte-potapanie-santa-marta\/\">Objavte Pot\u00e1panie.<\/a>[\/vc_column_text][\/vc_accordion_tab][vc_accordion_tab gutter_size=&#8220;2&#8243; column_padding=&#8220;2&#8243; title=&#8220;Mus\u00edm si prinies\u0165 vlastn\u00e9 vybavenie?&#8220; tab_id=&#8220;1771602544365-4-8&#8243;][vc_column_text text_color=&#8220;color-xsdn&#8220; uncode_shortcode_id=&#8220;888644&#8243; text_color_type=&#8220;uncode-palette&#8220;]Nie. Kompletn\u00e9 pot\u00e1pa\u010dsk\u00e9 vybavenie je k dispoz\u00edcii v pr\u00edpade potreby.[\/vc_column_text][\/vc_accordion_tab][vc_accordion_tab gutter_size=&#8220;2&#8243; column_padding=&#8220;2&#8243; title=&#8220;\u010co ak je N\u00e1rodn\u00fd park Tayrona do\u010dasne zatvoren\u00fd?&#8220; tab_id=&#8220;1771602543231-3-8&#8243;][vc_column_text text_color=&#8220;color-xsdn&#8220; uncode_shortcode_id=&#8220;120131&#8243; text_color_type=&#8220;uncode-palette&#8220;]Ak je Tayrona do\u010dasne zatvoren\u00e1, pot\u00e1pame sa na alternat\u00edvnych miestach bl\u00edzko Tagangy, ktor\u00e9 pon\u00fakaj\u00fa vynikaj\u00faci z\u00e1\u017eitok s \u00fatesmi a morsk\u00fdm \u017eivotom.[\/vc_column_text][\/vc_accordion_tab][vc_accordion_tab gutter_size=&#8220;2&#8243; column_padding=&#8220;2&#8243; title=&#8220;\u010co sa stane ak sa zmenia poveternostn\u00e9 podmienky?&#8220; tab_id=&#8220;1771602835295-5-10&#8243;][vc_column_text text_color=&#8220;color-xsdn&#8220; uncode_shortcode_id=&#8220;276321&#8243; text_color_type=&#8220;uncode-palette&#8220;]Bezpe\u010dnos\u0165 je na prvom mieste. Ak morsk\u00e9 podmienky nie s\u00fa vhodn\u00e9, presunieme term\u00edn alebo uprav\u00edme miesta ponorov pod\u013ea potreby.[\/vc_column_text][\/vc_accordion_tab][\/vc_accordion][\/vc_column][\/vc_row][vc_row row_height_percent=&#8220;0&#8243; override_padding=&#8220;yes&#8220; h_padding=&#8220;2&#8243; top_padding=&#8220;4&#8243; bottom_padding=&#8220;3&#8243; back_color=&#8220;color-nhtu&#8220; overlay_alpha=&#8220;50&#8243; gutter_size=&#8220;3&#8243; column_width_percent=&#8220;100&#8243; shift_y=&#8220;0&#8243; z_index=&#8220;0&#8243; content_parallax=&#8220;0&#8243; uncode_shortcode_id=&#8220;845948&#8243; back_color_type=&#8220;uncode-palette&#8220;][vc_column column_width_percent=&#8220;100&#8243; align_horizontal=&#8220;align_center&#8220; gutter_size=&#8220;3&#8243; overlay_alpha=&#8220;50&#8243; shift_x=&#8220;0&#8243; shift_y=&#8220;0&#8243; shift_y_down=&#8220;0&#8243; z_index=&#8220;0&#8243; medium_width=&#8220;0&#8243; mobile_width=&#8220;0&#8243; width=&#8220;1\/1&#8243; uncode_shortcode_id=&#8220;925972&#8243;][vc_custom_heading heading_semantic=&#8220;h3&#8243; text_weight=&#8220;500&#8243; uncode_shortcode_id=&#8220;422559&#8243;]<span class=\"font-159771\"><strong>Pot\u00e1pajte sa v Santa Marte pokojne.<\/strong><\/span>[\/vc_custom_heading][vc_empty_space empty_h=&#8220;2&#8243;][vc_button button_color=&#8220;color-nhtu&#8220; hover_fx=&#8220;outlined&#8220; outline=&#8220;yes&#8220; text_skin=&#8220;yes&#8220; border_width=&#8220;0&#8243; scale_mobile=&#8220;no&#8220; link=&#8220;url:https%3A%2F%2Fwa.me%2F573137981097%2F%3Ftext%3DI%2520want%2520more%2520info%2520about%2520the%2520Open%2520Water%2520Diver%2520course%2C%2520please%21|title:Open%20Water%20Diver|&#8220; uncode_shortcode_id=&#8220;999603&#8243; el_class=&#8220;btn-light&#8220; button_color_type=&#8220;uncode-palette&#8220;]Rezervujte si v\u00e1\u0161 Fun Dive[\/vc_button][vc_empty_space empty_h=&#8220;3&#8243;][\/vc_column][\/vc_row][vc_row][vc_column][vc_column_text]<\/p>\n<p>[\/vc_column_text][\/vc_column][\/vc_row]<\/p>\n<\/div>","protected":false},"excerpt":{"rendered":"<p>[vc_row row_height_percent=&#8220;0&#8243; override_padding=&#8220;yes&#8220; h_padding=&#8220;2&#8243; top_padding=&#8220;2&#8243; bottom_padding=&#8220;2&#8243; overlay_color=&#8220;color-nhtu&#8220; overlay_alpha=&#8220;100&#8243; gutter_size=&#8220;3&#8243; column_width_percent=&#8220;100&#8243; shift_y=&#8220;0&#8243; shift_y_fixed=&#8220;yes&#8220; z_index=&#8220;0&#8243; content_parallax=&#8220;0&#8243; uncode_shortcode_id=&#8220;133524&#8243; overlay_color_type=&#8220;uncode-palette&#8220;][vc_column column_width_percent=&#8220;100&#8243; gutter_size=&#8220;2&#8243; overlay_alpha=&#8220;50&#8243; shift_x=&#8220;0&#8243; [&hellip;]<\/p>\n","protected":false},"author":1,"featured_media":0,"parent":0,"menu_order":0,"comment_status":"closed","ping_status":"closed","template":"","meta":{"footnotes":""},"class_list":["post-1931","page","type-page","status-publish","hentry"],"_links":{"self":[{"href":"https:\/\/sonydivecenter.com\/sk\/wp-json\/wp\/v2\/pages\/1931","targetHints":{"allow":["GET"]}}],"collection":[{"href":"https:\/\/sonydivecenter.com\/sk\/wp-json\/wp\/v2\/pages"}],"about":[{"href":"https:\/\/sonydivecenter.com\/sk\/wp-json\/wp\/v2\/types\/page"}],"author":[{"embeddable":true,"href":"https:\/\/sonydivecenter.com\/sk\/wp-json\/wp\/v2\/users\/1"}],"replies":[{"embeddable":true,"href":"https:\/\/sonydivecenter.com\/sk\/wp-json\/wp\/v2\/comments?post=1931"}],"version-history":[{"count":6,"href":"https:\/\/sonydivecenter.com\/sk\/wp-json\/wp\/v2\/pages\/1931\/revisions"}],"predecessor-version":[{"id":2036,"href":"https:\/\/sonydivecenter.com\/sk\/wp-json\/wp\/v2\/pages\/1931\/revisions\/2036"}],"wp:attachment":[{"href":"https:\/\/sonydivecenter.com\/sk\/wp-json\/wp\/v2\/media?parent=1931"}],"curies":[{"name":"wp","href":"https:\/\/api.w.org\/{rel}","templated":true}]}}