{"id":1909,"date":"2026-02-21T10:37:37","date_gmt":"2026-02-21T15:37:37","guid":{"rendered":"https:\/\/sonydivecenter.com\/kurz-padi-advanced-open-water-diver-santa-marta\/"},"modified":"2026-03-11T16:06:58","modified_gmt":"2026-03-11T21:06:58","slug":"kurz-padi-advanced-open-water-diver-santa-marta","status":"publish","type":"page","link":"https:\/\/sonydivecenter.com\/sk\/kurz-padi-advanced-open-water-diver-santa-marta\/","title":{"rendered":"Kurz PADI Advanced Open Water Diver Santa Marta"},"content":{"rendered":"<div class=\"wpb-content-wrapper\"><p>[vc_row row_height_percent=&#8220;0&#8243; override_padding=&#8220;yes&#8220; h_padding=&#8220;2&#8243; top_padding=&#8220;2&#8243; bottom_padding=&#8220;2&#8243; overlay_color=&#8220;color-nhtu&#8220; overlay_alpha=&#8220;100&#8243; gutter_size=&#8220;3&#8243; column_width_percent=&#8220;100&#8243; shift_y=&#8220;0&#8243; shift_y_fixed=&#8220;yes&#8220; z_index=&#8220;0&#8243; content_parallax=&#8220;0&#8243; uncode_shortcode_id=&#8220;133524&#8243; overlay_color_type=&#8220;uncode-palette&#8220;][vc_column column_width_percent=&#8220;100&#8243; gutter_size=&#8220;2&#8243; overlay_alpha=&#8220;50&#8243; shift_x=&#8220;0&#8243; shift_y=&#8220;0&#8243; shift_y_down=&#8220;0&#8243; z_index=&#8220;0&#8243; medium_width=&#8220;0&#8243; mobile_width=&#8220;0&#8243; width=&#8220;3\/4&#8243; uncode_shortcode_id=&#8220;211484&#8243;][vc_custom_heading heading_semantic=&#8220;h1&#8243; text_font=&#8220;font-159771&#8243; text_size=&#8220;custom&#8220; text_weight=&#8220;700&#8243; text_transform=&#8220;uppercase&#8220; heading_display=&#8220;inline&#8220; sub_lead=&#8220;yes&#8220; uncode_shortcode_id=&#8220;119666&#8243; heading_custom_size=&#8220;72px&#8220;]<\/p>\n<h1 data-rm-block-id=\"block-2\">Kurz PADI Advanced Open Water Diver Santa Marta<\/h1>\n<p>[\/vc_custom_heading][vc_column_text text_color=&#8220;accent&#8220; uncode_shortcode_id=&#8220;211831&#8243; text_color_type=&#8220;uncode-palette&#8220;]<\/p>\n<p data-pm-slice=\"1 1 []\">Ponor sa hlb\u0161ie. Zlep\u0161i svoje vztlakovanie. Naviguj s istotou.  <\/p>\n<p>[\/vc_column_text][\/vc_column][\/vc_row][vc_row row_height_percent=&#8220;0&#8243; override_padding=&#8220;yes&#8220; h_padding=&#8220;2&#8243; top_padding=&#8220;3&#8243; bottom_padding=&#8220;3&#8243; overlay_alpha=&#8220;50&#8243; equal_height=&#8220;yes&#8220; gutter_size=&#8220;4&#8243; column_width_percent=&#8220;100&#8243; shift_y=&#8220;0&#8243; z_index=&#8220;0&#8243; content_parallax=&#8220;0&#8243; uncode_shortcode_id=&#8220;148446&#8243;][vc_column column_width_percent=&#8220;100&#8243; position_vertical=&#8220;middle&#8220; gutter_size=&#8220;3&#8243; overlay_alpha=&#8220;50&#8243; shift_x=&#8220;0&#8243; shift_y=&#8220;0&#8243; shift_y_down=&#8220;0&#8243; z_index=&#8220;0&#8243; medium_width=&#8220;0&#8243; mobile_width=&#8220;0&#8243; width=&#8220;1\/2&#8243; uncode_shortcode_id=&#8220;128093&#8243;][vc_column_text uncode_shortcode_id=&#8220;309984&#8243;]<img decoding=\"async\" src=\"https:\/\/sonydivecenter.com\/wp-content\/uploads\/2026\/02\/GOPR6287-scaled.jpg\" alt=\"Kurz PADI Advanced Open Water Diver v Santa Marte\" title=\"\">[\/vc_column_text][\/vc_column][vc_column column_width_percent=&#8220;100&#8243; position_vertical=&#8220;middle&#8220; gutter_size=&#8220;1&#8243; overlay_alpha=&#8220;50&#8243; shift_x=&#8220;0&#8243; shift_y=&#8220;0&#8243; shift_y_down=&#8220;0&#8243; z_index=&#8220;0&#8243; medium_width=&#8220;0&#8243; mobile_width=&#8220;0&#8243; width=&#8220;1\/2&#8243; uncode_shortcode_id=&#8220;966470&#8243;][vc_column_text uncode_shortcode_id=&#8220;121615&#8243;]<\/p>\n<p data-pm-slice=\"1 1 []\">Posu\u0148 svoje zru\u010dnosti \u010falej.<\/p>\n<p>[\/vc_column_text][vc_column_text text_lead=&#8220;yes&#8220; text_color=&#8220;accent&#8220; uncode_shortcode_id=&#8220;859408&#8243; text_color_type=&#8220;uncode-palette&#8220;]<strong><span class=\"font-537826\">$1.500.000 COP<\/span><\/strong>[\/vc_column_text][vc_column_text text_lead=&#8220;yes&#8220; uncode_shortcode_id=&#8220;148263&#8243;]<span class=\"font-537826\">5 PONOROV \u2022 2 DNI<\/span>[\/vc_column_text][vc_empty_space empty_h=&#8220;1&#8243;][vc_column_text uncode_shortcode_id=&#8220;121986&#8243;]<\/p>\n<p data-pm-slice=\"0 0 []\"><span class=\"font-537826\">Pokro\u010dil\u00fd kurz pot\u00e1pania PADI Advanced Open Water Diver v Santa Marte je ur\u010den\u00fd pre certifikovan\u00fdch pot\u00e1pa\u010dov, ktor\u00ed chc\u00fa preh\u013abi\u0165 svoje zru\u010dnosti a roz\u0161\u00edri\u0165 svoj dosah pod vodou.<\/span><\/p>\n<p><span class=\"font-537826\">Absolvujete p\u00e4\u0165 dobrodru\u017en\u00fdch ponorov vr\u00e1tane Hlbok\u00e9ho ponoru a Podvodnej navig\u00e1cie, plus tri \u0161peci\u00e1lne ponory pod\u013ea vlastn\u00e9ho v\u00fdberu. Ka\u017ed\u00fd ponor sa zameriava na re\u00e1lny rozvoj zru\u010dnost\u00ed &#8211; zdokona\u013eovanie vztlakovania, zlep\u0161ovanie navig\u00e1cie a zvy\u0161ovanie povedomia o h\u013abke v re\u00e1lnych podmienkach oce\u00e1nu. <\/span><\/p>\n<p><span class=\"font-537826\">Nie je \u017eiadna z\u00e1vere\u010dn\u00e1 sk\u00fa\u0161ka. Pokro\u010dil\u00fd kurz pot\u00e1pania v Santa Marte sa zameriava na praktick\u00fa progresiu, pokro\u010dil\u00e9 techniky a budovanie sebavedom\u00fdch a nez\u00e1visl\u00fdch pot\u00e1pa\u010dov pripraven\u00fdch objavova\u0165 za hranicou 18 metrov. <\/span>[\/vc_column_text][vc_empty_space empty_h=&#8220;2&#8243;][vc_button button_color=&#8220;color-nhtu&#8220; hover_fx=&#8220;outlined&#8220; outline=&#8220;yes&#8220; text_skin=&#8220;yes&#8220; border_width=&#8220;0&#8243; scale_mobile=&#8220;no&#8220; link=&#8220;url:https%3A%2F%2Fwa.me%2F573137981097%2F%3Ftext%3DI%2520want%2520more%2520info%2520about%2520the%2520Open%2520Water%2520Diver%2520course%2C%2520please%21|title:Open%20Water%20Diver|&#8220; uncode_shortcode_id=&#8220;933696&#8243; el_class=&#8220;btn-light&#8220; button_color_type=&#8220;uncode-palette&#8220;]Za\u010dni svoj Kurz[\/vc_button][\/vc_column][\/vc_row][vc_row row_height_percent=&#8220;0&#8243; override_padding=&#8220;yes&#8220; h_padding=&#8220;1&#8243; top_padding=&#8220;1&#8243; bottom_padding=&#8220;1&#8243; back_color=&#8220;color-nhtu&#8220; overlay_alpha=&#8220;50&#8243; gutter_size=&#8220;3&#8243; column_width_percent=&#8220;100&#8243; shift_y=&#8220;0&#8243; z_index=&#8220;0&#8243; content_parallax=&#8220;0&#8243; uncode_shortcode_id=&#8220;488700&#8243; el_class=&#8220;test-three&#8220; back_color_type=&#8220;uncode-palette&#8220;][vc_column column_width_percent=&#8220;85&#8243; gutter_size=&#8220;3&#8243; override_padding=&#8220;yes&#8220; column_padding=&#8220;3&#8243; back_color=&#8220;color-nhtu&#8220; overlay_alpha=&#8220;50&#8243; shift_x=&#8220;0&#8243; shift_y=&#8220;0&#8243; shift_y_down=&#8220;0&#8243; z_index=&#8220;0&#8243; medium_width=&#8220;0&#8243; mobile_width=&#8220;0&#8243; width=&#8220;1\/1&#8243; uncode_shortcode_id=&#8220;599573&#8243; back_color_type=&#8220;uncode-palette&#8220;][vc_row_inner row_inner_height_percent=&#8220;0&#8243; overlay_alpha=&#8220;50&#8243; gutter_size=&#8220;1&#8243; shift_y=&#8220;0&#8243; z_index=&#8220;0&#8243; uncode_shortcode_id=&#8220;476266&#8243;][vc_column_inner column_width_percent=&#8220;100&#8243; position_vertical=&#8220;middle&#8220; gutter_size=&#8220;3&#8243; overlay_alpha=&#8220;50&#8243; shift_x=&#8220;0&#8243; shift_y=&#8220;0&#8243; shift_y_down=&#8220;0&#8243; z_index=&#8220;0&#8243; medium_width=&#8220;0&#8243; mobile_width=&#8220;0&#8243; width=&#8220;3\/4&#8243; uncode_shortcode_id=&#8220;145455&#8243;][vc_custom_heading uncode_shortcode_id=&#8220;684784&#8243;]<\/p>\n<h2 data-rm-block-id=\"block-9\"><span class=\"font-159771\"><b>Preh\u013ead kurzu<\/b><\/span><\/h2>\n<p>[\/vc_custom_heading][uncode_list uncode_shortcode_id=&#8220;156318&#8243;]<\/p>\n<ul>\n<li data-rm-block-id=\"block-11\"><strong style=\"color: #aed8f4;\">Miesto:<\/strong> Taganga, Santa Marta, Kolumbia<\/li>\n<li data-rm-block-id=\"block-12\"><strong style=\"color: #aed8f4;\">Trvanie:<\/strong> 2 dni (flexibiln\u00fd rozvrh)<\/li>\n<li data-rm-block-id=\"block-13\"><strong style=\"color: #aed8f4;\">Maxim\u00e1lna h\u013abka: <\/strong>30m\/100 st\u00f4p<\/li>\n<li data-rm-block-id=\"block-14\"><strong style=\"color: #aed8f4;\">Minim\u00e1lny vek: <\/strong>12 rokov<\/li>\n<li data-rm-block-id=\"block-15\"><strong style=\"color: #aed8f4;\">Ve\u013ekos\u0165 skupiny:<\/strong> Maxim\u00e1lne 2 \u0161tudenti na in\u0161truktora<\/li>\n<\/ul>\n<p>[\/uncode_list][\/vc_column_inner][\/vc_row_inner][vc_row_inner row_inner_height_percent=&#8220;0&#8243; overlay_alpha=&#8220;50&#8243; gutter_size=&#8220;1&#8243; shift_y=&#8220;0&#8243; z_index=&#8220;0&#8243; uncode_shortcode_id=&#8220;123969&#8243;][vc_column_inner column_width_percent=&#8220;100&#8243; position_vertical=&#8220;middle&#8220; gutter_size=&#8220;3&#8243; overlay_alpha=&#8220;50&#8243; shift_x=&#8220;0&#8243; shift_y=&#8220;0&#8243; shift_y_down=&#8220;0&#8243; z_index=&#8220;0&#8243; medium_width=&#8220;0&#8243; mobile_width=&#8220;0&#8243; width=&#8220;3\/4&#8243; uncode_shortcode_id=&#8220;183492&#8243;][vc_custom_heading uncode_shortcode_id=&#8220;156544&#8243;]<b>Priebeh tr\u00e9ningu<\/b>[\/vc_custom_heading][vc_column_text uncode_shortcode_id=&#8220;924308&#8243;]Pokro\u010dil\u00fd kurz pot\u00e1pania PADI Advanced Open Water Diver v Santa Marte sa riadi \u0161trukt\u00farou progresie piatich ponorov.[\/vc_column_text][uncode_list uncode_shortcode_id=&#8220;142222&#8243;]<\/p>\n<ul>\n<li data-rm-block-id=\"block-17\"><strong style=\"color: #aed8f4;\">PADI eLearning &#8211;<\/strong> online te\u00f3ria odoslan\u00e1 pred pr\u00edchodom<\/li>\n<li data-rm-block-id=\"block-18\"><strong style=\"color: #aed8f4;\">Hlbok\u00fd dobrodru\u017en\u00fd ponor <\/strong>&#8211; a\u017e do 30 metrov<\/li>\n<li data-rm-block-id=\"block-19\"><strong style=\"color: #aed8f4;\">Ponor podvodnej navig\u00e1cie<\/strong><\/li>\n<li data-rm-block-id=\"block-18\"><strong style=\"color: #aed8f4;\">3 dodato\u010dn\u00e9 dobrodru\u017en\u00e9 ponor<\/strong>y pod\u013ea vlastn\u00e9ho v\u00fdberu<\/li>\n<\/ul>\n<p>[\/uncode_list][\/vc_column_inner][\/vc_row_inner][vc_accordion typography=&#8220;advanced&#8220; sign=&#8220;plus&#8220; sign_size=&#8220;md&#8220; content_border=&#8220;yes&#8220; gutter_simple=&#8220;1&#8243; no_h_padding=&#8220;yes&#8220; active_txt_color=&#8220;color-prif&#8220; titles_size=&#8220;h3&#8243; titles_weight=&#8220;400&#8243; uncode_shortcode_id=&#8220;210539&#8243; active_tab=&#8220;0&#8243; active_txt_color_type=&#8220;uncode-palette&#8220;][vc_accordion_tab gutter_size=&#8220;2&#8243; column_padding=&#8220;0&#8243; title=&#8220;\u010co je zahrnut\u00e9&#8220; tab_id=&#8220;1671541890-1-6216728529668951715764968962d9cd-e76117402712574177&#8243;][vc_row_inner row_inner_height_percent=&#8220;0&#8243; overlay_alpha=&#8220;50&#8243; gutter_size=&#8220;1&#8243; shift_y=&#8220;0&#8243; z_index=&#8220;0&#8243; uncode_shortcode_id=&#8220;123969&#8243;][vc_column_inner column_width_percent=&#8220;100&#8243; position_vertical=&#8220;middle&#8220; gutter_size=&#8220;3&#8243; overlay_alpha=&#8220;50&#8243; shift_x=&#8220;0&#8243; shift_y=&#8220;0&#8243; shift_y_down=&#8220;0&#8243; z_index=&#8220;0&#8243; medium_width=&#8220;0&#8243; mobile_width=&#8220;0&#8243; width=&#8220;3\/4&#8243; uncode_shortcode_id=&#8220;183492&#8243;][vc_column_text uncode_shortcode_id=&#8220;136635&#8243;]Ka\u017ed\u00fd pokro\u010dil\u00fd kurz pot\u00e1pania v Santa Marte so Sony Dive Center zah\u0155\u0148a:[\/vc_column_text][uncode_list larger=&#8220;yes&#8220; icon=&#8220;fa fa-media-record&#8220; icon_color=&#8220;accent&#8220; uncode_shortcode_id=&#8220;209305&#8243; icon_color_type=&#8220;uncode-palette&#8220;]<\/p>\n<ul>\n<li><span style=\"font-size: 13px;\">PADI eLearning (online te\u00f3ria)<\/span><\/li>\n<li><span style=\"font-size: 13px;\">Certifikovan\u00fd PADI in\u0161truktor<\/span><\/li>\n<li><span style=\"font-size: 13px;\">5 dobrodru\u017en\u00fdch ponorov<\/span><\/li>\n<li><span style=\"font-size: 13px;\">Kompletn\u00e9 pot\u00e1pa\u010dsk\u00e9 vybavenie<\/span><\/li>\n<li><span style=\"font-size: 13px;\">Poistenie pre pot\u00e1panie<\/span><\/li>\n<li><span style=\"font-size: 13px;\">Zdrav\u00e9 a chutn\u00e9 ob\u010derstvenie<\/span><\/li>\n<li><span style=\"font-size: 13px;\">Podvodn\u00e9 fotografie a vide\u00e1<\/span><\/li>\n<li><span style=\"font-size: 13px;\">Personalizovan\u00e1 v\u00fduka v malej skupine (max. 2 \u0161tudenti)<\/span><\/li>\n<\/ul>\n<p>[\/uncode_list][\/vc_column_inner][\/vc_row_inner][\/vc_accordion_tab][\/vc_accordion][\/vc_column][\/vc_row][vc_row row_height_percent=&#8220;0&#8243; override_padding=&#8220;yes&#8220; h_padding=&#8220;1&#8243; top_padding=&#8220;1&#8243; bottom_padding=&#8220;1&#8243; back_color=&#8220;color-wayh&#8220; overlay_alpha=&#8220;50&#8243; gutter_size=&#8220;3&#8243; column_width_percent=&#8220;100&#8243; shift_y=&#8220;0&#8243; z_index=&#8220;0&#8243; content_parallax=&#8220;0&#8243; uncode_shortcode_id=&#8220;787970&#8243; el_class=&#8220;test-three&#8220; back_color_type=&#8220;uncode-palette&#8220;][vc_column column_width_percent=&#8220;85&#8243; gutter_size=&#8220;3&#8243; override_padding=&#8220;yes&#8220; column_padding=&#8220;3&#8243; back_color=&#8220;color-wayh&#8220; overlay_alpha=&#8220;50&#8243; shift_x=&#8220;0&#8243; shift_y=&#8220;0&#8243; shift_y_down=&#8220;0&#8243; z_index=&#8220;0&#8243; medium_width=&#8220;0&#8243; mobile_width=&#8220;0&#8243; width=&#8220;1\/1&#8243; uncode_shortcode_id=&#8220;595556&#8243; back_color_type=&#8220;uncode-palette&#8220;][vc_custom_heading uncode_shortcode_id=&#8220;736835&#8243;]<\/p>\n<h2 data-rm-block-id=\"block-30\"><span class=\"font-159771\">\u010casto kladen\u00e9 ot\u00e1zky<\/span><\/h2>\n<p data-rm-block-id=\"block-31\">[\/vc_custom_heading][vc_accordion typography=&#8220;advanced&#8220; sign=&#8220;plus&#8220; sign_size=&#8220;md&#8220; content_border=&#8220;yes&#8220; gutter_simple=&#8220;1&#8243; no_h_padding=&#8220;yes&#8220; active_txt_color=&#8220;color-prif&#8220; titles_size=&#8220;h4&#8243; titles_weight=&#8220;400&#8243; uncode_shortcode_id=&#8220;378433&#8243; active_tab=&#8220;0&#8243; active_txt_color_type=&#8220;uncode-palette&#8220;][vc_accordion_tab gutter_size=&#8220;2&#8243; column_padding=&#8220;0&#8243; title=&#8220;Je potrebn\u00e1 predch\u00e1dzaj\u00faca sk\u00fasenos\u0165 s pot\u00e1pan\u00edm?&#8220; tab_id=&#8220;1671541890-1-6216728529668951715764968962d9cd-e761174027125741775&#8243;][vc_row_inner row_inner_height_percent=&#8220;0&#8243; overlay_alpha=&#8220;50&#8243; gutter_size=&#8220;1&#8243; shift_y=&#8220;0&#8243; z_index=&#8220;0&#8243; uncode_shortcode_id=&#8220;123969&#8243;][vc_column_inner column_width_percent=&#8220;100&#8243; position_vertical=&#8220;middle&#8220; gutter_size=&#8220;3&#8243; overlay_alpha=&#8220;50&#8243; shift_x=&#8220;0&#8243; shift_y=&#8220;0&#8243; shift_y_down=&#8220;0&#8243; z_index=&#8220;0&#8243; medium_width=&#8220;0&#8243; mobile_width=&#8220;0&#8243; width=&#8220;3\/4&#8243; uncode_shortcode_id=&#8220;554000&#8243;][vc_column_text uncode_shortcode_id=&#8220;428126&#8243;]\u00c1no. Pred z\u00e1pisom na pokro\u010dil\u00fd kurz pot\u00e1pania <a href=\"http:\/\/padi.com\" target=\"_blank\" rel=\"noopener\">PADI<\/a> Advanced Open Water Diver v Santa Marte mus\u00edte by\u0165 certifikovan\u00fd ako PADI <a href=\"https:\/\/sonydivecenter.com\/sk\/kurz-padi-open-water-santa-marta\/\">Open Water Diver<\/a> alebo equivalent.[\/vc_column_text][\/vc_column_inner][\/vc_row_inner][\/vc_accordion_tab][vc_accordion_tab gutter_size=&#8220;2&#8243; column_padding=&#8220;2&#8243; title=&#8220;Ako dlho trv\u00e1 kurz?&#8220; tab_id=&#8220;1771602540449-1-8&#8243;][vc_column_text text_color=&#8220;color-xsdn&#8220; uncode_shortcode_id=&#8220;106428&#8243; text_color_type=&#8220;uncode-palette&#8220;]Kurz PADI Advanced Open Water Diver v Santa Marte zvy\u010dajne trv\u00e1 2 dni a zah\u0155\u0148a p\u00e4\u0165 dobrodru\u017en\u00fdch ponorov.[\/vc_column_text][\/vc_accordion_tab][vc_accordion_tab gutter_size=&#8220;2&#8243; column_padding=&#8220;2&#8243; title=&#8220;Ak\u00e1 je maxim\u00e1lna h\u013abka po\u010das tr\u00e9ningu?&#8220; tab_id=&#8220;1771602542243-2-1&#8243;][vc_column_text text_color=&#8220;color-xsdn&#8220; uncode_shortcode_id=&#8220;177035&#8243; text_color_type=&#8220;uncode-palette&#8220;]Pokro\u010dil\u00ed pot\u00e1pa\u010di sa tr\u00e9nuj\u00fa a\u017e do 30 metrov \/ 100 st\u00f4p pod odborn\u00fdm doh\u013eadom.[\/vc_column_text][\/vc_accordion_tab][vc_accordion_tab gutter_size=&#8220;2&#8243; column_padding=&#8220;2&#8243; title=&#8220;Je tam z\u00e1vere\u010dn\u00e1 sk\u00fa\u0161ka?&#8220; tab_id=&#8220;1771691116251-7-5&#8243;][vc_column_text uncode_shortcode_id=&#8220;219309&#8243;]Nie. Pokro\u010dil\u00fd kurz pot\u00e1pania PADI Advanced Open Water Diver v Santa Marte sa zameriava na praktick\u00fd rozvoj zru\u010dnost\u00ed prostredn\u00edctvom skuto\u010dn\u00fdch ponorov namiesto z\u00e1vere\u010dnej p\u00edsomnej sk\u00fa\u0161ky.[\/vc_column_text][\/vc_accordion_tab][vc_accordion_tab gutter_size=&#8220;2&#8243; column_padding=&#8220;2&#8243; title=&#8220;\u010co ak je N\u00e1rodn\u00fd park Tayrona do\u010dasne zatvoren\u00fd?&#8220; tab_id=&#8220;1771602543231-3-8&#8243;][vc_column_text text_color=&#8220;color-xsdn&#8220; uncode_shortcode_id=&#8220;191750&#8243; text_color_type=&#8220;uncode-palette&#8220;]Ak je N\u00e1rodn\u00fd park Tayrona zatvoren\u00fd, vykon\u00e1vame tr\u00e9ningov\u00e9 ponory na alternat\u00edvnych miestach bl\u00edzko Tagangy s vhodnou h\u013abkou a podmienkami. Bezpe\u010dnos\u0165, po\u017eadovan\u00e1 h\u013abka a ciele zru\u010dnost\u00ed v\u017edy riadia v\u00fdber miesta.[\/vc_column_text][\/vc_accordion_tab][vc_accordion_tab gutter_size=&#8220;2&#8243; column_padding=&#8220;2&#8243; title=&#8220;\u010co sa stane ak sa zmenia poveternostn\u00e9 podmienky?&#8220; tab_id=&#8220;1771602835295-5-10&#8243;][vc_column_text text_color=&#8220;color-xsdn&#8220; uncode_shortcode_id=&#8220;209475&#8243; text_color_type=&#8220;uncode-palette&#8220;]Morsk\u00e9 podmienky sledujeme denne. V pr\u00edpade potreby uprav\u00edme miesta ponorov alebo presunieme term\u00edn, aby sme zabezpe\u010dili bezpe\u010dn\u00e9 a optim\u00e1lne podmienky na u\u010denie.[\/vc_column_text][\/vc_accordion_tab][vc_accordion_tab gutter_size=&#8220;2&#8243; column_padding=&#8220;2&#8243; title=&#8220;Budem certifikovan\u00fd na pot\u00e1panie po celom svete?&#8220; tab_id=&#8220;1771602897460-6-10&#8243;][vc_column_text text_color=&#8220;color-xsdn&#8220; uncode_shortcode_id=&#8220;550939&#8243; text_color_type=&#8220;uncode-palette&#8220;]\u00c1no. Po absolvovan\u00ed pokro\u010dil\u00e9ho kurzu pot\u00e1pania PADI Advanced Open Water Diver v Santa Marte sa m\u00f4\u017eete pot\u00e1pa\u0165 a\u017e do 30 metrov kdeko\u013evek na svete.[\/vc_column_text][\/vc_accordion_tab][vc_accordion_tab gutter_size=&#8220;2&#8243; column_padding=&#8220;2&#8243; title=&#8220;Ak\u00e9 \u0161peci\u00e1lne ponory si m\u00f4\u017eem vybra\u0165?&#8220; tab_id=&#8220;1771691221499-7-1&#8243;][vc_column_text uncode_shortcode_id=&#8220;596666&#8243;]Okrem Hlbok\u00e9ho a Naviga\u010dn\u00e9ho ponoru si m\u00f4\u017eete vybra\u0165 tri dobrodru\u017en\u00e9 ponory ako Maxim\u00e1lna vztlakovos\u0165, No\u010dn\u00fd, Pr\u00fadov\u00fd alebo Pr\u00edrodopisn\u00fd ponor.[\/vc_column_text][\/vc_accordion_tab][\/vc_accordion][\/vc_column][\/vc_row][vc_row row_height_percent=&#8220;0&#8243; override_padding=&#8220;yes&#8220; h_padding=&#8220;2&#8243; top_padding=&#8220;4&#8243; bottom_padding=&#8220;3&#8243; back_color=&#8220;color-nhtu&#8220; overlay_alpha=&#8220;50&#8243; gutter_size=&#8220;3&#8243; column_width_percent=&#8220;100&#8243; shift_y=&#8220;0&#8243; z_index=&#8220;0&#8243; content_parallax=&#8220;0&#8243; uncode_shortcode_id=&#8220;845948&#8243; back_color_type=&#8220;uncode-palette&#8220;][vc_column column_width_percent=&#8220;100&#8243; align_horizontal=&#8220;align_center&#8220; gutter_size=&#8220;3&#8243; overlay_alpha=&#8220;50&#8243; shift_x=&#8220;0&#8243; shift_y=&#8220;0&#8243; shift_y_down=&#8220;0&#8243; z_index=&#8220;0&#8243; medium_width=&#8220;0&#8243; mobile_width=&#8220;0&#8243; width=&#8220;1\/1&#8243; uncode_shortcode_id=&#8220;925972&#8243;][vc_custom_heading heading_semantic=&#8220;h3&#8243; text_weight=&#8220;500&#8243; uncode_shortcode_id=&#8220;671911&#8243;]<strong>Pot\u00e1paj sa hlb\u0161ie. Zdokona\u013e svoje zru\u010dnosti. Roz\u0161\u00edr svoje limity.  <\/strong>[\/vc_custom_heading][vc_empty_space empty_h=&#8220;2&#8243;][vc_button button_color=&#8220;color-nhtu&#8220; hover_fx=&#8220;outlined&#8220; outline=&#8220;yes&#8220; text_skin=&#8220;yes&#8220; border_width=&#8220;0&#8243; scale_mobile=&#8220;no&#8220; link=&#8220;url:https%3A%2F%2Fwa.me%2F573137981097%2F%3Ftext%3DI%2520want%2520more%2520info%2520about%2520the%2520Open%2520Water%2520Diver%2520course%2C%2520please%21|title:Open%20Water%20Diver|&#8220; uncode_shortcode_id=&#8220;933696&#8243; el_class=&#8220;btn-light&#8220; button_color_type=&#8220;uncode-palette&#8220;]Za\u010dni svoj Kurz[\/vc_button][vc_empty_space empty_h=&#8220;3&#8243;][\/vc_column][\/vc_row][vc_row][vc_column][vc_column_text]<\/p>\n<p>[\/vc_column_text][\/vc_column][\/vc_row]<\/p>\n<\/div>","protected":false},"excerpt":{"rendered":"<p>[vc_row row_height_percent=&#8220;0&#8243; override_padding=&#8220;yes&#8220; h_padding=&#8220;2&#8243; top_padding=&#8220;2&#8243; bottom_padding=&#8220;2&#8243; overlay_color=&#8220;color-nhtu&#8220; overlay_alpha=&#8220;100&#8243; gutter_size=&#8220;3&#8243; column_width_percent=&#8220;100&#8243; shift_y=&#8220;0&#8243; shift_y_fixed=&#8220;yes&#8220; z_index=&#8220;0&#8243; content_parallax=&#8220;0&#8243; uncode_shortcode_id=&#8220;133524&#8243; overlay_color_type=&#8220;uncode-palette&#8220;][vc_column column_width_percent=&#8220;100&#8243; gutter_size=&#8220;2&#8243; overlay_alpha=&#8220;50&#8243; shift_x=&#8220;0&#8243; [&hellip;]<\/p>\n","protected":false},"author":1,"featured_media":0,"parent":0,"menu_order":0,"comment_status":"closed","ping_status":"closed","template":"","meta":{"footnotes":""},"class_list":["post-1909","page","type-page","status-publish","hentry"],"_links":{"self":[{"href":"https:\/\/sonydivecenter.com\/sk\/wp-json\/wp\/v2\/pages\/1909","targetHints":{"allow":["GET"]}}],"collection":[{"href":"https:\/\/sonydivecenter.com\/sk\/wp-json\/wp\/v2\/pages"}],"about":[{"href":"https:\/\/sonydivecenter.com\/sk\/wp-json\/wp\/v2\/types\/page"}],"author":[{"embeddable":true,"href":"https:\/\/sonydivecenter.com\/sk\/wp-json\/wp\/v2\/users\/1"}],"replies":[{"embeddable":true,"href":"https:\/\/sonydivecenter.com\/sk\/wp-json\/wp\/v2\/comments?post=1909"}],"version-history":[{"count":6,"href":"https:\/\/sonydivecenter.com\/sk\/wp-json\/wp\/v2\/pages\/1909\/revisions"}],"predecessor-version":[{"id":2041,"href":"https:\/\/sonydivecenter.com\/sk\/wp-json\/wp\/v2\/pages\/1909\/revisions\/2041"}],"wp:attachment":[{"href":"https:\/\/sonydivecenter.com\/sk\/wp-json\/wp\/v2\/media?parent=1909"}],"curies":[{"name":"wp","href":"https:\/\/api.w.org\/{rel}","templated":true}]}}