{"id":1890,"date":"2025-02-23T01:06:48","date_gmt":"2025-02-23T06:06:48","guid":{"rendered":"https:\/\/sonydivecenter.com\/kurz-padi-open-water-santa-marta\/"},"modified":"2026-03-11T16:08:08","modified_gmt":"2026-03-11T21:08:08","slug":"kurz-padi-open-water-santa-marta","status":"publish","type":"page","link":"https:\/\/sonydivecenter.com\/sk\/kurz-padi-open-water-santa-marta\/","title":{"rendered":"Kurz PADI Open Water Diver Santa Marta"},"content":{"rendered":"<div class=\"wpb-content-wrapper\"><p>[vc_row row_height_percent=&#8220;0&#8243; override_padding=&#8220;yes&#8220; h_padding=&#8220;2&#8243; top_padding=&#8220;2&#8243; bottom_padding=&#8220;2&#8243; overlay_color=&#8220;color-nhtu&#8220; overlay_alpha=&#8220;100&#8243; gutter_size=&#8220;3&#8243; column_width_percent=&#8220;100&#8243; shift_y=&#8220;0&#8243; shift_y_fixed=&#8220;yes&#8220; z_index=&#8220;0&#8243; content_parallax=&#8220;0&#8243; uncode_shortcode_id=&#8220;133524&#8243; overlay_color_type=&#8220;uncode-palette&#8220;][vc_column column_width_percent=&#8220;100&#8243; gutter_size=&#8220;2&#8243; overlay_alpha=&#8220;50&#8243; shift_x=&#8220;0&#8243; shift_y=&#8220;0&#8243; shift_y_down=&#8220;0&#8243; z_index=&#8220;0&#8243; medium_width=&#8220;0&#8243; mobile_width=&#8220;0&#8243; width=&#8220;3\/4&#8243; uncode_shortcode_id=&#8220;211484&#8243;][vc_custom_heading heading_semantic=&#8220;h1&#8243; text_font=&#8220;font-159771&#8243; text_size=&#8220;custom&#8220; text_weight=&#8220;700&#8243; text_transform=&#8220;uppercase&#8220; heading_display=&#8220;inline&#8220; sub_lead=&#8220;yes&#8220; uncode_shortcode_id=&#8220;227416&#8243; heading_custom_size=&#8220;72px&#8220;]<\/p>\n<h1 data-rm-block-id=\"block-2\"><span class=\"font-159771\">Kurz PADI Open Water Diver v Santa Marte<\/span><\/h1>\n<p data-rm-block-id=\"block-3\">[\/vc_custom_heading][vc_column_text text_color=&#8220;accent&#8220; uncode_shortcode_id=&#8220;189619&#8243; text_color_type=&#8220;uncode-palette&#8220;]<span class=\"font-537826\">Mal\u00e9 skupiny. Dvaja \u0161tudenti na in\u0161truktora. Certifik\u00e1cia v N\u00e1rodnom parku Tayrona.  <\/span>[\/vc_column_text][\/vc_column][\/vc_row][vc_row row_height_percent=&#8220;0&#8243; override_padding=&#8220;yes&#8220; h_padding=&#8220;2&#8243; top_padding=&#8220;3&#8243; bottom_padding=&#8220;3&#8243; overlay_alpha=&#8220;50&#8243; equal_height=&#8220;yes&#8220; gutter_size=&#8220;4&#8243; column_width_percent=&#8220;100&#8243; shift_y=&#8220;0&#8243; z_index=&#8220;0&#8243; content_parallax=&#8220;0&#8243; uncode_shortcode_id=&#8220;148446&#8243;][vc_column column_width_percent=&#8220;100&#8243; position_vertical=&#8220;middle&#8220; gutter_size=&#8220;3&#8243; overlay_alpha=&#8220;50&#8243; shift_x=&#8220;0&#8243; shift_y=&#8220;0&#8243; shift_y_down=&#8220;0&#8243; z_index=&#8220;0&#8243; medium_width=&#8220;0&#8243; mobile_width=&#8220;0&#8243; width=&#8220;1\/2&#8243; uncode_shortcode_id=&#8220;128093&#8243;][vc_column_text uncode_shortcode_id=&#8220;116340&#8243;]<img decoding=\"async\" src=\"https:\/\/sonydivecenter.com\/wp-content\/uploads\/2026\/02\/IMG_6961-scaled.jpg\" alt=\"Kurz PADI Open Water Diver v Santa Marte\" title=\"\">[\/vc_column_text][\/vc_column][vc_column column_width_percent=&#8220;100&#8243; position_vertical=&#8220;middle&#8220; gutter_size=&#8220;1&#8243; overlay_alpha=&#8220;50&#8243; shift_x=&#8220;0&#8243; shift_y=&#8220;0&#8243; shift_y_down=&#8220;0&#8243; z_index=&#8220;0&#8243; medium_width=&#8220;0&#8243; mobile_width=&#8220;0&#8243; width=&#8220;1\/2&#8243; uncode_shortcode_id=&#8220;966470&#8243;][vc_column_text uncode_shortcode_id=&#8220;862797&#8243;]<span class=\"font-537826\">Sta\u0148 sa certifikovan\u00fdm pot\u00e1pa\u010dom<\/span>[\/vc_column_text][vc_column_text text_lead=&#8220;yes&#8220; text_color=&#8220;accent&#8220; uncode_shortcode_id=&#8220;208969&#8243; text_color_type=&#8220;uncode-palette&#8220;]<strong><span class=\"font-537826\">$1.500.000 COP<\/span><\/strong>[\/vc_column_text][vc_column_text text_lead=&#8220;yes&#8220; uncode_shortcode_id=&#8220;194280&#8243;]<span class=\"font-537826\">5 PONOROV \u2022 3 DNI<\/span>[\/vc_column_text][vc_empty_space empty_h=&#8220;1&#8243;][vc_column_text uncode_shortcode_id=&#8220;184875&#8243;]<\/p>\n<p data-start=\"447\" data-end=\"682\" data-rm-block-id=\"block-4\"><span class=\"font-537826\">Kurz PADI Open Water Diver v Santa Marte je tvoj prv\u00fd krok do podvodn\u00e9ho sveta. Po\u010das 2 a\u017e 3 dn\u00ed sa nau\u010d\u00ed\u0161 z\u00e1kladn\u00e9 zru\u010dnosti potrebn\u00e9 na bezpe\u010dn\u00e9 a sebavedom\u00e9 pot\u00e1panie \u2014 v skupin\u00e1ch maxim\u00e1lne dvoch \u0161tudentov na in\u0161truktora. <\/span><\/p>\n<p data-start=\"684\" data-end=\"894\" data-rm-block-id=\"block-5\"><span class=\"font-537826\">Za\u010d\u00ednate online te\u00f3riou a tr\u00e9ningom v baz\u00e9ne. Ke\u010f sa c\u00edtite pohodlne, absolvujete \u0161tyri ponory v oce\u00e1ne v N\u00e1rodnom parku Tayrona, kde ka\u017ed\u00fa zru\u010dnos\u0165 precvi\u010d\u00edte krok za krokom v re\u00e1lnych podmienkach. <\/span><\/p>\n<p data-start=\"896\" data-end=\"1006\" data-rm-block-id=\"block-6\"><span class=\"font-537826\">Nie je to uspechan\u00fd kurz pot\u00e1pania. Je to pokojn\u00e1, s\u00fastreden\u00e1 v\u00fduka navrhnut\u00e1 tak, aby ste pod vodou z\u00edskali skuto\u010dn\u00fa sebad\u00f4veru.<\/span><\/p>\n<p data-start=\"1008\" data-end=\"1095\" data-rm-block-id=\"block-7\"><span class=\"font-537826\">Po certifik\u00e1cii budete m\u00f4c\u0165 pot\u00e1pa\u0165 kdeko\u013evek na svete do h\u013abky 18 metrov.<\/span><\/p>\n<p data-rm-block-id=\"block-8\">[\/vc_column_text][vc_empty_space empty_h=&#8220;2&#8243;][vc_button button_color=&#8220;color-nhtu&#8220; hover_fx=&#8220;outlined&#8220; outline=&#8220;yes&#8220; text_skin=&#8220;yes&#8220; border_width=&#8220;0&#8243; scale_mobile=&#8220;no&#8220; link=&#8220;url:https%3A%2F%2Fwa.me%2F573137981097%2F%3Ftext%3DI%2520want%2520more%2520info%2520about%2520the%2520Open%2520Water%2520Diver%2520course%2C%2520please%21|title:Open%20Water%20Diver|&#8220; uncode_shortcode_id=&#8220;933696&#8243; el_class=&#8220;btn-light&#8220; button_color_type=&#8220;uncode-palette&#8220;]Za\u010dni svoj Kurz[\/vc_button][\/vc_column][\/vc_row][vc_row row_height_percent=&#8220;0&#8243; override_padding=&#8220;yes&#8220; h_padding=&#8220;1&#8243; top_padding=&#8220;1&#8243; bottom_padding=&#8220;1&#8243; back_color=&#8220;color-nhtu&#8220; overlay_alpha=&#8220;50&#8243; gutter_size=&#8220;3&#8243; column_width_percent=&#8220;100&#8243; shift_y=&#8220;0&#8243; z_index=&#8220;0&#8243; content_parallax=&#8220;0&#8243; uncode_shortcode_id=&#8220;488700&#8243; el_class=&#8220;test-three&#8220; back_color_type=&#8220;uncode-palette&#8220;][vc_column column_width_percent=&#8220;85&#8243; gutter_size=&#8220;3&#8243; override_padding=&#8220;yes&#8220; column_padding=&#8220;3&#8243; back_color=&#8220;color-nhtu&#8220; overlay_alpha=&#8220;50&#8243; shift_x=&#8220;0&#8243; shift_y=&#8220;0&#8243; shift_y_down=&#8220;0&#8243; z_index=&#8220;0&#8243; medium_width=&#8220;0&#8243; mobile_width=&#8220;0&#8243; width=&#8220;1\/1&#8243; uncode_shortcode_id=&#8220;599573&#8243; back_color_type=&#8220;uncode-palette&#8220;][vc_row_inner row_inner_height_percent=&#8220;0&#8243; overlay_alpha=&#8220;50&#8243; gutter_size=&#8220;1&#8243; shift_y=&#8220;0&#8243; z_index=&#8220;0&#8243; uncode_shortcode_id=&#8220;123969&#8243;][vc_column_inner column_width_percent=&#8220;100&#8243; position_vertical=&#8220;middle&#8220; gutter_size=&#8220;3&#8243; overlay_alpha=&#8220;50&#8243; shift_x=&#8220;0&#8243; shift_y=&#8220;0&#8243; shift_y_down=&#8220;0&#8243; z_index=&#8220;0&#8243; medium_width=&#8220;0&#8243; mobile_width=&#8220;0&#8243; width=&#8220;3\/4&#8243; uncode_shortcode_id=&#8220;183492&#8243;][vc_custom_heading uncode_shortcode_id=&#8220;170621&#8243;]<\/p>\n<h2 data-rm-block-id=\"block-9\"><span class=\"font-159771\"><b>Preh\u013ead kurzu<\/b><\/span><\/h2>\n<p>[\/vc_custom_heading][uncode_list uncode_shortcode_id=&#8220;124815&#8243;]<\/p>\n<ul>\n<li data-rm-block-id=\"block-11\"><strong style=\"color: #aed8f4;\">Miesto:<\/strong> Taganga, Santa Marta, Kolumbia<\/li>\n<li data-rm-block-id=\"block-12\"><strong style=\"color: #aed8f4;\">Trvanie: <\/strong>2 alebo 3 dni (flexibiln\u00fd rozvrh)<\/li>\n<li data-rm-block-id=\"block-13\"><strong style=\"color: #aed8f4;\">Maxim\u00e1lna h\u013abka: <\/strong>18m\/60 st\u00f4p<\/li>\n<li data-rm-block-id=\"block-14\"><strong style=\"color: #aed8f4;\">Minim\u00e1lny vek:<\/strong> 10 rokov<\/li>\n<li data-rm-block-id=\"block-15\"><strong style=\"color: #aed8f4;\">Ve\u013ekos\u0165 skupiny:<\/strong> Maxim\u00e1lne 2 \u0161tudenti na in\u0161truktora<\/li>\n<\/ul>\n<p data-rm-block-id=\"block-16\">[\/uncode_list][\/vc_column_inner][\/vc_row_inner][vc_row_inner row_inner_height_percent=&#8220;0&#8243; overlay_alpha=&#8220;50&#8243; gutter_size=&#8220;1&#8243; shift_y=&#8220;0&#8243; z_index=&#8220;0&#8243; uncode_shortcode_id=&#8220;123969&#8243;][vc_column_inner column_width_percent=&#8220;100&#8243; position_vertical=&#8220;middle&#8220; gutter_size=&#8220;3&#8243; overlay_alpha=&#8220;50&#8243; shift_x=&#8220;0&#8243; shift_y=&#8220;0&#8243; shift_y_down=&#8220;0&#8243; z_index=&#8220;0&#8243; medium_width=&#8220;0&#8243; mobile_width=&#8220;0&#8243; width=&#8220;3\/4&#8243; uncode_shortcode_id=&#8220;183492&#8243;][vc_custom_heading uncode_shortcode_id=&#8220;171545&#8243;]<b>Priebeh tr\u00e9ningu<\/b>[\/vc_custom_heading][vc_column_text uncode_shortcode_id=&#8220;112511&#8243;]Kurz PADI Open Water Diver v Santa Marte sa riadi \u0161tandardn\u00fdm trojkrokov\u00fdm tr\u00e9ningov\u00fdm postupom PADI.[\/vc_column_text][uncode_list uncode_shortcode_id=&#8220;586160&#8243;]<\/p>\n<ul>\n<li data-rm-block-id=\"block-17\"><strong style=\"color: #aed8f4;\">PADI eLearning &#8211;<\/strong> online te\u00f3ria odoslan\u00e1 pred pr\u00edchodom<\/li>\n<li data-rm-block-id=\"block-18\"><strong style=\"color: #aed8f4;\">Tr\u00e9ning v uzavretej vode<\/strong> &#8211; n\u00e1cvik v baz\u00e9ne<\/li>\n<li data-rm-block-id=\"block-19\"><strong style=\"color: #aed8f4;\">4 ponory v oce\u00e1ne <\/strong>&#8211; z lode v otvorenom mori<\/li>\n<\/ul>\n<p data-rm-block-id=\"block-20\">[\/uncode_list][\/vc_column_inner][\/vc_row_inner][vc_accordion typography=&#8220;advanced&#8220; sign=&#8220;plus&#8220; sign_size=&#8220;md&#8220; content_border=&#8220;yes&#8220; gutter_simple=&#8220;1&#8243; no_h_padding=&#8220;yes&#8220; active_txt_color=&#8220;color-prif&#8220; titles_size=&#8220;h3&#8243; titles_weight=&#8220;400&#8243; uncode_shortcode_id=&#8220;210539&#8243; active_tab=&#8220;0&#8243; active_txt_color_type=&#8220;uncode-palette&#8220;][vc_accordion_tab gutter_size=&#8220;2&#8243; column_padding=&#8220;0&#8243; title=&#8220;\u010co je zahrnut\u00e9&#8220; tab_id=&#8220;1671541890-1-6216728529668951715764968962d9cd-e76117402712574177&#8243;][vc_row_inner row_inner_height_percent=&#8220;0&#8243; overlay_alpha=&#8220;50&#8243; gutter_size=&#8220;1&#8243; shift_y=&#8220;0&#8243; z_index=&#8220;0&#8243; uncode_shortcode_id=&#8220;123969&#8243;][vc_column_inner column_width_percent=&#8220;100&#8243; position_vertical=&#8220;middle&#8220; gutter_size=&#8220;3&#8243; overlay_alpha=&#8220;50&#8243; shift_x=&#8220;0&#8243; shift_y=&#8220;0&#8243; shift_y_down=&#8220;0&#8243; z_index=&#8220;0&#8243; medium_width=&#8220;0&#8243; mobile_width=&#8220;0&#8243; width=&#8220;3\/4&#8243; uncode_shortcode_id=&#8220;183492&#8243;][vc_column_text uncode_shortcode_id=&#8220;182523&#8243;]Ka\u017ed\u00fd kurz PADI Open Water Diver v Santa Marte so Sony Dive Center zah\u0155\u0148a:[\/vc_column_text][uncode_list icon=&#8220;fa fa-media-record&#8220; icon_color=&#8220;accent&#8220; uncode_shortcode_id=&#8220;113565&#8243; icon_color_type=&#8220;uncode-palette&#8220;]<\/p>\n<ul>\n<li><span style=\"font-size: 13px;\">PADI eLearning (online te\u00f3ria)<\/span><\/li>\n<li><span style=\"font-size: 13px;\">Tr\u00e9ningov\u00e1 session v uzavretej vode (baz\u00e9n alebo pl\u00e1\u017e)<\/span><\/li>\n<li><span style=\"font-size: 13px;\"><span style=\"font-size: 13px;\">4 ponory v oce\u00e1ne z lode<\/span><\/span><\/li>\n<li><span style=\"font-size: 13px;\">Kompletn\u00e9 pot\u00e1pa\u010dsk\u00e9 vybavenie<\/span><\/li>\n<li><span style=\"font-size: 13px;\">Poistenie pre pot\u00e1panie<\/span><\/li>\n<li><span style=\"font-size: 13px;\">Zdrav\u00e9 a chutn\u00e9 ob\u010derstvenie<\/span><\/li>\n<li><span style=\"font-size: 13px;\">Podvodn\u00e9 fotografie a vide\u00e1<\/span><\/li>\n<li><span style=\"font-size: 13px;\">Personalizovan\u00e1 v\u00fduka v malej skupine (max. 2 \u0161tudenti)<\/span><\/li>\n<\/ul>\n<p>[\/uncode_list][\/vc_column_inner][\/vc_row_inner][\/vc_accordion_tab][\/vc_accordion][\/vc_column][\/vc_row][vc_row row_height_percent=&#8220;0&#8243; override_padding=&#8220;yes&#8220; h_padding=&#8220;1&#8243; top_padding=&#8220;1&#8243; bottom_padding=&#8220;1&#8243; back_color=&#8220;color-wayh&#8220; overlay_alpha=&#8220;50&#8243; gutter_size=&#8220;3&#8243; column_width_percent=&#8220;100&#8243; shift_y=&#8220;0&#8243; z_index=&#8220;0&#8243; content_parallax=&#8220;0&#8243; uncode_shortcode_id=&#8220;787970&#8243; el_class=&#8220;test-three&#8220; back_color_type=&#8220;uncode-palette&#8220;][vc_column column_width_percent=&#8220;85&#8243; gutter_size=&#8220;3&#8243; override_padding=&#8220;yes&#8220; column_padding=&#8220;3&#8243; back_color=&#8220;color-wayh&#8220; overlay_alpha=&#8220;50&#8243; shift_x=&#8220;0&#8243; shift_y=&#8220;0&#8243; shift_y_down=&#8220;0&#8243; z_index=&#8220;0&#8243; medium_width=&#8220;0&#8243; mobile_width=&#8220;0&#8243; width=&#8220;1\/1&#8243; uncode_shortcode_id=&#8220;595556&#8243; back_color_type=&#8220;uncode-palette&#8220;][vc_custom_heading uncode_shortcode_id=&#8220;736835&#8243;]<\/p>\n<h2 data-rm-block-id=\"block-30\"><span class=\"font-159771\">\u010casto kladen\u00e9 ot\u00e1zky<\/span><\/h2>\n<p data-rm-block-id=\"block-31\">[\/vc_custom_heading][vc_accordion typography=&#8220;advanced&#8220; sign=&#8220;plus&#8220; sign_size=&#8220;md&#8220; content_border=&#8220;yes&#8220; gutter_simple=&#8220;1&#8243; no_h_padding=&#8220;yes&#8220; active_txt_color=&#8220;color-prif&#8220; titles_size=&#8220;h4&#8243; titles_weight=&#8220;400&#8243; uncode_shortcode_id=&#8220;378433&#8243; active_tab=&#8220;0&#8243; active_txt_color_type=&#8220;uncode-palette&#8220;][vc_accordion_tab gutter_size=&#8220;2&#8243; column_padding=&#8220;0&#8243; title=&#8220;Je potrebn\u00e1 predch\u00e1dzaj\u00faca sk\u00fasenos\u0165 s pot\u00e1pan\u00edm?&#8220; tab_id=&#8220;1671541890-1-6216728529668951715764968962d9cd-e761174027125741775&#8243;][vc_row_inner row_inner_height_percent=&#8220;0&#8243; overlay_alpha=&#8220;50&#8243; gutter_size=&#8220;1&#8243; shift_y=&#8220;0&#8243; z_index=&#8220;0&#8243; uncode_shortcode_id=&#8220;123969&#8243;][vc_column_inner column_width_percent=&#8220;100&#8243; position_vertical=&#8220;middle&#8220; gutter_size=&#8220;3&#8243; overlay_alpha=&#8220;50&#8243; shift_x=&#8220;0&#8243; shift_y=&#8220;0&#8243; shift_y_down=&#8220;0&#8243; z_index=&#8220;0&#8243; medium_width=&#8220;0&#8243; mobile_width=&#8220;0&#8243; width=&#8220;3\/4&#8243; uncode_shortcode_id=&#8220;554000&#8243;][vc_column_text uncode_shortcode_id=&#8220;768223&#8243;]Nie. Kurz PADI Open Water Diver v Santa Marte je ur\u010den\u00fd pre za\u010diato\u010dn\u00edkov. Za\u010d\u00ednate online te\u00f3riou a tr\u00e9ningom v baz\u00e9ne pred prv\u00fdmi ponormi v oce\u00e1ne.[\/vc_column_text][\/vc_column_inner][\/vc_row_inner][\/vc_accordion_tab][vc_accordion_tab gutter_size=&#8220;2&#8243; column_padding=&#8220;2&#8243; title=&#8220;Ako dlho trv\u00e1 kurz?&#8220; tab_id=&#8220;1771602540449-1-8&#8243;][vc_column_text text_color=&#8220;color-xsdn&#8220; uncode_shortcode_id=&#8220;769917&#8243; text_color_type=&#8220;uncode-palette&#8220;]Kurz PADI Open Water Diver v Santa Marte trv\u00e1 2 a\u017e 3 dni, v z\u00e1vislosti od rozvrhu a morsk\u00fdch podmienok. PADI eLearning sa absolvuje online pred pr\u00edchodom.[\/vc_column_text][\/vc_accordion_tab][vc_accordion_tab gutter_size=&#8220;2&#8243; column_padding=&#8220;2&#8243; title=&#8220;Ak\u00e1 je maxim\u00e1lna h\u013abka po\u010das tr\u00e9ningu?&#8220; tab_id=&#8220;1771602542243-2-1&#8243;][vc_column_text text_color=&#8220;color-xsdn&#8220; uncode_shortcode_id=&#8220;961282&#8243; text_color_type=&#8220;uncode-palette&#8220;]Maxim\u00e1lna tr\u00e9ningov\u00e1 h\u013abka po\u010das kurzu PADI Open Water Diver v Santa Marte je 18 metrov (60 st\u00f4p), v s\u00falade so \u0161tandardmi PADI.[\/vc_column_text][\/vc_accordion_tab][vc_accordion_tab gutter_size=&#8220;2&#8243; column_padding=&#8220;2&#8243; title=&#8220;\u010co ak je N\u00e1rodn\u00fd park Tayrona do\u010dasne zatvoren\u00fd?&#8220; tab_id=&#8220;1771602543231-3-8&#8243;][vc_column_text text_color=&#8220;color-xsdn&#8220; uncode_shortcode_id=&#8220;171032&#8243; text_color_type=&#8220;uncode-palette&#8220;]Tr\u00e9ning pokra\u010duje na alternat\u00edvnych schv\u00e1len\u00fdch pot\u00e1pa\u010dsk\u00fdch miestach v oblasti Santa Marty. \u0160trukt\u00fara kurzu, bezpe\u010dnostn\u00e9 \u0161tandardy a po\u017eiadavky na certifik\u00e1ciu zost\u00e1vaj\u00fa nezmenen\u00e9.[\/vc_column_text][\/vc_accordion_tab][vc_accordion_tab gutter_size=&#8220;2&#8243; column_padding=&#8220;2&#8243; title=&#8220;Je pot\u00e1panie bezpe\u010dn\u00e9 pre za\u010diato\u010dn\u00edkov?&#8220; tab_id=&#8220;1771602544365-4-8&#8243;][vc_column_text text_color=&#8220;color-xsdn&#8220; uncode_shortcode_id=&#8220;373892&#8243; text_color_type=&#8220;uncode-palette&#8220;]\u00c1no. Kurz sa riadi pr\u00edsnymi bezpe\u010dnostn\u00fdmi protokolmi PADI a prebieha v <a href=\"https:\/\/sonydivecenter.com\/sk\/sony-dive-center-mindful-scuba-diving-in-santa-marta\/\">mal\u00fdch skupin\u00e1ch<\/a> (maxim\u00e1lne 2 \u0161tudenti na in\u0161truktora) pre zabezpe\u010denie d\u00f4kladn\u00e9ho doh\u013eadu a kontrolovan\u00e9ho postupu.[\/vc_column_text][\/vc_accordion_tab][vc_accordion_tab gutter_size=&#8220;2&#8243; column_padding=&#8220;2&#8243; title=&#8220;\u010co sa stane ak sa zmenia poveternostn\u00e9 podmienky?&#8220; tab_id=&#8220;1771602835295-5-10&#8243;][vc_column_text text_color=&#8220;color-xsdn&#8220; uncode_shortcode_id=&#8220;173969&#8243; text_color_type=&#8220;uncode-palette&#8220;]Bezpe\u010dnos\u0165 je v\u017edy na prvom mieste. Ak morsk\u00e9 podmienky nie s\u00fa vhodn\u00e9, ponory m\u00f4\u017eu by\u0165 presunut\u00e9, aby bol tr\u00e9ning bezpe\u010dn\u00fd a pohodln\u00fd.[\/vc_column_text][\/vc_accordion_tab][vc_accordion_tab gutter_size=&#8220;2&#8243; column_padding=&#8220;2&#8243; title=&#8220;Budem certifikovan\u00fd na pot\u00e1panie po celom svete?&#8220; tab_id=&#8220;1771602897460-6-10&#8243;][vc_column_text text_color=&#8220;color-xsdn&#8220; uncode_shortcode_id=&#8220;748541&#8243; text_color_type=&#8220;uncode-palette&#8220;]\u00c1no. Po \u00faspe\u0161nom absolvovan\u00ed kurzu PADI Open Water Diver v Santa Marte z\u00edskate medzin\u00e1rodne uzn\u00e1van\u00fa certifik\u00e1t <a href=\"http:\/\/padi.com\" target=\"_blank\" rel=\"noopener\">PADI<\/a>, ktor\u00e1 v\u00e1m umo\u017en\u00ed pot\u00e1pa\u0165 sa kdeko\u013evek na svete do h\u013abky 18 metrov.[\/vc_column_text][\/vc_accordion_tab][\/vc_accordion][\/vc_column][\/vc_row][vc_row row_height_percent=&#8220;0&#8243; override_padding=&#8220;yes&#8220; h_padding=&#8220;2&#8243; top_padding=&#8220;4&#8243; bottom_padding=&#8220;3&#8243; back_color=&#8220;color-nhtu&#8220; overlay_alpha=&#8220;50&#8243; gutter_size=&#8220;3&#8243; column_width_percent=&#8220;100&#8243; shift_y=&#8220;0&#8243; z_index=&#8220;0&#8243; content_parallax=&#8220;0&#8243; uncode_shortcode_id=&#8220;845948&#8243; back_color_type=&#8220;uncode-palette&#8220;][vc_column column_width_percent=&#8220;100&#8243; align_horizontal=&#8220;align_center&#8220; gutter_size=&#8220;3&#8243; overlay_alpha=&#8220;50&#8243; shift_x=&#8220;0&#8243; shift_y=&#8220;0&#8243; shift_y_down=&#8220;0&#8243; z_index=&#8220;0&#8243; medium_width=&#8220;0&#8243; mobile_width=&#8220;0&#8243; width=&#8220;1\/1&#8243; uncode_shortcode_id=&#8220;925972&#8243;][vc_custom_heading heading_semantic=&#8220;h3&#8243; text_weight=&#8220;500&#8243; uncode_shortcode_id=&#8220;154744&#8243;]<span class=\"font-159771\"><strong>Z\u00edskaj certifik\u00e1ciu. Buduj sebad\u00f4veru pod vodou. Pot\u00e1paj sa kdeko\u013evek na svete.  <\/strong><\/span>[\/vc_custom_heading][vc_empty_space empty_h=&#8220;2&#8243;][vc_button button_color=&#8220;color-nhtu&#8220; hover_fx=&#8220;outlined&#8220; outline=&#8220;yes&#8220; text_skin=&#8220;yes&#8220; border_width=&#8220;0&#8243; scale_mobile=&#8220;no&#8220; link=&#8220;url:https%3A%2F%2Fwa.me%2F573137981097%2F%3Ftext%3DI%2520want%2520more%2520info%2520about%2520the%2520Open%2520Water%2520Diver%2520course%2C%2520please%21|title:Open%20Water%20Diver|&#8220; uncode_shortcode_id=&#8220;933696&#8243; el_class=&#8220;btn-light&#8220; button_color_type=&#8220;uncode-palette&#8220;]Za\u010dni svoj Kurz[\/vc_button][vc_empty_space empty_h=&#8220;3&#8243;][\/vc_column][\/vc_row][vc_row][vc_column][vc_column_text]<\/p>\n<p>[\/vc_column_text][\/vc_column][\/vc_row]<\/p>\n<\/div>","protected":false},"excerpt":{"rendered":"<p>[vc_row row_height_percent=&#8220;0&#8243; override_padding=&#8220;yes&#8220; h_padding=&#8220;2&#8243; top_padding=&#8220;2&#8243; bottom_padding=&#8220;2&#8243; overlay_color=&#8220;color-nhtu&#8220; overlay_alpha=&#8220;100&#8243; gutter_size=&#8220;3&#8243; column_width_percent=&#8220;100&#8243; shift_y=&#8220;0&#8243; shift_y_fixed=&#8220;yes&#8220; z_index=&#8220;0&#8243; content_parallax=&#8220;0&#8243; uncode_shortcode_id=&#8220;133524&#8243; overlay_color_type=&#8220;uncode-palette&#8220;][vc_column column_width_percent=&#8220;100&#8243; gutter_size=&#8220;2&#8243; overlay_alpha=&#8220;50&#8243; shift_x=&#8220;0&#8243; [&hellip;]<\/p>\n","protected":false},"author":1,"featured_media":0,"parent":0,"menu_order":0,"comment_status":"closed","ping_status":"closed","template":"","meta":{"footnotes":""},"class_list":["post-1890","page","type-page","status-publish","hentry"],"_links":{"self":[{"href":"https:\/\/sonydivecenter.com\/sk\/wp-json\/wp\/v2\/pages\/1890","targetHints":{"allow":["GET"]}}],"collection":[{"href":"https:\/\/sonydivecenter.com\/sk\/wp-json\/wp\/v2\/pages"}],"about":[{"href":"https:\/\/sonydivecenter.com\/sk\/wp-json\/wp\/v2\/types\/page"}],"author":[{"embeddable":true,"href":"https:\/\/sonydivecenter.com\/sk\/wp-json\/wp\/v2\/users\/1"}],"replies":[{"embeddable":true,"href":"https:\/\/sonydivecenter.com\/sk\/wp-json\/wp\/v2\/comments?post=1890"}],"version-history":[{"count":17,"href":"https:\/\/sonydivecenter.com\/sk\/wp-json\/wp\/v2\/pages\/1890\/revisions"}],"predecessor-version":[{"id":2045,"href":"https:\/\/sonydivecenter.com\/sk\/wp-json\/wp\/v2\/pages\/1890\/revisions\/2045"}],"wp:attachment":[{"href":"https:\/\/sonydivecenter.com\/sk\/wp-json\/wp\/v2\/media?parent=1890"}],"curies":[{"name":"wp","href":"https:\/\/api.w.org\/{rel}","templated":true}]}}