{"id":1873,"date":"2026-02-21T00:09:16","date_gmt":"2026-02-21T05:09:16","guid":{"rendered":"https:\/\/sonydivecenter.com\/objavte-potapanie-santa-marta\/"},"modified":"2026-03-11T15:58:45","modified_gmt":"2026-03-11T20:58:45","slug":"objavte-potapanie-santa-marta","status":"publish","type":"page","link":"https:\/\/sonydivecenter.com\/sk\/objavte-potapanie-santa-marta\/","title":{"rendered":"Objavte Pot\u00e1panie Santa Marta"},"content":{"rendered":"<div class=\"wpb-content-wrapper\"><p>[vc_row row_height_percent=&#8220;0&#8243; override_padding=&#8220;yes&#8220; h_padding=&#8220;2&#8243; top_padding=&#8220;2&#8243; bottom_padding=&#8220;2&#8243; overlay_color=&#8220;color-nhtu&#8220; overlay_alpha=&#8220;100&#8243; gutter_size=&#8220;3&#8243; column_width_percent=&#8220;100&#8243; shift_y=&#8220;0&#8243; shift_y_fixed=&#8220;yes&#8220; z_index=&#8220;0&#8243; content_parallax=&#8220;0&#8243; uncode_shortcode_id=&#8220;133524&#8243; overlay_color_type=&#8220;uncode-palette&#8220;][vc_column column_width_percent=&#8220;100&#8243; gutter_size=&#8220;2&#8243; overlay_alpha=&#8220;50&#8243; shift_x=&#8220;0&#8243; shift_y=&#8220;0&#8243; shift_y_down=&#8220;0&#8243; z_index=&#8220;0&#8243; medium_width=&#8220;0&#8243; mobile_width=&#8220;0&#8243; width=&#8220;3\/4&#8243; uncode_shortcode_id=&#8220;211484&#8243;][vc_custom_heading heading_semantic=&#8220;h1&#8243; text_font=&#8220;font-159771&#8243; text_size=&#8220;custom&#8220; text_weight=&#8220;700&#8243; text_transform=&#8220;uppercase&#8220; heading_display=&#8220;inline&#8220; sub_lead=&#8220;yes&#8220; uncode_shortcode_id=&#8220;282069&#8243; heading_custom_size=&#8220;72px&#8220;]<\/p>\n<h1 data-rm-block-id=\"block-2\"><span class=\"font-159771\">Objavte Pot\u00e1panie v Santa Marte<\/span><\/h1>\n<p>[\/vc_custom_heading][vc_column_text text_color=&#8220;accent&#8220; uncode_shortcode_id=&#8220;514243&#8243; text_color_type=&#8220;uncode-palette&#8220;]<span class=\"font-537826\">Mal\u00e9 skupiny. Dva morsk\u00e9 ponory. Bez predch\u00e1dzaj\u00facich sk\u00fasenost\u00ed.  <\/span>[\/vc_column_text][\/vc_column][\/vc_row][vc_row row_height_percent=&#8220;0&#8243; override_padding=&#8220;yes&#8220; h_padding=&#8220;2&#8243; top_padding=&#8220;3&#8243; bottom_padding=&#8220;3&#8243; overlay_alpha=&#8220;50&#8243; equal_height=&#8220;yes&#8220; gutter_size=&#8220;4&#8243; column_width_percent=&#8220;100&#8243; shift_y=&#8220;0&#8243; z_index=&#8220;0&#8243; content_parallax=&#8220;0&#8243; uncode_shortcode_id=&#8220;148446&#8243;][vc_column column_width_percent=&#8220;100&#8243; position_vertical=&#8220;middle&#8220; gutter_size=&#8220;3&#8243; overlay_alpha=&#8220;50&#8243; shift_x=&#8220;0&#8243; shift_y=&#8220;0&#8243; shift_y_down=&#8220;0&#8243; z_index=&#8220;0&#8243; medium_width=&#8220;0&#8243; mobile_width=&#8220;0&#8243; width=&#8220;1\/2&#8243; uncode_shortcode_id=&#8220;169464&#8243;][vc_column_text uncode_shortcode_id=&#8220;788154&#8243;]<img decoding=\"async\" src=\"https:\/\/sonydivecenter.com\/wp-content\/uploads\/2026\/02\/IMG_6960-scaled.jpg\" alt=\"Objavte Pot\u00e1panie v Santa Marte\" title=\"\">[\/vc_column_text][\/vc_column][vc_column column_width_percent=&#8220;100&#8243; position_vertical=&#8220;middle&#8220; gutter_size=&#8220;1&#8243; overlay_alpha=&#8220;50&#8243; shift_x=&#8220;0&#8243; shift_y=&#8220;0&#8243; shift_y_down=&#8220;0&#8243; z_index=&#8220;0&#8243; medium_width=&#8220;0&#8243; mobile_width=&#8220;0&#8243; width=&#8220;1\/2&#8243; uncode_shortcode_id=&#8220;966470&#8243;][vc_column_text uncode_shortcode_id=&#8220;102218&#8243;]<span class=\"font-537826\">Prv\u00fd pot\u00e1pa\u010dsk\u00fd ponor<\/span>[\/vc_column_text][vc_column_text text_lead=&#8220;yes&#8220; text_color=&#8220;accent&#8220; uncode_shortcode_id=&#8220;968054&#8243; text_color_type=&#8220;uncode-palette&#8220;]<strong><span class=\"font-537826\">$350.000 COP<\/span><\/strong>[\/vc_column_text][vc_column_text text_lead=&#8220;yes&#8220; uncode_shortcode_id=&#8220;639380&#8243;]<span class=\"font-537826\">2 PONORY \u2022 POL D\u0147A<\/span>[\/vc_column_text][vc_empty_space empty_h=&#8220;1&#8243;][vc_column_text uncode_shortcode_id=&#8220;681783&#8243;]<\/p>\n<p data-start=\"633\" data-end=\"783\">Objavte Pot\u00e1panie v Santa Marte je ur\u010den\u00e9 pre za\u010diato\u010dn\u00edkov, ktor\u00ed chc\u00fa pokojn\u00fd a bezpe\u010dn\u00fd \u00favod do podvodn\u00e9ho sveta \u2013 bez predch\u00e1dzaj\u00facich sk\u00fasenost\u00ed.<\/p>\n<p data-start=\"785\" data-end=\"963\">Za\u010d\u00edname kr\u00e1tkym teoretick\u00fdm br\u00edfingom a n\u00e1cvikom v plytkej vode. Ke\u010f sa c\u00edtite pohodlne, absolvujeme dva morsk\u00e9 ponory z lode s in\u0161truktorom po va\u0161om boku. <\/p>\n<p data-start=\"735\" data-end=\"859\">Je to pokojn\u00e1, profesion\u00e1lna v\u00fduka zameran\u00e1 na bezpe\u010dnos\u0165, sebad\u00f4veru a nezabudnute\u013en\u00fd prv\u00fd n\u00e1dych pod vodou.<\/p>\n<p>[\/vc_column_text][vc_empty_space empty_h=&#8220;2&#8243;][vc_button button_color=&#8220;color-nhtu&#8220; hover_fx=&#8220;outlined&#8220; outline=&#8220;yes&#8220; text_skin=&#8220;yes&#8220; border_width=&#8220;0&#8243; scale_mobile=&#8220;no&#8220; link=&#8220;url:https%3A%2F%2Fwa.me%2F573137981097%2F%3Ftext%3DI%2520want%2520more%2520info%2520about%2520the%2520Open%2520Water%2520Diver%2520course%2C%2520please%21|title:Open%20Water%20Diver|&#8220; uncode_shortcode_id=&#8220;171197&#8243; el_class=&#8220;btn-light&#8220; button_color_type=&#8220;uncode-palette&#8220;]Rezervujte si ponor[\/vc_button][\/vc_column][\/vc_row][vc_row row_height_percent=&#8220;0&#8243; override_padding=&#8220;yes&#8220; h_padding=&#8220;1&#8243; top_padding=&#8220;1&#8243; bottom_padding=&#8220;1&#8243; back_color=&#8220;color-nhtu&#8220; overlay_alpha=&#8220;50&#8243; gutter_size=&#8220;3&#8243; column_width_percent=&#8220;100&#8243; shift_y=&#8220;0&#8243; z_index=&#8220;0&#8243; content_parallax=&#8220;0&#8243; uncode_shortcode_id=&#8220;488700&#8243; el_class=&#8220;test-three&#8220; back_color_type=&#8220;uncode-palette&#8220;][vc_column column_width_percent=&#8220;85&#8243; gutter_size=&#8220;3&#8243; override_padding=&#8220;yes&#8220; column_padding=&#8220;3&#8243; back_color=&#8220;color-nhtu&#8220; overlay_alpha=&#8220;50&#8243; shift_x=&#8220;0&#8243; shift_y=&#8220;0&#8243; shift_y_down=&#8220;0&#8243; z_index=&#8220;0&#8243; medium_width=&#8220;0&#8243; mobile_width=&#8220;0&#8243; width=&#8220;1\/1&#8243; uncode_shortcode_id=&#8220;599573&#8243; back_color_type=&#8220;uncode-palette&#8220;][vc_row_inner row_inner_height_percent=&#8220;0&#8243; overlay_alpha=&#8220;50&#8243; gutter_size=&#8220;1&#8243; shift_y=&#8220;0&#8243; z_index=&#8220;0&#8243; uncode_shortcode_id=&#8220;123969&#8243;][vc_column_inner column_width_percent=&#8220;100&#8243; position_vertical=&#8220;middle&#8220; gutter_size=&#8220;3&#8243; overlay_alpha=&#8220;50&#8243; shift_x=&#8220;0&#8243; shift_y=&#8220;0&#8243; shift_y_down=&#8220;0&#8243; z_index=&#8220;0&#8243; medium_width=&#8220;0&#8243; mobile_width=&#8220;0&#8243; width=&#8220;3\/4&#8243; uncode_shortcode_id=&#8220;183492&#8243;][vc_custom_heading uncode_shortcode_id=&#8220;152240&#8243;]<\/p>\n<h2 data-rm-block-id=\"block-9\"><span class=\"font-159771\"><b>Preh\u013ead z\u00e1\u017eitku<\/b><\/span><\/h2>\n<p>[\/vc_custom_heading][uncode_list uncode_shortcode_id=&#8220;181849&#8243;]<\/p>\n<ul>\n<li data-rm-block-id=\"block-11\"><strong style=\"color: #aed8f4;\">Miesto:<\/strong> Taganga, Santa Marta, Kolumbia<\/li>\n<li data-rm-block-id=\"block-12\"><strong style=\"color: #aed8f4;\">Trvanie:<\/strong> Pol d\u0148a<\/li>\n<li data-rm-block-id=\"block-13\"><strong style=\"color: #aed8f4;\">Maxim\u00e1lna h\u013abka:<\/strong> 12 m \/ 40 st\u00f4p<\/li>\n<li data-rm-block-id=\"block-14\"><strong style=\"color: #aed8f4;\">Minim\u00e1lny vek:<\/strong> 10 rokov<\/li>\n<li data-rm-block-id=\"block-15\"><strong style=\"color: #aed8f4;\">Ve\u013ekos\u0165 skupiny:<\/strong> Maxim\u00e1lne 2 \u0161tudenti na in\u0161truktora<\/li>\n<\/ul>\n<p>[\/uncode_list][\/vc_column_inner][\/vc_row_inner][vc_row_inner row_inner_height_percent=&#8220;0&#8243; overlay_alpha=&#8220;50&#8243; gutter_size=&#8220;1&#8243; shift_y=&#8220;0&#8243; z_index=&#8220;0&#8243; uncode_shortcode_id=&#8220;123969&#8243;][vc_column_inner column_width_percent=&#8220;100&#8243; position_vertical=&#8220;middle&#8220; gutter_size=&#8220;3&#8243; overlay_alpha=&#8220;50&#8243; shift_x=&#8220;0&#8243; shift_y=&#8220;0&#8243; shift_y_down=&#8220;0&#8243; z_index=&#8220;0&#8243; medium_width=&#8220;0&#8243; mobile_width=&#8220;0&#8243; width=&#8220;3\/4&#8243; uncode_shortcode_id=&#8220;183492&#8243;][vc_custom_heading uncode_shortcode_id=&#8220;137620&#8243;]<b>Ako to funguje<\/b>[\/vc_custom_heading][uncode_list uncode_shortcode_id=&#8220;527383&#8243;]<\/p>\n<ul>\n<li data-rm-block-id=\"block-17\"><strong style=\"color: #aed8f4;\">Bezpe\u010dnostn\u00fd a teoretick\u00fd br\u00edfing<\/strong> po pr\u00edchode<\/li>\n<li data-rm-block-id=\"block-18\"><strong style=\"color: #aed8f4;\">N\u00e1cvik<\/strong> v plytkej vode<\/li>\n<li data-rm-block-id=\"block-19\"><strong style=\"color: #aed8f4;\">2 morsk\u00e9 ponory<\/strong> z lode<\/li>\n<li data-rm-block-id=\"block-19\"><span style=\"color: #aed8f4;\">In\u0161truktor<\/span> po va\u0161om boku po cel\u00fd \u010das<\/li>\n<\/ul>\n<p>[\/uncode_list][\/vc_column_inner][\/vc_row_inner][vc_accordion typography=&#8220;advanced&#8220; sign=&#8220;plus&#8220; sign_size=&#8220;md&#8220; content_border=&#8220;yes&#8220; gutter_simple=&#8220;1&#8243; no_h_padding=&#8220;yes&#8220; active_txt_color=&#8220;color-prif&#8220; titles_size=&#8220;h3&#8243; titles_weight=&#8220;400&#8243; uncode_shortcode_id=&#8220;210539&#8243; active_tab=&#8220;0&#8243; active_txt_color_type=&#8220;uncode-palette&#8220;][vc_accordion_tab gutter_size=&#8220;2&#8243; column_padding=&#8220;0&#8243; title=&#8220;\u010co je zahrnut\u00e9&#8220; tab_id=&#8220;1671541890-1-6216728529668951715764968962d9cd-e76117402712574177&#8243;][vc_row_inner row_inner_height_percent=&#8220;0&#8243; overlay_alpha=&#8220;50&#8243; gutter_size=&#8220;1&#8243; shift_y=&#8220;0&#8243; z_index=&#8220;0&#8243; uncode_shortcode_id=&#8220;123969&#8243;][vc_column_inner column_width_percent=&#8220;100&#8243; position_vertical=&#8220;middle&#8220; gutter_size=&#8220;3&#8243; overlay_alpha=&#8220;50&#8243; shift_x=&#8220;0&#8243; shift_y=&#8220;0&#8243; shift_y_down=&#8220;0&#8243; z_index=&#8220;0&#8243; medium_width=&#8220;0&#8243; mobile_width=&#8220;0&#8243; width=&#8220;3\/4&#8243; uncode_shortcode_id=&#8220;183492&#8243;][vc_column_text uncode_shortcode_id=&#8220;139220&#8243;]Ka\u017ed\u00fd z\u00e1\u017eitok Objavte Pot\u00e1panie v Santa Marte so Sony Dive Center zah\u0155\u0148a:[\/vc_column_text][uncode_list icon=&#8220;fa fa-media-record&#8220; icon_color=&#8220;accent&#8220; uncode_shortcode_id=&#8220;197855&#8243; icon_color_type=&#8220;uncode-palette&#8220;]<\/p>\n<ul>\n<li><span style=\"font-size: 13px;\">Certifikovan\u00fd PADI profesion\u00e1l<\/span><\/li>\n<li><span style=\"font-size: 13px;\">Kompletn\u00e9 pot\u00e1pa\u010dsk\u00e9 vybavenie<\/span><\/li>\n<li><span style=\"font-size: 13px;\">2 ponory v oce\u00e1ne z lode<\/span><\/li>\n<li><span style=\"font-size: 13px;\">Poistenie pre pot\u00e1panie<\/span><\/li>\n<li><span style=\"font-size: 13px;\">Podvodn\u00e9 fotografie a vide\u00e1<\/span><\/li>\n<li><span style=\"font-size: 13px;\">Zdrav\u00e9 ob\u010derstvenie a n\u00e1poje<\/span><\/li>\n<li><span style=\"font-size: 13px;\">Personalizovan\u00e1 v\u00fduka v malej skupine (max. 2 \u0161tudenti)<\/span><\/li>\n<\/ul>\n<p>[\/uncode_list][\/vc_column_inner][\/vc_row_inner][\/vc_accordion_tab][\/vc_accordion][\/vc_column][\/vc_row][vc_row row_height_percent=&#8220;0&#8243; override_padding=&#8220;yes&#8220; h_padding=&#8220;1&#8243; top_padding=&#8220;1&#8243; bottom_padding=&#8220;1&#8243; back_color=&#8220;color-wayh&#8220; overlay_alpha=&#8220;50&#8243; gutter_size=&#8220;3&#8243; column_width_percent=&#8220;100&#8243; shift_y=&#8220;0&#8243; z_index=&#8220;0&#8243; content_parallax=&#8220;0&#8243; uncode_shortcode_id=&#8220;787970&#8243; el_class=&#8220;test-three&#8220; back_color_type=&#8220;uncode-palette&#8220;][vc_column column_width_percent=&#8220;85&#8243; gutter_size=&#8220;3&#8243; override_padding=&#8220;yes&#8220; column_padding=&#8220;3&#8243; back_color=&#8220;color-wayh&#8220; overlay_alpha=&#8220;50&#8243; shift_x=&#8220;0&#8243; shift_y=&#8220;0&#8243; shift_y_down=&#8220;0&#8243; z_index=&#8220;0&#8243; medium_width=&#8220;0&#8243; mobile_width=&#8220;0&#8243; width=&#8220;1\/1&#8243; uncode_shortcode_id=&#8220;595556&#8243; back_color_type=&#8220;uncode-palette&#8220;][vc_custom_heading uncode_shortcode_id=&#8220;736835&#8243;]<\/p>\n<h2 data-rm-block-id=\"block-30\"><span class=\"font-159771\">\u010casto kladen\u00e9 ot\u00e1zky<\/span><\/h2>\n<p data-rm-block-id=\"block-31\">[\/vc_custom_heading][vc_accordion typography=&#8220;advanced&#8220; sign=&#8220;plus&#8220; sign_size=&#8220;md&#8220; content_border=&#8220;yes&#8220; gutter_simple=&#8220;1&#8243; no_h_padding=&#8220;yes&#8220; active_txt_color=&#8220;color-prif&#8220; titles_size=&#8220;h4&#8243; titles_weight=&#8220;400&#8243; uncode_shortcode_id=&#8220;378433&#8243; active_tab=&#8220;0&#8243; active_txt_color_type=&#8220;uncode-palette&#8220;][vc_accordion_tab gutter_size=&#8220;2&#8243; column_padding=&#8220;0&#8243; title=&#8220;Je potrebn\u00e1 predch\u00e1dzaj\u00faca sk\u00fasenos\u0165 s pot\u00e1pan\u00edm?&#8220; tab_id=&#8220;1671541890-1-6216728529668951715764968962d9cd-e761174027125741775&#8243;][vc_row_inner row_inner_height_percent=&#8220;0&#8243; overlay_alpha=&#8220;50&#8243; gutter_size=&#8220;1&#8243; shift_y=&#8220;0&#8243; z_index=&#8220;0&#8243; uncode_shortcode_id=&#8220;123969&#8243;][vc_column_inner column_width_percent=&#8220;100&#8243; position_vertical=&#8220;middle&#8220; gutter_size=&#8220;3&#8243; overlay_alpha=&#8220;50&#8243; shift_x=&#8220;0&#8243; shift_y=&#8220;0&#8243; shift_y_down=&#8220;0&#8243; z_index=&#8220;0&#8243; medium_width=&#8220;0&#8243; mobile_width=&#8220;0&#8243; width=&#8220;3\/4&#8243; uncode_shortcode_id=&#8220;554000&#8243;][vc_column_text uncode_shortcode_id=&#8220;169982&#8243;]Nie. Objavte Pot\u00e1panie v Santa Marte je ur\u010den\u00e9 \u0161peci\u00e1lne pre \u013eud\u00ed bez sk\u00fasenost\u00ed. Nie je potrebn\u00e1 \u017eiaden certifik\u00e1t ani predch\u00e1dzaj\u00face sk\u00fasenosti.[\/vc_column_text][\/vc_column_inner][\/vc_row_inner][\/vc_accordion_tab][vc_accordion_tab gutter_size=&#8220;2&#8243; column_padding=&#8220;2&#8243; title=&#8220;Ako dlho trv\u00e1 z\u00e1\u017eitok?&#8220; tab_id=&#8220;1771602540449-1-8&#8243;][vc_column_text text_color=&#8220;color-xsdn&#8220; uncode_shortcode_id=&#8220;488837&#8243; text_color_type=&#8220;uncode-palette&#8220;]Objavte Pot\u00e1panie v Santa Marte je poldenn\u00fd program zah\u0155\u0148aj\u00faci br\u00edfing, n\u00e1cvik v plytkej vode a dva ponory v oce\u00e1ne z lode.[\/vc_column_text][\/vc_accordion_tab][vc_accordion_tab gutter_size=&#8220;2&#8243; column_padding=&#8220;2&#8243; title=&#8220;Ak\u00e1 je maxim\u00e1lna h\u013abka?&#8220; tab_id=&#8220;1771602542243-2-1&#8243;][vc_column_text text_color=&#8220;color-xsdn&#8220; uncode_shortcode_id=&#8220;197867&#8243; text_color_type=&#8220;uncode-palette&#8220;]Po\u010das z\u00e1\u017eitku Objavte Pot\u00e1panie v Santa Marte je maxim\u00e1lna h\u013abka 12 metrov (40 st\u00f4p), v s\u00falade s bezpe\u010dnostn\u00fdmi \u0161tandardmi <a href=\"http:\/\/padi.com\" target=\"_blank\" rel=\"noopener\">PADI<\/a>.[\/vc_column_text][\/vc_accordion_tab][vc_accordion_tab gutter_size=&#8220;2&#8243; column_padding=&#8220;2&#8243; title=&#8220;\u010co ak je N\u00e1rodn\u00fd park Tayrona do\u010dasne zatvoren\u00fd?&#8220; tab_id=&#8220;1771602543231-3-8&#8243;][vc_column_text text_color=&#8220;color-xsdn&#8220; uncode_shortcode_id=&#8220;699450&#8243; text_color_type=&#8220;uncode-palette&#8220;]Pot\u00e1pame sa na alternat\u00edvnych miestach bl\u00edzko Tagangy s kr\u00e1snymi \u00fatesmi a pokojn\u00fdmi podmienkami. Bezpe\u010dnos\u0165 a kvalita z\u00e1\u017eitku s\u00fa v\u017edy na prvom mieste.[\/vc_column_text][\/vc_accordion_tab][vc_accordion_tab gutter_size=&#8220;2&#8243; column_padding=&#8220;2&#8243; title=&#8220;Je pot\u00e1panie bezpe\u010dn\u00e9 pre za\u010diato\u010dn\u00edkov?&#8220; tab_id=&#8220;1771602544365-4-8&#8243;][vc_column_text text_color=&#8220;color-xsdn&#8220; uncode_shortcode_id=&#8220;965590&#8243; text_color_type=&#8220;uncode-palette&#8220;]\u00c1no. Po cel\u00fd \u010das v\u00e1s vedie certifikovan\u00fd PADI profesion\u00e1l vo ve\u013emi <a href=\"https:\/\/sonydivecenter.com\/sk\/sony-dive-center-mindful-scuba-diving-in-santa-marta\/\">mal\u00fdch skupin\u00e1ch<\/a>.[\/vc_column_text][\/vc_accordion_tab][vc_accordion_tab gutter_size=&#8220;2&#8243; column_padding=&#8220;2&#8243; title=&#8220;\u010co sa stane ak sa zmenia poveternostn\u00e9 podmienky?&#8220; tab_id=&#8220;1771602835295-5-10&#8243;][vc_column_text text_color=&#8220;color-xsdn&#8220; uncode_shortcode_id=&#8220;952756&#8243; text_color_type=&#8220;uncode-palette&#8220;]Starostlivo sledujeme morsk\u00e9 podmienky. Ak nie je bezpe\u010dno, presunieme term\u00edn alebo uprav\u00edme miesta pod\u013ea potreby.[\/vc_column_text][\/vc_accordion_tab][\/vc_accordion][\/vc_column][\/vc_row][vc_row row_height_percent=&#8220;0&#8243; override_padding=&#8220;yes&#8220; h_padding=&#8220;2&#8243; top_padding=&#8220;4&#8243; bottom_padding=&#8220;3&#8243; back_color=&#8220;color-nhtu&#8220; overlay_alpha=&#8220;50&#8243; gutter_size=&#8220;3&#8243; column_width_percent=&#8220;100&#8243; shift_y=&#8220;0&#8243; z_index=&#8220;0&#8243; content_parallax=&#8220;0&#8243; uncode_shortcode_id=&#8220;845948&#8243; back_color_type=&#8220;uncode-palette&#8220;][vc_column column_width_percent=&#8220;100&#8243; align_horizontal=&#8220;align_center&#8220; gutter_size=&#8220;3&#8243; overlay_alpha=&#8220;50&#8243; shift_x=&#8220;0&#8243; shift_y=&#8220;0&#8243; shift_y_down=&#8220;0&#8243; z_index=&#8220;0&#8243; medium_width=&#8220;0&#8243; mobile_width=&#8220;0&#8243; width=&#8220;1\/1&#8243; uncode_shortcode_id=&#8220;925972&#8243;][vc_custom_heading heading_semantic=&#8220;h3&#8243; text_weight=&#8220;500&#8243; uncode_shortcode_id=&#8220;269451&#8243;]<span class=\"font-159771\"><strong>Objavte oce\u00e1n. Pokojne. Bezpe\u010dne. Nezabudnute\u013ene.   <\/strong><\/span>[\/vc_custom_heading][vc_empty_space empty_h=&#8220;2&#8243;][vc_button button_color=&#8220;color-nhtu&#8220; hover_fx=&#8220;outlined&#8220; outline=&#8220;yes&#8220; text_skin=&#8220;yes&#8220; border_width=&#8220;0&#8243; scale_mobile=&#8220;no&#8220; link=&#8220;url:https%3A%2F%2Fwa.me%2F573137981097%2F%3Ftext%3DI%2520want%2520more%2520info%2520about%2520the%2520Open%2520Water%2520Diver%2520course%2C%2520please%21|title:Open%20Water%20Diver|&#8220; uncode_shortcode_id=&#8220;387850&#8243; el_class=&#8220;btn-light&#8220; button_color_type=&#8220;uncode-palette&#8220;]Rezervujte si ponor[\/vc_button][vc_empty_space empty_h=&#8220;3&#8243;][\/vc_column][\/vc_row][vc_row][vc_column][vc_column_text]<\/p>\n<p>[\/vc_column_text][\/vc_column][\/vc_row]<\/p>\n<\/div>","protected":false},"excerpt":{"rendered":"<p>[vc_row row_height_percent=&#8220;0&#8243; override_padding=&#8220;yes&#8220; h_padding=&#8220;2&#8243; top_padding=&#8220;2&#8243; bottom_padding=&#8220;2&#8243; overlay_color=&#8220;color-nhtu&#8220; overlay_alpha=&#8220;100&#8243; gutter_size=&#8220;3&#8243; column_width_percent=&#8220;100&#8243; shift_y=&#8220;0&#8243; shift_y_fixed=&#8220;yes&#8220; z_index=&#8220;0&#8243; content_parallax=&#8220;0&#8243; uncode_shortcode_id=&#8220;133524&#8243; overlay_color_type=&#8220;uncode-palette&#8220;][vc_column column_width_percent=&#8220;100&#8243; gutter_size=&#8220;2&#8243; overlay_alpha=&#8220;50&#8243; shift_x=&#8220;0&#8243; [&hellip;]<\/p>\n","protected":false},"author":1,"featured_media":0,"parent":0,"menu_order":0,"comment_status":"closed","ping_status":"closed","template":"","meta":{"footnotes":""},"class_list":["post-1873","page","type-page","status-publish","hentry"],"_links":{"self":[{"href":"https:\/\/sonydivecenter.com\/sk\/wp-json\/wp\/v2\/pages\/1873","targetHints":{"allow":["GET"]}}],"collection":[{"href":"https:\/\/sonydivecenter.com\/sk\/wp-json\/wp\/v2\/pages"}],"about":[{"href":"https:\/\/sonydivecenter.com\/sk\/wp-json\/wp\/v2\/types\/page"}],"author":[{"embeddable":true,"href":"https:\/\/sonydivecenter.com\/sk\/wp-json\/wp\/v2\/users\/1"}],"replies":[{"embeddable":true,"href":"https:\/\/sonydivecenter.com\/sk\/wp-json\/wp\/v2\/comments?post=1873"}],"version-history":[{"count":6,"href":"https:\/\/sonydivecenter.com\/sk\/wp-json\/wp\/v2\/pages\/1873\/revisions"}],"predecessor-version":[{"id":2031,"href":"https:\/\/sonydivecenter.com\/sk\/wp-json\/wp\/v2\/pages\/1873\/revisions\/2031"}],"wp:attachment":[{"href":"https:\/\/sonydivecenter.com\/sk\/wp-json\/wp\/v2\/media?parent=1873"}],"curies":[{"name":"wp","href":"https:\/\/api.w.org\/{rel}","templated":true}]}}