{"id":1860,"date":"2025-02-17T21:27:04","date_gmt":"2025-02-18T02:27:04","guid":{"rendered":"https:\/\/sonydivecenter.com\/sony-dive-center-mindful-scuba-diving-in-santa-marta\/"},"modified":"2026-03-09T16:17:46","modified_gmt":"2026-03-09T21:17:46","slug":"sony-dive-center-mindful-scuba-diving-in-santa-marta","status":"publish","type":"page","link":"https:\/\/sonydivecenter.com\/sk\/sony-dive-center-mindful-scuba-diving-in-santa-marta\/","title":{"rendered":"O N\u00e1s"},"content":{"rendered":"<div class=\"wpb-content-wrapper\"><p>[vc_row row_height_percent=&#8220;0&#8243; override_padding=&#8220;yes&#8220; h_padding=&#8220;2&#8243; top_padding=&#8220;2&#8243; bottom_padding=&#8220;2&#8243; overlay_color=&#8220;color-nhtu&#8220; overlay_alpha=&#8220;100&#8243; gutter_size=&#8220;3&#8243; column_width_percent=&#8220;100&#8243; shift_y=&#8220;0&#8243; shift_y_fixed=&#8220;yes&#8220; z_index=&#8220;0&#8243; content_parallax=&#8220;0&#8243; uncode_shortcode_id=&#8220;133524&#8243; overlay_color_type=&#8220;uncode-palette&#8220;][vc_column column_width_percent=&#8220;100&#8243; gutter_size=&#8220;2&#8243; overlay_alpha=&#8220;50&#8243; shift_x=&#8220;0&#8243; shift_y=&#8220;0&#8243; shift_y_down=&#8220;0&#8243; z_index=&#8220;0&#8243; medium_width=&#8220;0&#8243; mobile_width=&#8220;0&#8243; width=&#8220;3\/4&#8243; uncode_shortcode_id=&#8220;211484&#8243;][vc_custom_heading heading_semantic=&#8220;h1&#8243; text_font=&#8220;font-159771&#8243; text_size=&#8220;custom&#8220; text_weight=&#8220;700&#8243; text_transform=&#8220;uppercase&#8220; heading_display=&#8220;inline&#8220; sub_lead=&#8220;yes&#8220; uncode_shortcode_id=&#8220;121161&#8243; heading_custom_size=&#8220;72px&#8220;]<\/p>\n<h1 data-rm-block-id=\"block-2\">NOV\u00dd SP\u00d4SOB POT\u00c1PANIA VO SVETE<\/h1>\n<p>[\/vc_custom_heading][vc_column_text text_color=&#8220;accent&#8220; uncode_shortcode_id=&#8220;138567&#8243; text_color_type=&#8220;uncode-palette&#8220;]<span class=\"font-537826\">Uvedomel\u00e9 pot\u00e1panie v Santa Marte.<\/span>[\/vc_column_text][\/vc_column][\/vc_row][vc_row row_height_percent=&#8220;0&#8243; override_padding=&#8220;yes&#8220; h_padding=&#8220;2&#8243; top_padding=&#8220;5&#8243; bottom_padding=&#8220;5&#8243; overlay_alpha=&#8220;50&#8243; equal_height=&#8220;yes&#8220; gutter_size=&#8220;4&#8243; column_width_percent=&#8220;100&#8243; shift_y=&#8220;0&#8243; z_index=&#8220;0&#8243; el_class=&#8220;inverted-device-order&#8220;][vc_column column_width_percent=&#8220;100&#8243; position_vertical=&#8220;middle&#8220; gutter_size=&#8220;3&#8243; overlay_alpha=&#8220;50&#8243; shift_x=&#8220;0&#8243; shift_y=&#8220;0&#8243; shift_y_down=&#8220;0&#8243; z_index=&#8220;0&#8243; medium_width=&#8220;0&#8243; mobile_width=&#8220;0&#8243; width=&#8220;1\/2&#8243;][vc_column_text text_lead=&#8220;yes&#8220; uncode_shortcode_id=&#8220;127650&#8243;]<\/p>\n<p data-start=\"342\" data-end=\"409\" data-rm-block-id=\"block-6\"><span class=\"font-537826\">Ver\u00edme, \u017ee pot\u00e1panie je viac ako \u0161port &#8211; je to stav pr\u00edtomnosti.<br \/>\n<\/span><\/p>\n<p data-start=\"411\" data-end=\"567\" data-rm-block-id=\"block-7\"><span class=\"font-537826\">V Sony Dive Center sa zameriavame na mal\u00e9 skupiny, pokojn\u00e9 sprev\u00e1dzanie a skuto\u010dn\u00e9 spojenie s oce\u00e1nom. Bez tlaku. Len dych, uvedomenie a bezpe\u010dnos\u0165.   <\/span><\/p>\n<p data-start=\"569\" data-end=\"753\" data-rm-block-id=\"block-8\"><span class=\"font-537826\">Uvedomel\u00e9 pot\u00e1panie v Santa Marte by malo by\u0165 uzem\u0148uj\u00face, in\u0161piruj\u00face a nezabudnute\u013en\u00e9. Preto je ka\u017ed\u00fd z\u00e1\u017eitok navrhnut\u00fd so z\u00e1merom &#8211; od plavby na lodi a\u017e po posledn\u00fd \u00fasmev na hladine. <\/span><\/p>\n<p data-start=\"569\" data-end=\"753\" data-rm-block-id=\"block-8\"><span class=\"font-537826\">Na\u0161i in\u0161truktori s\u00fa plne certifikovan\u00ed spolo\u010dnos\u0165ou <a href=\"http:\/\/padi.com\" target=\"_blank\" rel=\"noopener\">PADI<\/a> &#8211; najv\u00e4\u010d\u0161ou organiz\u00e1ciou na v\u00fdcvik pot\u00e1pania na svete.<\/span><\/p>\n<p data-start=\"569\" data-end=\"753\" data-rm-block-id=\"block-8\"><span class=\"font-537826\">Bez oh\u013eadu na to, \u010di si \u00fapln\u00fd za\u010diato\u010dn\u00edk, ktor\u00fd chce vysk\u00fa\u0161a\u0165 <a href=\"https:\/\/sonydivecenter.com\/sk\/objavte-potapanie-santa-marta\/\">Discover Scuba Diving<\/a>, pracuje\u0161 na z\u00edskanie certifik\u00e1tu <a href=\"https:\/\/sonydivecenter.com\/sk\/kurz-padi-open-water-santa-marta\/\">PADI Open Water Diver<\/a>, alebo si certifikovan\u00fd pot\u00e1pa\u010d prid\u00e1vaj\u00faci sa na <a href=\"https:\/\/sonydivecenter.com\/sk\/fun-dive-santa-marta\/\">Fun Dive<\/a> v Tayrone &#8211; ka\u017ed\u00fd z\u00e1\u017eitok v Sony Dive Center je veden\u00fd rovnak\u00fdm uvedomel\u00fdm pr\u00edstupom.<\/span><\/p>\n<p>[\/vc_column_text][\/vc_column][vc_column width=&#8220;1\/2&#8243;][vc_column_text uncode_shortcode_id=&#8220;124046&#8243;]<img decoding=\"async\" src=\"https:\/\/sonydivecenter.com\/wp-content\/uploads\/2025\/02\/scuba-boat-full-of-divers.jpg\" alt=\"Uvedomel\u00e9 Pot\u00e1panie v Santa Marte\" title=\"\">[\/vc_column_text][\/vc_column][\/vc_row][vc_row row_height_percent=&#8220;0&#8243; override_padding=&#8220;yes&#8220; h_padding=&#8220;2&#8243; top_padding=&#8220;5&#8243; bottom_padding=&#8220;5&#8243; overlay_alpha=&#8220;50&#8243; equal_height=&#8220;yes&#8220; gutter_size=&#8220;4&#8243; column_width_percent=&#8220;100&#8243; shift_y=&#8220;0&#8243; z_index=&#8220;0&#8243; content_parallax=&#8220;0&#8243; uncode_shortcode_id=&#8220;934079&#8243;][vc_column width=&#8220;1\/2&#8243;][vc_single_image media=&#8220;644&#8243; media_width_percent=&#8220;100&#8243; shape=&#8220;img-round&#8220; radius=&#8220;lg&#8220; shadow=&#8220;yes&#8220; shadow_weight=&#8220;lg&#8220; uncode_shortcode_id=&#8220;340136&#8243;][\/vc_column][vc_column column_width_percent=&#8220;100&#8243; position_vertical=&#8220;middle&#8220; gutter_size=&#8220;3&#8243; overlay_alpha=&#8220;50&#8243; shift_x=&#8220;0&#8243; shift_y=&#8220;0&#8243; shift_y_down=&#8220;0&#8243; z_index=&#8220;0&#8243; medium_width=&#8220;0&#8243; mobile_width=&#8220;0&#8243; width=&#8220;1\/2&#8243;][vc_custom_heading heading_semantic=&#8220;h3&#8243; text_size=&#8220;custom&#8220; uncode_shortcode_id=&#8220;129034&#8243; heading_custom_size=&#8220;72px&#8220;]<strong class=\"font-weight-700\">PERSONALIZOVAN\u00c9 <br \/>POT\u00c1PANIE<br \/>\n<\/strong><span style=\"color: #aed8f4;\">v Kolumbii<\/span>[\/vc_custom_heading][vc_column_text text_lead=&#8220;yes&#8220; uncode_shortcode_id=&#8220;182084&#8243;]<\/p>\n<p data-start=\"434\" data-end=\"500\" data-rm-block-id=\"block-10\"><span class=\"font-537826\">Pot\u00e1panie v N\u00e1rodnom parku Tayrona je odli\u0161n\u00fd druh z\u00e1\u017eitku.<\/span><\/p>\n<p data-start=\"502\" data-end=\"734\" data-rm-block-id=\"block-11\"><span class=\"font-537826\">Ve\u013ekolep\u00e9 koraly, skaln\u00e9 \u00fatvary, premenliv\u00e9 svetlo a \u017eiv\u00e1 morsk\u00e1 fauna robia ka\u017ed\u00fd ponor jedine\u010dn\u00fdm. Takto vyzer\u00e1 uvedomel\u00e9 pot\u00e1panie v Santa Marte v praxi. Starostlivo vyber\u00e1me miesta ponoru pod\u013ea podmienok oce\u00e1nu a va\u0161ej \u00farovne sk\u00fasenost\u00ed, aby sme zabezpe\u010dili jasnos\u0165, pohodlie a sebad\u00f4veru pod vodou.  <\/span><\/p>\n<p data-start=\"736\" data-end=\"912\" data-rm-block-id=\"block-12\"><span class=\"font-537826\">Pr\u00e1ca s mal\u00fdmi skupinami n\u00e1m umo\u017e\u0148uje pohybova\u0165 sa so z\u00e1merom, nie s naliehavos\u0165ou &#8211; vytv\u00e1raj\u00fac pokojn\u00fd, s\u00fastreden\u00fd pot\u00e1pa\u010dsk\u00fd z\u00e1\u017eitok v jednej z naj\u00fachvatnej\u0161\u00edch pobre\u017en\u00fdch kraj\u00edn Kolumbie.<\/span><\/p>\n<p>[\/vc_column_text][\/vc_column][\/vc_row][vc_row row_height_percent=&#8220;0&#8243; override_padding=&#8220;yes&#8220; h_padding=&#8220;2&#8243; top_padding=&#8220;5&#8243; bottom_padding=&#8220;5&#8243; overlay_alpha=&#8220;50&#8243; equal_height=&#8220;yes&#8220; gutter_size=&#8220;4&#8243; column_width_percent=&#8220;100&#8243; shift_y=&#8220;0&#8243; z_index=&#8220;0&#8243; el_class=&#8220;inverted-device-order&#8220;][vc_column column_width_percent=&#8220;100&#8243; position_vertical=&#8220;middle&#8220; gutter_size=&#8220;3&#8243; overlay_alpha=&#8220;50&#8243; shift_x=&#8220;0&#8243; shift_y=&#8220;0&#8243; shift_y_down=&#8220;0&#8243; z_index=&#8220;0&#8243; medium_width=&#8220;0&#8243; mobile_width=&#8220;0&#8243; width=&#8220;1\/2&#8243;][vc_custom_heading heading_semantic=&#8220;h3&#8243; text_size=&#8220;custom&#8220; uncode_shortcode_id=&#8220;110458&#8243; heading_custom_size=&#8220;72px&#8220;]<strong class=\"font-weight-700\">ECO DIVING<\/strong> <span style=\"color: #aed8f4;\">Santa Marta<\/span>[\/vc_custom_heading][vc_column_text text_lead=&#8220;yes&#8220; uncode_shortcode_id=&#8220;717699&#8243;]<\/p>\n<p data-start=\"224\" data-end=\"245\" data-rm-block-id=\"block-14\"><span class=\"font-159771\">Pot\u00e1pame sa s re\u0161pektom.<\/span><\/p>\n<p data-start=\"247\" data-end=\"412\" data-rm-block-id=\"block-15\"><span class=\"font-159771\">Oce\u00e1n nie je len miesto, kde pracujeme &#8211; je s\u00fa\u010das\u0165ou toho, kto sme. Uvedomel\u00e9 pot\u00e1panie v Santa Marte a N\u00e1rodnom parku Tayrona je veden\u00e9 uvedomen\u00edm, zodpovednos\u0165ou a starostlivos\u0165ou. <\/span><\/p>\n<p data-start=\"414\" data-end=\"604\" data-rm-block-id=\"block-16\"><span class=\"font-159771\">Akt\u00edvne podporujeme \u010distenie pl\u00e1\u017e\u00ed v Tagange, <a href=\"https:\/\/sonydivecenter.com\/underwater-cinema-a-dive-into-marine-conservation-with-tagangas-youth\/\">environment\u00e1lnu v\u00fdchovu det\u00ed<\/a>, a miestne rozhovory o zni\u017eovan\u00ed spotreby plastov. Ochrana za\u010d\u00edna sk\u00f4r, ako vst\u00fapime do vody. <\/span><\/p>\n<p data-start=\"606\" data-end=\"724\" data-rm-block-id=\"block-17\"><span class=\"font-159771\">Exploring the ocean means protecting it. The future of scuba diving in Colombia depends on how we treat the sea today. <\/span><\/p>\n<p>[\/vc_column_text][\/vc_column][vc_column width=&#8220;1\/2&#8243;][vc_single_image media=&#8220;1550&#8243; media_width_percent=&#8220;100&#8243; shape=&#8220;img-round&#8220; radius=&#8220;lg&#8220; shadow=&#8220;yes&#8220; shadow_weight=&#8220;lg&#8220; uncode_shortcode_id=&#8220;170490&#8243;][\/vc_column][\/vc_row][vc_row row_height_percent=&#8220;0&#8243; override_padding=&#8220;yes&#8220; h_padding=&#8220;2&#8243; top_padding=&#8220;4&#8243; bottom_padding=&#8220;3&#8243; back_color=&#8220;color-nhtu&#8220; overlay_alpha=&#8220;50&#8243; gutter_size=&#8220;3&#8243; column_width_percent=&#8220;100&#8243; shift_y=&#8220;0&#8243; z_index=&#8220;0&#8243; content_parallax=&#8220;0&#8243; uncode_shortcode_id=&#8220;845948&#8243; back_color_type=&#8220;uncode-palette&#8220;][vc_column column_width_percent=&#8220;100&#8243; align_horizontal=&#8220;align_center&#8220; gutter_size=&#8220;3&#8243; overlay_alpha=&#8220;50&#8243; shift_x=&#8220;0&#8243; shift_y=&#8220;0&#8243; shift_y_down=&#8220;0&#8243; z_index=&#8220;0&#8243; medium_width=&#8220;0&#8243; mobile_width=&#8220;0&#8243; width=&#8220;1\/1&#8243; uncode_shortcode_id=&#8220;925972&#8243;][vc_custom_heading heading_semantic=&#8220;h3&#8243; text_weight=&#8220;500&#8243; uncode_shortcode_id=&#8220;100499&#8243;]<span class=\"font-159771\"><strong>Ste pripraven\u00ed za\u017ei\u0165 uvedomel\u00e9 pot\u00e1panie v Santa Marte na vlastnej ko\u017ei?<\/strong><\/span>[\/vc_custom_heading][vc_empty_space empty_h=&#8220;2&#8243;][vc_button button_color=&#8220;color-nhtu&#8220; hover_fx=&#8220;outlined&#8220; outline=&#8220;yes&#8220; text_skin=&#8220;yes&#8220; border_width=&#8220;0&#8243; scale_mobile=&#8220;no&#8220; link=&#8220;url:https%3A%2F%2Fwa.me%2F573137981097%2F%3Ftext%3DI%2520want%2520more%2520info%2520about%2520the%2520Open%2520Water%2520Diver%2520course%2C%2520please%21|title:Open%20Water%20Diver|&#8220; uncode_shortcode_id=&#8220;387850&#8243; el_class=&#8220;btn-light&#8220; button_color_type=&#8220;uncode-palette&#8220;]Rezervujte si ponor[\/vc_button][vc_empty_space empty_h=&#8220;3&#8243;][\/vc_column][\/vc_row][vc_row][vc_column][vc_column_text]<\/p>\n<p>[\/vc_column_text][\/vc_column][\/vc_row]<\/p>\n<\/div>","protected":false},"excerpt":{"rendered":"<p>[vc_row row_height_percent=&#8220;0&#8243; override_padding=&#8220;yes&#8220; h_padding=&#8220;2&#8243; top_padding=&#8220;2&#8243; bottom_padding=&#8220;2&#8243; overlay_color=&#8220;color-nhtu&#8220; overlay_alpha=&#8220;100&#8243; gutter_size=&#8220;3&#8243; column_width_percent=&#8220;100&#8243; shift_y=&#8220;0&#8243; shift_y_fixed=&#8220;yes&#8220; z_index=&#8220;0&#8243; content_parallax=&#8220;0&#8243; uncode_shortcode_id=&#8220;133524&#8243; overlay_color_type=&#8220;uncode-palette&#8220;][vc_column column_width_percent=&#8220;100&#8243; gutter_size=&#8220;2&#8243; overlay_alpha=&#8220;50&#8243; shift_x=&#8220;0&#8243; [&hellip;]<\/p>\n","protected":false},"author":1,"featured_media":0,"parent":0,"menu_order":0,"comment_status":"closed","ping_status":"closed","template":"","meta":{"footnotes":""},"class_list":["post-1860","page","type-page","status-publish","hentry"],"_links":{"self":[{"href":"https:\/\/sonydivecenter.com\/sk\/wp-json\/wp\/v2\/pages\/1860","targetHints":{"allow":["GET"]}}],"collection":[{"href":"https:\/\/sonydivecenter.com\/sk\/wp-json\/wp\/v2\/pages"}],"about":[{"href":"https:\/\/sonydivecenter.com\/sk\/wp-json\/wp\/v2\/types\/page"}],"author":[{"embeddable":true,"href":"https:\/\/sonydivecenter.com\/sk\/wp-json\/wp\/v2\/users\/1"}],"replies":[{"embeddable":true,"href":"https:\/\/sonydivecenter.com\/sk\/wp-json\/wp\/v2\/comments?post=1860"}],"version-history":[{"count":11,"href":"https:\/\/sonydivecenter.com\/sk\/wp-json\/wp\/v2\/pages\/1860\/revisions"}],"predecessor-version":[{"id":1957,"href":"https:\/\/sonydivecenter.com\/sk\/wp-json\/wp\/v2\/pages\/1860\/revisions\/1957"}],"wp:attachment":[{"href":"https:\/\/sonydivecenter.com\/sk\/wp-json\/wp\/v2\/media?parent=1860"}],"curies":[{"name":"wp","href":"https:\/\/api.w.org\/{rel}","templated":true}]}}