{"id":1924,"date":"2026-02-22T00:53:19","date_gmt":"2026-02-22T05:53:19","guid":{"rendered":"https:\/\/sonydivecenter.com\/fun-dive-santa-marta\/"},"modified":"2026-03-11T16:03:21","modified_gmt":"2026-03-11T21:03:21","slug":"fun-dive-santa-marta","status":"publish","type":"page","link":"https:\/\/sonydivecenter.com\/es\/fun-dive-santa-marta\/","title":{"rendered":"Fun Dive Santa Marta"},"content":{"rendered":"<div class=\"wpb-content-wrapper\"><p>[vc_row row_height_percent=\u00bb0&#8243; override_padding=\u00bbyes\u00bb h_padding=\u00bb2&#8243; top_padding=\u00bb2&#8243; bottom_padding=\u00bb2&#8243; overlay_color=\u00bbcolor-nhtu\u00bb overlay_alpha=\u00bb100&#8243; gutter_size=\u00bb3&#8243; column_width_percent=\u00bb100&#8243; shift_y=\u00bb0&#8243; shift_y_fixed=\u00bbyes\u00bb z_index=\u00bb0&#8243; content_parallax=\u00bb0&#8243; uncode_shortcode_id=\u00bb133524&#8243; overlay_color_type=\u00bbuncode-palette\u00bb][vc_column column_width_percent=\u00bb100&#8243; gutter_size=\u00bb2&#8243; overlay_alpha=\u00bb50&#8243; shift_x=\u00bb0&#8243; shift_y=\u00bb0&#8243; shift_y_down=\u00bb0&#8243; z_index=\u00bb0&#8243; medium_width=\u00bb0&#8243; mobile_width=\u00bb0&#8243; width=\u00bb3\/4&#8243; uncode_shortcode_id=\u00bb211484&#8243;][vc_custom_heading heading_semantic=\u00bbh1&#8243; text_font=\u00bbfont-159771&#8243; text_size=\u00bbcustom\u00bb text_weight=\u00bb700&#8243; text_transform=\u00bbuppercase\u00bb heading_display=\u00bbinline\u00bb sub_lead=\u00bbyes\u00bb uncode_shortcode_id=\u00bb157574&#8243; heading_custom_size=\u00bb72px\u00bb]<\/p>\n<h1 data-rm-block-id=\"block-2\"><span class=\"font-159771\">Buceo Guiado en Santa Marta para Buceadores Certificados<\/span><\/h1>\n<p>[\/vc_custom_heading][vc_column_text text_color=\u00bbaccent\u00bb uncode_shortcode_id=\u00bb306986&#8243; text_color_type=\u00bbuncode-palette\u00bb]<\/p>\n<p data-pm-slice=\"0 0 []\"><span class=\"font-537826\">Dos inmersiones en el oc\u00e9ano. Divemaster local. Grupos peque\u00f1os. Experiencia de buceo pura.   <\/span><\/p>\n<p>[\/vc_column_text][\/vc_column][\/vc_row][vc_row row_height_percent=\u00bb0&#8243; override_padding=\u00bbyes\u00bb h_padding=\u00bb2&#8243; top_padding=\u00bb3&#8243; bottom_padding=\u00bb3&#8243; overlay_alpha=\u00bb50&#8243; equal_height=\u00bbyes\u00bb gutter_size=\u00bb4&#8243; column_width_percent=\u00bb100&#8243; shift_y=\u00bb0&#8243; z_index=\u00bb0&#8243; content_parallax=\u00bb0&#8243; uncode_shortcode_id=\u00bb148446&#8243;][vc_column column_width_percent=\u00bb100&#8243; position_vertical=\u00bbmiddle\u00bb gutter_size=\u00bb3&#8243; overlay_alpha=\u00bb50&#8243; shift_x=\u00bb0&#8243; shift_y=\u00bb0&#8243; shift_y_down=\u00bb0&#8243; z_index=\u00bb0&#8243; medium_width=\u00bb0&#8243; mobile_width=\u00bb0&#8243; width=\u00bb1\/2&#8243; uncode_shortcode_id=\u00bb128093&#8243;][vc_column_text uncode_shortcode_id=\u00bb110316&#8243;]<img decoding=\"async\" src=\"https:\/\/sonydivecenter.com\/wp-content\/uploads\/2026\/02\/GOPR6289-2-scaled.jpg\" alt=\"Buceo Guiado en Santa Marta\" title=\"\">[\/vc_column_text][\/vc_column][vc_column column_width_percent=\u00bb100&#8243; position_vertical=\u00bbmiddle\u00bb gutter_size=\u00bb1&#8243; overlay_alpha=\u00bb50&#8243; shift_x=\u00bb0&#8243; shift_y=\u00bb0&#8243; shift_y_down=\u00bb0&#8243; z_index=\u00bb0&#8243; medium_width=\u00bb0&#8243; mobile_width=\u00bb0&#8243; width=\u00bb1\/2&#8243; uncode_shortcode_id=\u00bb966470&#8243;][vc_column_text uncode_shortcode_id=\u00bb376221&#8243;]Experiencia de Medio D\u00eda[\/vc_column_text][vc_column_text text_lead=\u00bbyes\u00bb text_color=\u00bbaccent\u00bb uncode_shortcode_id=\u00bb654809&#8243; text_color_type=\u00bbuncode-palette\u00bb]<strong><span class=\"font-537826\">$320.000 COP<\/span><\/strong>[\/vc_column_text][vc_column_text text_lead=\u00bbyes\u00bb uncode_shortcode_id=\u00bb118489&#8243;]<span class=\"font-537826\">2 INMERSIONES GUIADAS DESDE EL BOTE<\/span>[\/vc_column_text][vc_empty_space empty_h=\u00bb1&#8243;][vc_column_text uncode_shortcode_id=\u00bb107251&#8243;]<\/p>\n<p data-pm-slice=\"0 0 []\"><span class=\"font-537826\">Este buceo guiado en Santa Marta est\u00e1 dise\u00f1ado para buceadores certificados que quieren inmersiones en bote bien organizadas y relajadas.<\/span><\/p>\n<p><span class=\"font-537826\">Buce\u00e1 con un divemaster local que conoce los arrecifes, las corrientes y la vida marina de Taganga y el Parque Nacional Tayrona.<\/span><\/p>\n<p><span class=\"font-537826\">Mantenemos los grupos peque\u00f1os, el ritmo tranquilo y el foco en la calidad del buceo \u2014 sin horarios apresurados.<\/span>[\/vc_column_text][vc_empty_space empty_h=\u00bb2&#8243;][vc_button button_color=\u00bbcolor-nhtu\u00bb hover_fx=\u00bboutlined\u00bb outline=\u00bbyes\u00bb text_skin=\u00bbyes\u00bb border_width=\u00bb0&#8243; scale_mobile=\u00bbno\u00bb link=\u00bburl:https%3A%2F%2Fwa.me%2F573137981097%2F%3Ftext%3DI%2520want%2520more%2520info%2520about%2520the%2520Open%2520Water%2520Diver%2520course%2C%2520please%21|title:Buceador%20de%20Aguas%20Abiertas|\u00bb uncode_shortcode_id=\u00bb602951&#8243; el_class=\u00bbbtn-light\u00bb button_color_type=\u00bbuncode-palette\u00bb]RESERV\u00c1 TU FUN DIVE[\/vc_button][\/vc_column][\/vc_row][vc_row row_height_percent=\u00bb0&#8243; override_padding=\u00bbyes\u00bb h_padding=\u00bb1&#8243; top_padding=\u00bb1&#8243; bottom_padding=\u00bb1&#8243; back_color=\u00bbcolor-nhtu\u00bb overlay_alpha=\u00bb50&#8243; gutter_size=\u00bb3&#8243; column_width_percent=\u00bb100&#8243; shift_y=\u00bb0&#8243; z_index=\u00bb0&#8243; content_parallax=\u00bb0&#8243; uncode_shortcode_id=\u00bb488700&#8243; el_class=\u00bbtest-three\u00bb back_color_type=\u00bbuncode-palette\u00bb][vc_column column_width_percent=\u00bb85&#8243; gutter_size=\u00bb3&#8243; override_padding=\u00bbyes\u00bb column_padding=\u00bb3&#8243; back_color=\u00bbcolor-nhtu\u00bb overlay_alpha=\u00bb50&#8243; shift_x=\u00bb0&#8243; shift_y=\u00bb0&#8243; shift_y_down=\u00bb0&#8243; z_index=\u00bb0&#8243; medium_width=\u00bb0&#8243; mobile_width=\u00bb0&#8243; width=\u00bb1\/1&#8243; uncode_shortcode_id=\u00bb599573&#8243; back_color_type=\u00bbuncode-palette\u00bb][vc_row_inner row_inner_height_percent=\u00bb0&#8243; overlay_alpha=\u00bb50&#8243; gutter_size=\u00bb1&#8243; shift_y=\u00bb0&#8243; z_index=\u00bb0&#8243; uncode_shortcode_id=\u00bb123969&#8243;][vc_column_inner column_width_percent=\u00bb100&#8243; position_vertical=\u00bbmiddle\u00bb gutter_size=\u00bb3&#8243; overlay_alpha=\u00bb50&#8243; shift_x=\u00bb0&#8243; shift_y=\u00bb0&#8243; shift_y_down=\u00bb0&#8243; z_index=\u00bb0&#8243; medium_width=\u00bb0&#8243; mobile_width=\u00bb0&#8243; width=\u00bb3\/4&#8243; uncode_shortcode_id=\u00bb183492&#8243;][vc_custom_heading uncode_shortcode_id=\u00bb168394&#8243;]<\/p>\n<h2 data-rm-block-id=\"block-9\"><span class=\"font-159771\"><b>Tu D\u00eda de Buceo<\/b><\/span><\/h2>\n<p>[\/vc_custom_heading][uncode_list uncode_shortcode_id=\u00bb193390&#8243;]<\/p>\n<ul>\n<li data-rm-block-id=\"block-11\"><strong style=\"color: #aed8f4;\">Ubicaci\u00f3n:<\/strong> Taganga, Santa Marta, Colombia<\/li>\n<li data-rm-block-id=\"block-12\"><strong style=\"color: #aed8f4;\">Duraci\u00f3n:<\/strong> Experiencia de medio d\u00eda (aprox. 5 horas)<\/li>\n<li data-rm-block-id=\"block-12\"><strong style=\"color: #aed8f4;\">Inmersiones: <\/strong>2 inmersiones guiadas desde el bote<\/li>\n<li data-rm-block-id=\"block-13\"><strong style=\"color: #aed8f4;\">Profundidad:<\/strong> Seg\u00fan tu nivel de certificaci\u00f3n<\/li>\n<li data-rm-block-id=\"block-13\"><strong style=\"color: #aed8f4;\">Tama\u00f1o del grupo:<\/strong> Grupos peque\u00f1os (m\u00e1x. 4 buceadores por divemaster)<\/li>\n<\/ul>\n<p>[\/uncode_list][\/vc_column_inner][\/vc_row_inner][vc_row_inner row_inner_height_percent=\u00bb0&#8243; overlay_alpha=\u00bb50&#8243; gutter_size=\u00bb1&#8243; shift_y=\u00bb0&#8243; z_index=\u00bb0&#8243; uncode_shortcode_id=\u00bb123969&#8243;][vc_column_inner column_width_percent=\u00bb100&#8243; position_vertical=\u00bbmiddle\u00bb gutter_size=\u00bb3&#8243; overlay_alpha=\u00bb50&#8243; shift_x=\u00bb0&#8243; shift_y=\u00bb0&#8243; shift_y_down=\u00bb0&#8243; z_index=\u00bb0&#8243; medium_width=\u00bb0&#8243; mobile_width=\u00bb0&#8243; width=\u00bb3\/4&#8243; uncode_shortcode_id=\u00bb183492&#8243;][vc_custom_heading uncode_shortcode_id=\u00bb140725&#8243;]<\/p>\n<h2><b>Experiencia de Buceo<\/b><\/h2>\n<p>[\/vc_custom_heading][vc_column_text uncode_shortcode_id=\u00bb159584&#8243;]Nuestro buceo guiado en Santa Marta sigue esta estructura simple y relajada:[\/vc_column_text][uncode_list uncode_shortcode_id=\u00bb101987&#8243;]<\/p>\n<ul>\n<li>Control de equipo y briefing de buceo<\/li>\n<li>Salida en bote desde Taganga<\/li>\n<li>Primera inmersi\u00f3n guiada en arrecife<\/li>\n<li>Intervalo en superficie con refrigerios<\/li>\n<li>Segunda inmersi\u00f3n guiada en el oc\u00e9ano<\/li>\n<li>Regreso a Taganga<\/li>\n<\/ul>\n<p>[\/uncode_list][\/vc_column_inner][\/vc_row_inner][vc_accordion typography=\u00bbadvanced\u00bb sign=\u00bbplus\u00bb sign_size=\u00bbmd\u00bb content_border=\u00bbyes\u00bb gutter_simple=\u00bb1&#8243; no_h_padding=\u00bbyes\u00bb active_txt_color=\u00bbcolor-prif\u00bb titles_size=\u00bbh3&#8243; titles_weight=\u00bb400&#8243; uncode_shortcode_id=\u00bb210539&#8243; active_tab=\u00bb0&#8243; active_txt_color_type=\u00bbuncode-palette\u00bb][vc_accordion_tab gutter_size=\u00bb2&#8243; column_padding=\u00bb0&#8243; title=\u00bbQu\u00e9 Est\u00e1 Incluido\u00bb tab_id=\u00bb1671541890-1-6216728529668951715764968962d9cd-e76117402712574177&#8243;][vc_row_inner row_inner_height_percent=\u00bb0&#8243; overlay_alpha=\u00bb50&#8243; gutter_size=\u00bb1&#8243; shift_y=\u00bb0&#8243; z_index=\u00bb0&#8243; uncode_shortcode_id=\u00bb123969&#8243;][vc_column_inner column_width_percent=\u00bb100&#8243; position_vertical=\u00bbmiddle\u00bb gutter_size=\u00bb3&#8243; overlay_alpha=\u00bb50&#8243; shift_x=\u00bb0&#8243; shift_y=\u00bb0&#8243; shift_y_down=\u00bb0&#8243; z_index=\u00bb0&#8243; medium_width=\u00bb0&#8243; mobile_width=\u00bb0&#8243; width=\u00bb3\/4&#8243; uncode_shortcode_id=\u00bb183492&#8243;][vc_column_text uncode_shortcode_id=\u00bb109884&#8243;]Cada buceo guiado en Santa Marta con Sony Dive Center incluye:[\/vc_column_text][uncode_list icon=\u00bbfa fa-media-record\u00bb icon_color=\u00bbaccent\u00bb uncode_shortcode_id=\u00bb161378&#8243; icon_color_type=\u00bbuncode-palette\u00bb]<\/p>\n<ul>\n<li><span style=\"font-size: 13px;\">2 inmersiones guiadas desde el bote<\/span><\/li>\n<li><span style=\"font-size: 13px;\">Divemaster local<\/span><\/li>\n<li><span style=\"font-size: 13px;\">Equipo completo de buceo (si es necesario)<\/span><\/li>\n<li><span style=\"font-size: 13px;\">Seguro de buceo incluido<\/span><\/li>\n<li><span style=\"font-size: 13px;\">Refrigerios saludables y deliciosos<\/span><\/li>\n<li><span style=\"font-size: 13px;\">Fotos y videos submarinos<\/span><\/li>\n<li><span style=\"font-size: 13px;\">Experiencia en grupos peque\u00f1os<\/span><\/li>\n<\/ul>\n<p>[\/uncode_list][\/vc_column_inner][\/vc_row_inner][\/vc_accordion_tab][\/vc_accordion][\/vc_column][\/vc_row][vc_row row_height_percent=\u00bb0&#8243; override_padding=\u00bbyes\u00bb h_padding=\u00bb1&#8243; top_padding=\u00bb1&#8243; bottom_padding=\u00bb1&#8243; back_color=\u00bbcolor-wayh\u00bb overlay_alpha=\u00bb50&#8243; gutter_size=\u00bb3&#8243; column_width_percent=\u00bb100&#8243; shift_y=\u00bb0&#8243; z_index=\u00bb0&#8243; content_parallax=\u00bb0&#8243; uncode_shortcode_id=\u00bb787970&#8243; el_class=\u00bbtest-three\u00bb back_color_type=\u00bbuncode-palette\u00bb][vc_column column_width_percent=\u00bb85&#8243; gutter_size=\u00bb3&#8243; override_padding=\u00bbyes\u00bb column_padding=\u00bb3&#8243; back_color=\u00bbcolor-wayh\u00bb overlay_alpha=\u00bb50&#8243; shift_x=\u00bb0&#8243; shift_y=\u00bb0&#8243; shift_y_down=\u00bb0&#8243; z_index=\u00bb0&#8243; medium_width=\u00bb0&#8243; mobile_width=\u00bb0&#8243; width=\u00bb1\/1&#8243; uncode_shortcode_id=\u00bb595556&#8243; back_color_type=\u00bbuncode-palette\u00bb][vc_custom_heading uncode_shortcode_id=\u00bb736835&#8243;]<\/p>\n<h2 data-rm-block-id=\"block-30\"><span class=\"font-159771\">Preguntas Frecuentes<\/span><\/h2>\n<p data-rm-block-id=\"block-31\">[\/vc_custom_heading][vc_accordion typography=\u00bbadvanced\u00bb sign=\u00bbplus\u00bb sign_size=\u00bbmd\u00bb content_border=\u00bbyes\u00bb gutter_simple=\u00bb1&#8243; no_h_padding=\u00bbyes\u00bb active_txt_color=\u00bbcolor-prif\u00bb titles_size=\u00bbh4&#8243; titles_weight=\u00bb400&#8243; uncode_shortcode_id=\u00bb378433&#8243; active_tab=\u00bb0&#8243; active_txt_color_type=\u00bbuncode-palette\u00bb][vc_accordion_tab gutter_size=\u00bb2&#8243; column_padding=\u00bb0&#8243; title=\u00bb\u00bfNecesito estar certificado?\u00bb tab_id=\u00bb1671541890-1-6216728529668951715764968962d9cd-e761174027125741775&#8243;][vc_row_inner row_inner_height_percent=\u00bb0&#8243; overlay_alpha=\u00bb50&#8243; gutter_size=\u00bb1&#8243; shift_y=\u00bb0&#8243; z_index=\u00bb0&#8243; uncode_shortcode_id=\u00bb123969&#8243;][vc_column_inner column_width_percent=\u00bb100&#8243; position_vertical=\u00bbmiddle\u00bb gutter_size=\u00bb3&#8243; overlay_alpha=\u00bb50&#8243; shift_x=\u00bb0&#8243; shift_y=\u00bb0&#8243; shift_y_down=\u00bb0&#8243; z_index=\u00bb0&#8243; medium_width=\u00bb0&#8243; mobile_width=\u00bb0&#8243; width=\u00bb3\/4&#8243; uncode_shortcode_id=\u00bb719854&#8243;][vc_column_text uncode_shortcode_id=\u00bb188162&#8243;]S\u00ed. Este buceo guiado en Santa Marta es exclusivamente para buceadores certificados (<a href=\"http:\/\/padi.com\" target=\"_blank\" rel=\"noopener\">PADI<\/a> o equivalente).[\/vc_column_text][\/vc_column_inner][\/vc_row_inner][\/vc_accordion_tab][vc_accordion_tab gutter_size=\u00bb2&#8243; column_padding=\u00bb2&#8243; title=\u00bb\u00bfCu\u00e1ntas inmersiones est\u00e1n incluidas?\u00bb tab_id=\u00bb1771602540449-1-8&#8243;][vc_column_text text_color=\u00bbcolor-xsdn\u00bb uncode_shortcode_id=\u00bb997638&#8243; text_color_type=\u00bbuncode-palette\u00bb]El buceo guiado en Santa Marta incluye 2 inmersiones guiadas desde el bote durante una experiencia de medio d\u00eda.[\/vc_column_text][\/vc_accordion_tab][vc_accordion_tab gutter_size=\u00bb2&#8243; column_padding=\u00bb2&#8243; title=\u00bb\u00bfA qu\u00e9 profundidad vamos a bucear?\u00bb tab_id=\u00bb1771602542243-2-1&#8243;][vc_column_text text_color=\u00bbcolor-xsdn\u00bb uncode_shortcode_id=\u00bb129373&#8243; text_color_type=\u00bbuncode-palette\u00bb]La profundidad depende de tu nivel de certificaci\u00f3n y las condiciones del mar. Los buceadores <a href=\"https:\/\/sonydivecenter.com\/es\/curso-padi-open-water-santa-marta\/\">PADI Open Water Divers<\/a> bucean hasta un m\u00e1ximo de 18 metros, mientras que <a href=\"https:\/\/sonydivecenter.com\/es\/curso-padi-advanced-open-water-diver-santa-marta\/\">PADI Advanced Open Water Divers <\/a>pueden llegar hasta 30 metros. \u00bfA\u00fan no est\u00e1s certificado? Conoc\u00e9 nuestra experiencia de <a href=\"https:\/\/sonydivecenter.com\/es\/discover-scuba-diving-santa-marta\/\">Discover Scuba Diving<\/a>.[\/vc_column_text][\/vc_accordion_tab][vc_accordion_tab gutter_size=\u00bb2&#8243; column_padding=\u00bb2&#8243; title=\u00bb\u00bfNecesito traer mi propio equipo?\u00bb tab_id=\u00bb1771602544365-4-8&#8243;][vc_column_text text_color=\u00bbcolor-xsdn\u00bb uncode_shortcode_id=\u00bb888644&#8243; text_color_type=\u00bbuncode-palette\u00bb]No. El equipo completo de buceo est\u00e1 disponible si es necesario.[\/vc_column_text][\/vc_accordion_tab][vc_accordion_tab gutter_size=\u00bb2&#8243; column_padding=\u00bb2&#8243; title=\u00bb\u00bfQu\u00e9 pasa si el Parque Nacional Tayrona est\u00e1 temporalmente cerrado?\u00bb tab_id=\u00bb1771602543231-3-8&#8243;][vc_column_text text_color=\u00bbcolor-xsdn\u00bb uncode_shortcode_id=\u00bb120131&#8243; text_color_type=\u00bbuncode-palette\u00bb]Si Tayrona est\u00e1 temporalmente cerrado, buceamos en sitios alternativos cerca de Taganga que ofrecen una excelente experiencia de arrecife y vida marina.[\/vc_column_text][\/vc_accordion_tab][vc_accordion_tab gutter_size=\u00bb2&#8243; column_padding=\u00bb2&#8243; title=\u00bb\u00bfQu\u00e9 pasa si cambian las condiciones clim\u00e1ticas?\u00bb tab_id=\u00bb1771602835295-5-10&#8243;][vc_column_text text_color=\u00bbcolor-xsdn\u00bb uncode_shortcode_id=\u00bb276321&#8243; text_color_type=\u00bbuncode-palette\u00bb]La seguridad es lo primero. Si las condiciones del mar no son adecuadas, reprogramamos o ajustamos los sitios de buceo seg\u00fan corresponda.[\/vc_column_text][\/vc_accordion_tab][\/vc_accordion][\/vc_column][\/vc_row][vc_row row_height_percent=\u00bb0&#8243; override_padding=\u00bbyes\u00bb h_padding=\u00bb2&#8243; top_padding=\u00bb4&#8243; bottom_padding=\u00bb3&#8243; back_color=\u00bbcolor-nhtu\u00bb overlay_alpha=\u00bb50&#8243; gutter_size=\u00bb3&#8243; column_width_percent=\u00bb100&#8243; shift_y=\u00bb0&#8243; z_index=\u00bb0&#8243; content_parallax=\u00bb0&#8243; uncode_shortcode_id=\u00bb845948&#8243; back_color_type=\u00bbuncode-palette\u00bb][vc_column column_width_percent=\u00bb100&#8243; align_horizontal=\u00bbalign_center\u00bb gutter_size=\u00bb3&#8243; overlay_alpha=\u00bb50&#8243; shift_x=\u00bb0&#8243; shift_y=\u00bb0&#8243; shift_y_down=\u00bb0&#8243; z_index=\u00bb0&#8243; medium_width=\u00bb0&#8243; mobile_width=\u00bb0&#8243; width=\u00bb1\/1&#8243; uncode_shortcode_id=\u00bb925972&#8243;][vc_custom_heading heading_semantic=\u00bbh3&#8243; text_weight=\u00bb500&#8243; uncode_shortcode_id=\u00bb422559&#8243;]<span class=\"font-159771\"><strong>Bucea en Santa Marta con calma.<\/strong><\/span>[\/vc_custom_heading][vc_empty_space empty_h=\u00bb2&#8243;][vc_button button_color=\u00bbcolor-nhtu\u00bb hover_fx=\u00bboutlined\u00bb outline=\u00bbyes\u00bb text_skin=\u00bbyes\u00bb border_width=\u00bb0&#8243; scale_mobile=\u00bbno\u00bb link=\u00bburl:https%3A%2F%2Fwa.me%2F573137981097%2F%3Ftext%3DI%2520want%2520more%2520info%2520about%2520the%2520Open%2520Water%2520Diver%2520course%2C%2520please%21|title:Buceador%20de%20Aguas%20Abiertas|\u00bb uncode_shortcode_id=\u00bb999603&#8243; el_class=\u00bbbtn-light\u00bb button_color_type=\u00bbuncode-palette\u00bb]Reserva tu Fun Dive[\/vc_button][vc_empty_space empty_h=\u00bb3&#8243;][\/vc_column][\/vc_row][vc_row][vc_column][vc_column_text]<\/p>\n<p>[\/vc_column_text][\/vc_column][\/vc_row]<\/p>\n<\/div>","protected":false},"excerpt":{"rendered":"<p>[vc_row row_height_percent=\u00bb0&#8243; override_padding=\u00bbyes\u00bb h_padding=\u00bb2&#8243; top_padding=\u00bb2&#8243; bottom_padding=\u00bb2&#8243; overlay_color=\u00bbcolor-nhtu\u00bb overlay_alpha=\u00bb100&#8243; gutter_size=\u00bb3&#8243; column_width_percent=\u00bb100&#8243; shift_y=\u00bb0&#8243; shift_y_fixed=\u00bbyes\u00bb z_index=\u00bb0&#8243; content_parallax=\u00bb0&#8243; uncode_shortcode_id=\u00bb133524&#8243; overlay_color_type=\u00bbuncode-palette\u00bb][vc_column column_width_percent=\u00bb100&#8243; gutter_size=\u00bb2&#8243; overlay_alpha=\u00bb50&#8243; shift_x=\u00bb0&#8243; [&hellip;]<\/p>\n","protected":false},"author":1,"featured_media":0,"parent":0,"menu_order":0,"comment_status":"closed","ping_status":"closed","template":"","meta":{"footnotes":""},"class_list":["post-1924","page","type-page","status-publish","hentry"],"_links":{"self":[{"href":"https:\/\/sonydivecenter.com\/es\/wp-json\/wp\/v2\/pages\/1924","targetHints":{"allow":["GET"]}}],"collection":[{"href":"https:\/\/sonydivecenter.com\/es\/wp-json\/wp\/v2\/pages"}],"about":[{"href":"https:\/\/sonydivecenter.com\/es\/wp-json\/wp\/v2\/types\/page"}],"author":[{"embeddable":true,"href":"https:\/\/sonydivecenter.com\/es\/wp-json\/wp\/v2\/users\/1"}],"replies":[{"embeddable":true,"href":"https:\/\/sonydivecenter.com\/es\/wp-json\/wp\/v2\/comments?post=1924"}],"version-history":[{"count":6,"href":"https:\/\/sonydivecenter.com\/es\/wp-json\/wp\/v2\/pages\/1924\/revisions"}],"predecessor-version":[{"id":2038,"href":"https:\/\/sonydivecenter.com\/es\/wp-json\/wp\/v2\/pages\/1924\/revisions\/2038"}],"wp:attachment":[{"href":"https:\/\/sonydivecenter.com\/es\/wp-json\/wp\/v2\/media?parent=1924"}],"curies":[{"name":"wp","href":"https:\/\/api.w.org\/{rel}","templated":true}]}}