{"id":1903,"date":"2026-02-21T10:37:37","date_gmt":"2026-02-21T15:37:37","guid":{"rendered":"https:\/\/sonydivecenter.com\/curso-padi-advanced-open-water-diver-santa-marta\/"},"modified":"2026-03-11T16:07:34","modified_gmt":"2026-03-11T21:07:34","slug":"curso-padi-advanced-open-water-diver-santa-marta","status":"publish","type":"page","link":"https:\/\/sonydivecenter.com\/es\/curso-padi-advanced-open-water-diver-santa-marta\/","title":{"rendered":"Curso PADI Advanced Open Water Diver Santa Marta"},"content":{"rendered":"<div class=\"wpb-content-wrapper\"><p>[vc_row row_height_percent=\u00bb0&#8243; override_padding=\u00bbyes\u00bb h_padding=\u00bb2&#8243; top_padding=\u00bb2&#8243; bottom_padding=\u00bb2&#8243; overlay_color=\u00bbcolor-nhtu\u00bb overlay_alpha=\u00bb100&#8243; gutter_size=\u00bb3&#8243; column_width_percent=\u00bb100&#8243; shift_y=\u00bb0&#8243; shift_y_fixed=\u00bbyes\u00bb z_index=\u00bb0&#8243; content_parallax=\u00bb0&#8243; uncode_shortcode_id=\u00bb133524&#8243; overlay_color_type=\u00bbuncode-palette\u00bb][vc_column column_width_percent=\u00bb100&#8243; gutter_size=\u00bb2&#8243; overlay_alpha=\u00bb50&#8243; shift_x=\u00bb0&#8243; shift_y=\u00bb0&#8243; shift_y_down=\u00bb0&#8243; z_index=\u00bb0&#8243; medium_width=\u00bb0&#8243; mobile_width=\u00bb0&#8243; width=\u00bb3\/4&#8243; uncode_shortcode_id=\u00bb211484&#8243;][vc_custom_heading heading_semantic=\u00bbh1&#8243; text_font=\u00bbfont-159771&#8243; text_size=\u00bbcustom\u00bb text_weight=\u00bb700&#8243; text_transform=\u00bbuppercase\u00bb heading_display=\u00bbinline\u00bb sub_lead=\u00bbyes\u00bb uncode_shortcode_id=\u00bb119666&#8243; heading_custom_size=\u00bb72px\u00bb]<\/p>\n<h1 data-rm-block-id=\"block-2\">Curso PADI Advanced Open Water Diver en Santa Marta<\/h1>\n<p>[\/vc_custom_heading][vc_column_text text_color=\u00bbaccent\u00bb uncode_shortcode_id=\u00bb211831&#8243; text_color_type=\u00bbuncode-palette\u00bb]<\/p>\n<p data-pm-slice=\"1 1 []\">Sum\u00e9rgete m\u00e1s profundo. Mejor\u00e1 tu flotabilidad. Naveg\u00e1 con confianza.  <\/p>\n<p>[\/vc_column_text][\/vc_column][\/vc_row][vc_row row_height_percent=\u00bb0&#8243; override_padding=\u00bbyes\u00bb h_padding=\u00bb2&#8243; top_padding=\u00bb3&#8243; bottom_padding=\u00bb3&#8243; overlay_alpha=\u00bb50&#8243; equal_height=\u00bbyes\u00bb gutter_size=\u00bb4&#8243; column_width_percent=\u00bb100&#8243; shift_y=\u00bb0&#8243; z_index=\u00bb0&#8243; content_parallax=\u00bb0&#8243; uncode_shortcode_id=\u00bb148446&#8243;][vc_column column_width_percent=\u00bb100&#8243; position_vertical=\u00bbmiddle\u00bb gutter_size=\u00bb3&#8243; overlay_alpha=\u00bb50&#8243; shift_x=\u00bb0&#8243; shift_y=\u00bb0&#8243; shift_y_down=\u00bb0&#8243; z_index=\u00bb0&#8243; medium_width=\u00bb0&#8243; mobile_width=\u00bb0&#8243; width=\u00bb1\/2&#8243; uncode_shortcode_id=\u00bb128093&#8243;][vc_column_text uncode_shortcode_id=\u00bb309984&#8243;]<img decoding=\"async\" src=\"https:\/\/sonydivecenter.com\/wp-content\/uploads\/2026\/02\/GOPR6287-scaled.jpg\" alt=\"Curso PADI Advanced Open Water Diver en Santa Marta\" title=\"\">[\/vc_column_text][\/vc_column][vc_column column_width_percent=\u00bb100&#8243; position_vertical=\u00bbmiddle\u00bb gutter_size=\u00bb1&#8243; overlay_alpha=\u00bb50&#8243; shift_x=\u00bb0&#8243; shift_y=\u00bb0&#8243; shift_y_down=\u00bb0&#8243; z_index=\u00bb0&#8243; medium_width=\u00bb0&#8243; mobile_width=\u00bb0&#8243; width=\u00bb1\/2&#8243; uncode_shortcode_id=\u00bb966470&#8243;][vc_column_text uncode_shortcode_id=\u00bb121615&#8243;]<\/p>\n<p data-pm-slice=\"1 1 []\">Avanz\u00e1 tus habilidades.<\/p>\n<p>[\/vc_column_text][vc_column_text text_lead=\u00bbyes\u00bb text_color=\u00bbaccent\u00bb uncode_shortcode_id=\u00bb859408&#8243; text_color_type=\u00bbuncode-palette\u00bb]<strong><span class=\"font-537826\">$1.500.000 COP<\/span><\/strong>[\/vc_column_text][vc_column_text text_lead=\u00bbyes\u00bb uncode_shortcode_id=\u00bb148263&#8243;]<span class=\"font-537826\">5 INMERSIONES \u2022 2 D\u00cdAS<\/span>[\/vc_column_text][vc_empty_space empty_h=\u00bb1&#8243;][vc_column_text uncode_shortcode_id=\u00bb121986&#8243;]<\/p>\n<p data-pm-slice=\"0 0 []\"><span class=\"font-537826\">El curso avanzado de buceo PADI Advanced Open Water Diver en Santa Marta est\u00e1 dise\u00f1ado para buceadores certificados que quieren profundizar sus habilidades y ampliar su rango de buceo.<\/span><\/p>\n<p><span class=\"font-537826\">Complet\u00e1s cinco inmersiones de aventura, incluyendo la Inmersi\u00f3n Profunda y la Navegaci\u00f3n Submarina, m\u00e1s tres inmersiones de especialidad a tu elecci\u00f3n. Cada inmersi\u00f3n se enfoca en el desarrollo real de habilidades &#8211; refinando la flotabilidad, mejorando la navegaci\u00f3n y aumentando la consciencia de profundidad en condiciones reales de oc\u00e9ano. <\/span><\/p>\n<p><span class=\"font-537826\">No hay examen final. Este curso se centra en la progresi\u00f3n pr\u00e1ctica, t\u00e9cnicas avanzadas y en formar buceadores confiados e independientes listos para explorar m\u00e1s all\u00e1 de los 18 metros. <\/span>[\/vc_column_text][vc_empty_space empty_h=\u00bb2&#8243;][vc_button button_color=\u00bbcolor-nhtu\u00bb hover_fx=\u00bboutlined\u00bb outline=\u00bbyes\u00bb text_skin=\u00bbyes\u00bb border_width=\u00bb0&#8243; scale_mobile=\u00bbno\u00bb link=\u00bburl:https%3A%2F%2Fwa.me%2F573137981097%2F%3Ftext%3DI%2520want%2520more%2520info%2520about%2520the%2520Open%2520Water%2520Diver%2520course%2C%2520please%21|title:Buceador%20de%20Aguas%20Abiertas|\u00bb uncode_shortcode_id=\u00bb933696&#8243; el_class=\u00bbbtn-light\u00bb button_color_type=\u00bbuncode-palette\u00bb]Comenz\u00e1 tu Certificaci\u00f3n[\/vc_button][\/vc_column][\/vc_row][vc_row row_height_percent=\u00bb0&#8243; override_padding=\u00bbyes\u00bb h_padding=\u00bb1&#8243; top_padding=\u00bb1&#8243; bottom_padding=\u00bb1&#8243; back_color=\u00bbcolor-nhtu\u00bb overlay_alpha=\u00bb50&#8243; gutter_size=\u00bb3&#8243; column_width_percent=\u00bb100&#8243; shift_y=\u00bb0&#8243; z_index=\u00bb0&#8243; content_parallax=\u00bb0&#8243; uncode_shortcode_id=\u00bb488700&#8243; el_class=\u00bbtest-three\u00bb back_color_type=\u00bbuncode-palette\u00bb][vc_column column_width_percent=\u00bb85&#8243; gutter_size=\u00bb3&#8243; override_padding=\u00bbyes\u00bb column_padding=\u00bb3&#8243; back_color=\u00bbcolor-nhtu\u00bb overlay_alpha=\u00bb50&#8243; shift_x=\u00bb0&#8243; shift_y=\u00bb0&#8243; shift_y_down=\u00bb0&#8243; z_index=\u00bb0&#8243; medium_width=\u00bb0&#8243; mobile_width=\u00bb0&#8243; width=\u00bb1\/1&#8243; uncode_shortcode_id=\u00bb599573&#8243; back_color_type=\u00bbuncode-palette\u00bb][vc_row_inner row_inner_height_percent=\u00bb0&#8243; overlay_alpha=\u00bb50&#8243; gutter_size=\u00bb1&#8243; shift_y=\u00bb0&#8243; z_index=\u00bb0&#8243; uncode_shortcode_id=\u00bb476266&#8243;][vc_column_inner column_width_percent=\u00bb100&#8243; position_vertical=\u00bbmiddle\u00bb gutter_size=\u00bb3&#8243; overlay_alpha=\u00bb50&#8243; shift_x=\u00bb0&#8243; shift_y=\u00bb0&#8243; shift_y_down=\u00bb0&#8243; z_index=\u00bb0&#8243; medium_width=\u00bb0&#8243; mobile_width=\u00bb0&#8243; width=\u00bb3\/4&#8243; uncode_shortcode_id=\u00bb145455&#8243;][vc_custom_heading uncode_shortcode_id=\u00bb684784&#8243;]<\/p>\n<h2 data-rm-block-id=\"block-9\"><span class=\"font-159771\"><b>Resumen del Curso<\/b><\/span><\/h2>\n<p>[\/vc_custom_heading][uncode_list uncode_shortcode_id=\u00bb156318&#8243;]<\/p>\n<ul>\n<li data-rm-block-id=\"block-11\"><strong style=\"color: #aed8f4;\">Ubicaci\u00f3n:<\/strong> Taganga, Santa Marta, Colombia<\/li>\n<li data-rm-block-id=\"block-12\"><strong style=\"color: #aed8f4;\">Duraci\u00f3n: <\/strong>2 d\u00edas (horario flexible)<\/li>\n<li data-rm-block-id=\"block-13\"><strong style=\"color: #aed8f4;\">Profundidad M\u00e1xima:<\/strong> 30m\/100ft<\/li>\n<li data-rm-block-id=\"block-14\"><strong style=\"color: #aed8f4;\">Edad M\u00ednima: <\/strong>12 a\u00f1os<\/li>\n<li data-rm-block-id=\"block-15\"><strong style=\"color: #aed8f4;\">Tama\u00f1o del grupo:<\/strong> M\u00e1ximo 2 estudiantes por instructor<\/li>\n<\/ul>\n<p>[\/uncode_list][\/vc_column_inner][\/vc_row_inner][vc_row_inner row_inner_height_percent=\u00bb0&#8243; overlay_alpha=\u00bb50&#8243; gutter_size=\u00bb1&#8243; shift_y=\u00bb0&#8243; z_index=\u00bb0&#8243; uncode_shortcode_id=\u00bb123969&#8243;][vc_column_inner column_width_percent=\u00bb100&#8243; position_vertical=\u00bbmiddle\u00bb gutter_size=\u00bb3&#8243; overlay_alpha=\u00bb50&#8243; shift_x=\u00bb0&#8243; shift_y=\u00bb0&#8243; shift_y_down=\u00bb0&#8243; z_index=\u00bb0&#8243; medium_width=\u00bb0&#8243; mobile_width=\u00bb0&#8243; width=\u00bb3\/4&#8243; uncode_shortcode_id=\u00bb183492&#8243;][vc_custom_heading uncode_shortcode_id=\u00bb156544&#8243;]<b>Flujo de Entrenamiento<\/b>[\/vc_custom_heading][vc_column_text uncode_shortcode_id=\u00bb924308&#8243;]Tu curso avanzado de buceo PADI Advanced Open Water Diver en Santa Marta sigue una estructura de progresi\u00f3n de cinco inmersiones.[\/vc_column_text][uncode_list uncode_shortcode_id=\u00bb142222&#8243;]<\/p>\n<ul>\n<li data-rm-block-id=\"block-17\"><strong style=\"color: #aed8f4;\">PADI eLearning &#8211;<\/strong> teor\u00eda online recibida antes de llegar<\/li>\n<li data-rm-block-id=\"block-18\"><strong style=\"color: #aed8f4;\">Inmersi\u00f3n de Aventura Profunda <\/strong>&#8211; hasta 30 metros<\/li>\n<li data-rm-block-id=\"block-19\"><strong style=\"color: #aed8f4;\">Inmersi\u00f3n de Navegaci\u00f3n Submarina<\/strong><\/li>\n<li data-rm-block-id=\"block-18\"><strong style=\"color: #aed8f4;\">3 inmersiones de aventura<\/strong> adicionales a tu elecci\u00f3n<\/li>\n<\/ul>\n<p>[\/uncode_list][\/vc_column_inner][\/vc_row_inner][vc_accordion typography=\u00bbadvanced\u00bb sign=\u00bbplus\u00bb sign_size=\u00bbmd\u00bb content_border=\u00bbyes\u00bb gutter_simple=\u00bb1&#8243; no_h_padding=\u00bbyes\u00bb active_txt_color=\u00bbcolor-prif\u00bb titles_size=\u00bbh3&#8243; titles_weight=\u00bb400&#8243; uncode_shortcode_id=\u00bb210539&#8243; active_tab=\u00bb0&#8243; active_txt_color_type=\u00bbuncode-palette\u00bb][vc_accordion_tab gutter_size=\u00bb2&#8243; column_padding=\u00bb0&#8243; title=\u00bbQu\u00e9 Est\u00e1 Incluido\u00bb tab_id=\u00bb1671541890-1-6216728529668951715764968962d9cd-e76117402712574177&#8243;][vc_row_inner row_inner_height_percent=\u00bb0&#8243; overlay_alpha=\u00bb50&#8243; gutter_size=\u00bb1&#8243; shift_y=\u00bb0&#8243; z_index=\u00bb0&#8243; uncode_shortcode_id=\u00bb123969&#8243;][vc_column_inner column_width_percent=\u00bb100&#8243; position_vertical=\u00bbmiddle\u00bb gutter_size=\u00bb3&#8243; overlay_alpha=\u00bb50&#8243; shift_x=\u00bb0&#8243; shift_y=\u00bb0&#8243; shift_y_down=\u00bb0&#8243; z_index=\u00bb0&#8243; medium_width=\u00bb0&#8243; mobile_width=\u00bb0&#8243; width=\u00bb3\/4&#8243; uncode_shortcode_id=\u00bb183492&#8243;][vc_column_text uncode_shortcode_id=\u00bb136635&#8243;]Cada curso avanzado de buceo PADI Advanced Open Water Diver en Santa Marta con Sony Dive Center incluye:[\/vc_column_text][uncode_list larger=\u00bbyes\u00bb icon=\u00bbfa fa-media-record\u00bb icon_color=\u00bbaccent\u00bb uncode_shortcode_id=\u00bb209305&#8243; icon_color_type=\u00bbuncode-palette\u00bb]<\/p>\n<ul>\n<li><span style=\"font-size: 13px;\">PADI eLearning (teor\u00eda online)<\/span><\/li>\n<li><span style=\"font-size: 13px;\">Instructor PADI certificado<\/span><\/li>\n<li><span style=\"font-size: 13px;\">5 inmersiones de aventura<\/span><\/li>\n<li><span style=\"font-size: 13px;\">Equipo completo de buceo<\/span><\/li>\n<li><span style=\"font-size: 13px;\">Seguro de buceo incluido<\/span><\/li>\n<li><span style=\"font-size: 13px;\">Snacks saludables y deliciosos<\/span><\/li>\n<li><span style=\"font-size: 13px;\">Fotos y videos submarinos<\/span><\/li>\n<li><span style=\"font-size: 13px;\">Instrucci\u00f3n personalizada en grupos peque\u00f1os (m\u00e1x. 2 estudiantes)<\/span><\/li>\n<\/ul>\n<p>[\/uncode_list][\/vc_column_inner][\/vc_row_inner][\/vc_accordion_tab][\/vc_accordion][\/vc_column][\/vc_row][vc_row row_height_percent=\u00bb0&#8243; override_padding=\u00bbyes\u00bb h_padding=\u00bb1&#8243; top_padding=\u00bb1&#8243; bottom_padding=\u00bb1&#8243; back_color=\u00bbcolor-wayh\u00bb overlay_alpha=\u00bb50&#8243; gutter_size=\u00bb3&#8243; column_width_percent=\u00bb100&#8243; shift_y=\u00bb0&#8243; z_index=\u00bb0&#8243; content_parallax=\u00bb0&#8243; uncode_shortcode_id=\u00bb787970&#8243; el_class=\u00bbtest-three\u00bb back_color_type=\u00bbuncode-palette\u00bb][vc_column column_width_percent=\u00bb85&#8243; gutter_size=\u00bb3&#8243; override_padding=\u00bbyes\u00bb column_padding=\u00bb3&#8243; back_color=\u00bbcolor-wayh\u00bb overlay_alpha=\u00bb50&#8243; shift_x=\u00bb0&#8243; shift_y=\u00bb0&#8243; shift_y_down=\u00bb0&#8243; z_index=\u00bb0&#8243; medium_width=\u00bb0&#8243; mobile_width=\u00bb0&#8243; width=\u00bb1\/1&#8243; uncode_shortcode_id=\u00bb595556&#8243; back_color_type=\u00bbuncode-palette\u00bb][vc_custom_heading uncode_shortcode_id=\u00bb736835&#8243;]<\/p>\n<h2 data-rm-block-id=\"block-30\"><span class=\"font-159771\">Preguntas Frecuentes<\/span><\/h2>\n<p data-rm-block-id=\"block-31\">[\/vc_custom_heading][vc_accordion typography=\u00bbadvanced\u00bb sign=\u00bbplus\u00bb sign_size=\u00bbmd\u00bb content_border=\u00bbyes\u00bb gutter_simple=\u00bb1&#8243; no_h_padding=\u00bbyes\u00bb active_txt_color=\u00bbcolor-prif\u00bb titles_size=\u00bbh4&#8243; titles_weight=\u00bb400&#8243; uncode_shortcode_id=\u00bb378433&#8243; active_tab=\u00bb0&#8243; active_txt_color_type=\u00bbuncode-palette\u00bb][vc_accordion_tab gutter_size=\u00bb2&#8243; column_padding=\u00bb0&#8243; title=\u00bb\u00bfSe requiere experiencia previa en buceo?\u00bb tab_id=\u00bb1671541890-1-6216728529668951715764968962d9cd-e761174027125741775&#8243;][vc_row_inner row_inner_height_percent=\u00bb0&#8243; overlay_alpha=\u00bb50&#8243; gutter_size=\u00bb1&#8243; shift_y=\u00bb0&#8243; z_index=\u00bb0&#8243; uncode_shortcode_id=\u00bb123969&#8243;][vc_column_inner column_width_percent=\u00bb100&#8243; position_vertical=\u00bbmiddle\u00bb gutter_size=\u00bb3&#8243; overlay_alpha=\u00bb50&#8243; shift_x=\u00bb0&#8243; shift_y=\u00bb0&#8243; shift_y_down=\u00bb0&#8243; z_index=\u00bb0&#8243; medium_width=\u00bb0&#8243; mobile_width=\u00bb0&#8243; width=\u00bb3\/4&#8243; uncode_shortcode_id=\u00bb554000&#8243;][vc_column_text uncode_shortcode_id=\u00bb428126&#8243;]S\u00ed. Deb\u00e9s estar certificado como <a href=\"https:\/\/sonydivecenter.com\/es\/curso-padi-open-water-santa-marta\/\">Open Water Diver<\/a> (o equivalente) antes de inscribirte en el curso avanzado de buceo <a href=\"http:\/\/padi.com\" target=\"_blank\" rel=\"noopener\">PADI<\/a> Advanced Open Water Diver course in Santa Marta.[\/vc_column_text][\/vc_column_inner][\/vc_row_inner][\/vc_accordion_tab][vc_accordion_tab gutter_size=\u00bb2&#8243; column_padding=\u00bb2&#8243; title=\u00bb\u00bfCu\u00e1nto dura el curso?\u00bb tab_id=\u00bb1771602540449-1-8&#8243;][vc_column_text text_color=\u00bbcolor-xsdn\u00bb uncode_shortcode_id=\u00bb106428&#8243; text_color_type=\u00bbuncode-palette\u00bb]El curso PADI Advanced Open Water Diver en Santa Marta generalmente toma 2 d\u00edas e incluye cinco inmersiones de aventura.[\/vc_column_text][\/vc_accordion_tab][vc_accordion_tab gutter_size=\u00bb2&#8243; column_padding=\u00bb2&#8243; title=\u00bb\u00bfCu\u00e1l es la profundidad m\u00e1xima durante el entrenamiento?\u00bb tab_id=\u00bb1771602542243-2-1&#8243;][vc_column_text text_color=\u00bbcolor-xsdn\u00bb uncode_shortcode_id=\u00bb177035&#8243; text_color_type=\u00bbuncode-palette\u00bb]Los buceadores avanzados se entrenan hasta 30 metros \/ 100 pies bajo supervisi\u00f3n profesional.[\/vc_column_text][\/vc_accordion_tab][vc_accordion_tab gutter_size=\u00bb2&#8243; column_padding=\u00bb2&#8243; title=\u00bb\u00bfHay un examen final?\u00bb tab_id=\u00bb1771691116251-7-5&#8243;][vc_column_text uncode_shortcode_id=\u00bb219309&#8243;]No. El curso se centra en el desarrollo pr\u00e1ctico de habilidades a trav\u00e9s de inmersiones reales en lugar de un examen escrito final.[\/vc_column_text][\/vc_accordion_tab][vc_accordion_tab gutter_size=\u00bb2&#8243; column_padding=\u00bb2&#8243; title=\u00bb\u00bfQu\u00e9 pasa si el Parque Nacional Tayrona est\u00e1 temporalmente cerrado?\u00bb tab_id=\u00bb1771602543231-3-8&#8243;][vc_column_text text_color=\u00bbcolor-xsdn\u00bb uncode_shortcode_id=\u00bb191750&#8243; text_color_type=\u00bbuncode-palette\u00bb]Si el Parque Nacional Tayrona est\u00e1 cerrado, realizamos inmersiones de entrenamiento en sitios alternativos cerca de Taganga con profundidad y condiciones adecuadas. La seguridad, la profundidad requerida y los objetivos de habilidades siempre gu\u00edan la selecci\u00f3n del sitio.[\/vc_column_text][\/vc_accordion_tab][vc_accordion_tab gutter_size=\u00bb2&#8243; column_padding=\u00bb2&#8243; title=\u00bb\u00bfQu\u00e9 pasa si cambian las condiciones clim\u00e1ticas?\u00bb tab_id=\u00bb1771602835295-5-10&#8243;][vc_column_text text_color=\u00bbcolor-xsdn\u00bb uncode_shortcode_id=\u00bb209475&#8243; text_color_type=\u00bbuncode-palette\u00bb]Monitoreamos las condiciones del mar diariamente. Si es necesario, ajustamos los sitios de inmersi\u00f3n o reprogramamos para garantizar condiciones de aprendizaje seguras y \u00f3ptimas.[\/vc_column_text][\/vc_accordion_tab][vc_accordion_tab gutter_size=\u00bb2&#8243; column_padding=\u00bb2&#8243; title=\u00bb\u00bfVoy a estar certificado para bucear en todo el mundo?\u00bb tab_id=\u00bb1771602897460-6-10&#8243;][vc_column_text text_color=\u00bbcolor-xsdn\u00bb uncode_shortcode_id=\u00bb550939&#8243; text_color_type=\u00bbuncode-palette\u00bb]S\u00ed. Al completar el curso avanzado de buceo PADI Advanced Open Water Diver en Santa Marta, pod\u00e9s bucear hasta 30 metros en todo el mundo.[\/vc_column_text][\/vc_accordion_tab][vc_accordion_tab gutter_size=\u00bb2&#8243; column_padding=\u00bb2&#8243; title=\u00bb\u00bfQu\u00e9 inmersiones de especialidad puedo elegir?\u00bb tab_id=\u00bb1771691221499-7-1&#8243;][vc_column_text uncode_shortcode_id=\u00bb596666&#8243;]Adem\u00e1s de Profunda y Navegaci\u00f3n, pod\u00e9s elegir tres inmersiones de aventura como Flotabilidad M\u00e1xima, Nocturna, Corriente o Naturalista.[\/vc_column_text][\/vc_accordion_tab][\/vc_accordion][\/vc_column][\/vc_row][vc_row row_height_percent=\u00bb0&#8243; override_padding=\u00bbyes\u00bb h_padding=\u00bb2&#8243; top_padding=\u00bb4&#8243; bottom_padding=\u00bb3&#8243; back_color=\u00bbcolor-nhtu\u00bb overlay_alpha=\u00bb50&#8243; gutter_size=\u00bb3&#8243; column_width_percent=\u00bb100&#8243; shift_y=\u00bb0&#8243; z_index=\u00bb0&#8243; content_parallax=\u00bb0&#8243; uncode_shortcode_id=\u00bb845948&#8243; back_color_type=\u00bbuncode-palette\u00bb][vc_column column_width_percent=\u00bb100&#8243; align_horizontal=\u00bbalign_center\u00bb gutter_size=\u00bb3&#8243; overlay_alpha=\u00bb50&#8243; shift_x=\u00bb0&#8243; shift_y=\u00bb0&#8243; shift_y_down=\u00bb0&#8243; z_index=\u00bb0&#8243; medium_width=\u00bb0&#8243; mobile_width=\u00bb0&#8243; width=\u00bb1\/1&#8243; uncode_shortcode_id=\u00bb925972&#8243;][vc_custom_heading heading_semantic=\u00bbh3&#8243; text_weight=\u00bb500&#8243; uncode_shortcode_id=\u00bb671911&#8243;]<strong>Buce\u00e1 m\u00e1s profundo. Refin\u00e1 tus habilidades. Expand\u00ed tus l\u00edmites.  <\/strong>[\/vc_custom_heading][vc_empty_space empty_h=\u00bb2&#8243;][vc_button button_color=\u00bbcolor-nhtu\u00bb hover_fx=\u00bboutlined\u00bb outline=\u00bbyes\u00bb text_skin=\u00bbyes\u00bb border_width=\u00bb0&#8243; scale_mobile=\u00bbno\u00bb link=\u00bburl:https%3A%2F%2Fwa.me%2F573137981097%2F%3Ftext%3DI%2520want%2520more%2520info%2520about%2520the%2520Open%2520Water%2520Diver%2520course%2C%2520please%21|title:Buceador%20de%20Aguas%20Abiertas|\u00bb uncode_shortcode_id=\u00bb933696&#8243; el_class=\u00bbbtn-light\u00bb button_color_type=\u00bbuncode-palette\u00bb]Comenz\u00e1 tu Certificaci\u00f3n[\/vc_button][vc_empty_space empty_h=\u00bb3&#8243;][\/vc_column][\/vc_row][vc_row][vc_column][vc_column_text]<\/p>\n<p>[\/vc_column_text][\/vc_column][\/vc_row]<\/p>\n<\/div>","protected":false},"excerpt":{"rendered":"<p>[vc_row row_height_percent=\u00bb0&#8243; override_padding=\u00bbyes\u00bb h_padding=\u00bb2&#8243; top_padding=\u00bb2&#8243; bottom_padding=\u00bb2&#8243; overlay_color=\u00bbcolor-nhtu\u00bb overlay_alpha=\u00bb100&#8243; gutter_size=\u00bb3&#8243; column_width_percent=\u00bb100&#8243; shift_y=\u00bb0&#8243; shift_y_fixed=\u00bbyes\u00bb z_index=\u00bb0&#8243; content_parallax=\u00bb0&#8243; uncode_shortcode_id=\u00bb133524&#8243; overlay_color_type=\u00bbuncode-palette\u00bb][vc_column column_width_percent=\u00bb100&#8243; gutter_size=\u00bb2&#8243; overlay_alpha=\u00bb50&#8243; shift_x=\u00bb0&#8243; [&hellip;]<\/p>\n","protected":false},"author":1,"featured_media":0,"parent":0,"menu_order":0,"comment_status":"closed","ping_status":"closed","template":"","meta":{"footnotes":""},"class_list":["post-1903","page","type-page","status-publish","hentry"],"_links":{"self":[{"href":"https:\/\/sonydivecenter.com\/es\/wp-json\/wp\/v2\/pages\/1903","targetHints":{"allow":["GET"]}}],"collection":[{"href":"https:\/\/sonydivecenter.com\/es\/wp-json\/wp\/v2\/pages"}],"about":[{"href":"https:\/\/sonydivecenter.com\/es\/wp-json\/wp\/v2\/types\/page"}],"author":[{"embeddable":true,"href":"https:\/\/sonydivecenter.com\/es\/wp-json\/wp\/v2\/users\/1"}],"replies":[{"embeddable":true,"href":"https:\/\/sonydivecenter.com\/es\/wp-json\/wp\/v2\/comments?post=1903"}],"version-history":[{"count":9,"href":"https:\/\/sonydivecenter.com\/es\/wp-json\/wp\/v2\/pages\/1903\/revisions"}],"predecessor-version":[{"id":2043,"href":"https:\/\/sonydivecenter.com\/es\/wp-json\/wp\/v2\/pages\/1903\/revisions\/2043"}],"wp:attachment":[{"href":"https:\/\/sonydivecenter.com\/es\/wp-json\/wp\/v2\/media?parent=1903"}],"curies":[{"name":"wp","href":"https:\/\/api.w.org\/{rel}","templated":true}]}}