{"id":1883,"date":"2025-02-23T01:06:48","date_gmt":"2025-02-23T06:06:48","guid":{"rendered":"https:\/\/sonydivecenter.com\/curso-padi-open-water-santa-marta\/"},"modified":"2026-03-11T16:10:29","modified_gmt":"2026-03-11T21:10:29","slug":"curso-padi-open-water-santa-marta","status":"publish","type":"page","link":"https:\/\/sonydivecenter.com\/es\/curso-padi-open-water-santa-marta\/","title":{"rendered":"Curso PADI Open Water Diver Santa Marta"},"content":{"rendered":"<div class=\"wpb-content-wrapper\"><p>[vc_row row_height_percent=\u00bb0&#8243; override_padding=\u00bbyes\u00bb h_padding=\u00bb2&#8243; top_padding=\u00bb2&#8243; bottom_padding=\u00bb2&#8243; overlay_color=\u00bbcolor-nhtu\u00bb overlay_alpha=\u00bb100&#8243; gutter_size=\u00bb3&#8243; column_width_percent=\u00bb100&#8243; shift_y=\u00bb0&#8243; shift_y_fixed=\u00bbyes\u00bb z_index=\u00bb0&#8243; content_parallax=\u00bb0&#8243; uncode_shortcode_id=\u00bb133524&#8243; overlay_color_type=\u00bbuncode-palette\u00bb][vc_column column_width_percent=\u00bb100&#8243; gutter_size=\u00bb2&#8243; overlay_alpha=\u00bb50&#8243; shift_x=\u00bb0&#8243; shift_y=\u00bb0&#8243; shift_y_down=\u00bb0&#8243; z_index=\u00bb0&#8243; medium_width=\u00bb0&#8243; mobile_width=\u00bb0&#8243; width=\u00bb3\/4&#8243; uncode_shortcode_id=\u00bb211484&#8243;][vc_custom_heading heading_semantic=\u00bbh1&#8243; text_font=\u00bbfont-159771&#8243; text_size=\u00bbcustom\u00bb text_weight=\u00bb700&#8243; text_transform=\u00bbuppercase\u00bb heading_display=\u00bbinline\u00bb sub_lead=\u00bbyes\u00bb uncode_shortcode_id=\u00bb227416&#8243; heading_custom_size=\u00bb72px\u00bb]<\/p>\n<h1 data-rm-block-id=\"block-2\"><span class=\"font-159771\">Curso PADI Open Water Diver en Santa Marta<\/span><\/h1>\n<p data-rm-block-id=\"block-3\">[\/vc_custom_heading][vc_column_text text_color=\u00bbaccent\u00bb uncode_shortcode_id=\u00bb189619&#8243; text_color_type=\u00bbuncode-palette\u00bb]<span class=\"font-537826\">Grupos peque\u00f1os. Dos estudiantes por instructor. Certificaci\u00f3n en el Parque Nacional Tayrona.  <\/span>[\/vc_column_text][\/vc_column][\/vc_row][vc_row row_height_percent=\u00bb0&#8243; override_padding=\u00bbyes\u00bb h_padding=\u00bb2&#8243; top_padding=\u00bb3&#8243; bottom_padding=\u00bb3&#8243; overlay_alpha=\u00bb50&#8243; equal_height=\u00bbyes\u00bb gutter_size=\u00bb4&#8243; column_width_percent=\u00bb100&#8243; shift_y=\u00bb0&#8243; z_index=\u00bb0&#8243; content_parallax=\u00bb0&#8243; uncode_shortcode_id=\u00bb148446&#8243;][vc_column column_width_percent=\u00bb100&#8243; position_vertical=\u00bbmiddle\u00bb gutter_size=\u00bb3&#8243; overlay_alpha=\u00bb50&#8243; shift_x=\u00bb0&#8243; shift_y=\u00bb0&#8243; shift_y_down=\u00bb0&#8243; z_index=\u00bb0&#8243; medium_width=\u00bb0&#8243; mobile_width=\u00bb0&#8243; width=\u00bb1\/2&#8243; uncode_shortcode_id=\u00bb128093&#8243;][vc_column_text uncode_shortcode_id=\u00bb116340&#8243;]<img decoding=\"async\" src=\"https:\/\/sonydivecenter.com\/wp-content\/uploads\/2026\/02\/IMG_6961-scaled.jpg\" alt=\"Curso PADI Open Water Diver en Santa Marta\" title=\"\">[\/vc_column_text][\/vc_column][vc_column column_width_percent=\u00bb100&#8243; position_vertical=\u00bbmiddle\u00bb gutter_size=\u00bb1&#8243; overlay_alpha=\u00bb50&#8243; shift_x=\u00bb0&#8243; shift_y=\u00bb0&#8243; shift_y_down=\u00bb0&#8243; z_index=\u00bb0&#8243; medium_width=\u00bb0&#8243; mobile_width=\u00bb0&#8243; width=\u00bb1\/2&#8243; uncode_shortcode_id=\u00bb966470&#8243;][vc_column_text uncode_shortcode_id=\u00bb862797&#8243;]<span class=\"font-537826\">Convi\u00e9rtete en Buceador Certificado<\/span>[\/vc_column_text][vc_column_text text_lead=\u00bbyes\u00bb text_color=\u00bbaccent\u00bb uncode_shortcode_id=\u00bb208969&#8243; text_color_type=\u00bbuncode-palette\u00bb]<strong><span class=\"font-537826\">$1.500.000 COP<\/span><\/strong>[\/vc_column_text][vc_column_text text_lead=\u00bbyes\u00bb uncode_shortcode_id=\u00bb194280&#8243;]<span class=\"font-537826\">5 INMERSIONES \u2022 3 D\u00cdAS<\/span>[\/vc_column_text][vc_empty_space empty_h=\u00bb1&#8243;][vc_column_text uncode_shortcode_id=\u00bb184875&#8243;]<\/p>\n<p data-start=\"447\" data-end=\"682\" data-rm-block-id=\"block-4\"><span class=\"font-537826\">Tu curso PADI Open Water Diver en Santa Marta es el primer paso al mundo submarino. En 2 a 3 d\u00edas aprender\u00e1s las habilidades esenciales para bucear de forma segura y confiada &#8211; en grupos de m\u00e1ximo dos estudiantes por instructor. <\/span><\/p>\n<p data-start=\"684\" data-end=\"894\" data-rm-block-id=\"block-5\"><span class=\"font-537826\">Comenz\u00e1s con teor\u00eda online y entrenamiento en aguas confinadas en la piscina. Una vez que te sent\u00eds c\u00f3modo\/a, complet\u00e1s cuatro inmersiones en aguas abiertas en el Parque Nacional Tayrona, aplicando cada habilidad paso a paso en condiciones reales. <\/span><\/p>\n<p data-start=\"896\" data-end=\"1006\" data-rm-block-id=\"block-6\"><span class=\"font-537826\">No es un entrenamiento apresurado. Es una instrucci\u00f3n tranquila y enfocada, dise\u00f1ada para construir verdadera confianza bajo el agua.<\/span><\/p>\n<p data-start=\"1008\" data-end=\"1095\" data-rm-block-id=\"block-7\"><span class=\"font-537826\">Despu\u00e9s de la certificaci\u00f3n, podr\u00e1s bucear en cualquier lugar del mundo hasta 18 metros de profundidad.<\/span><\/p>\n<p data-rm-block-id=\"block-8\">[\/vc_column_text][vc_empty_space empty_h=\u00bb2&#8243;][vc_button button_color=\u00bbcolor-nhtu\u00bb hover_fx=\u00bboutlined\u00bb outline=\u00bbyes\u00bb text_skin=\u00bbyes\u00bb border_width=\u00bb0&#8243; scale_mobile=\u00bbno\u00bb link=\u00bburl:https%3A%2F%2Fwa.me%2F573137981097%2F%3Ftext%3DI%2520want%2520more%2520info%2520about%2520the%2520Open%2520Water%2520Diver%2520course%2C%2520please%21|title:Buceador%20de%20Aguas%20Abiertas|\u00bb uncode_shortcode_id=\u00bb933696&#8243; el_class=\u00bbbtn-light\u00bb button_color_type=\u00bbuncode-palette\u00bb]Comenz\u00e1 tu Certificaci\u00f3n[\/vc_button][\/vc_column][\/vc_row][vc_row row_height_percent=\u00bb0&#8243; override_padding=\u00bbyes\u00bb h_padding=\u00bb1&#8243; top_padding=\u00bb1&#8243; bottom_padding=\u00bb1&#8243; back_color=\u00bbcolor-nhtu\u00bb overlay_alpha=\u00bb50&#8243; gutter_size=\u00bb3&#8243; column_width_percent=\u00bb100&#8243; shift_y=\u00bb0&#8243; z_index=\u00bb0&#8243; content_parallax=\u00bb0&#8243; uncode_shortcode_id=\u00bb488700&#8243; el_class=\u00bbtest-three\u00bb back_color_type=\u00bbuncode-palette\u00bb][vc_column column_width_percent=\u00bb85&#8243; gutter_size=\u00bb3&#8243; override_padding=\u00bbyes\u00bb column_padding=\u00bb3&#8243; back_color=\u00bbcolor-nhtu\u00bb overlay_alpha=\u00bb50&#8243; shift_x=\u00bb0&#8243; shift_y=\u00bb0&#8243; shift_y_down=\u00bb0&#8243; z_index=\u00bb0&#8243; medium_width=\u00bb0&#8243; mobile_width=\u00bb0&#8243; width=\u00bb1\/1&#8243; uncode_shortcode_id=\u00bb599573&#8243; back_color_type=\u00bbuncode-palette\u00bb][vc_row_inner row_inner_height_percent=\u00bb0&#8243; overlay_alpha=\u00bb50&#8243; gutter_size=\u00bb1&#8243; shift_y=\u00bb0&#8243; z_index=\u00bb0&#8243; uncode_shortcode_id=\u00bb123969&#8243;][vc_column_inner column_width_percent=\u00bb100&#8243; position_vertical=\u00bbmiddle\u00bb gutter_size=\u00bb3&#8243; overlay_alpha=\u00bb50&#8243; shift_x=\u00bb0&#8243; shift_y=\u00bb0&#8243; shift_y_down=\u00bb0&#8243; z_index=\u00bb0&#8243; medium_width=\u00bb0&#8243; mobile_width=\u00bb0&#8243; width=\u00bb3\/4&#8243; uncode_shortcode_id=\u00bb183492&#8243;][vc_custom_heading uncode_shortcode_id=\u00bb170621&#8243;]<\/p>\n<h2 data-rm-block-id=\"block-9\"><span class=\"font-159771\"><b>Resumen del Curso<\/b><\/span><\/h2>\n<p>[\/vc_custom_heading][uncode_list uncode_shortcode_id=\u00bb124815&#8243;]<\/p>\n<ul>\n<li data-rm-block-id=\"block-11\"><strong style=\"color: #aed8f4;\">Ubicaci\u00f3n:<\/strong> Taganga, Santa Marta, Colombia<\/li>\n<li data-rm-block-id=\"block-12\"><strong style=\"color: #aed8f4;\">Duraci\u00f3n: <\/strong>2 o 3 d\u00edas (horario flexible)<\/li>\n<li data-rm-block-id=\"block-13\"><strong style=\"color: #aed8f4;\">Profundidad M\u00e1xima:<\/strong> 18m\/60ft<\/li>\n<li data-rm-block-id=\"block-14\"><strong style=\"color: #aed8f4;\">Edad M\u00ednima:<\/strong> 10 a\u00f1os<\/li>\n<li data-rm-block-id=\"block-15\"><strong style=\"color: #aed8f4;\">Tama\u00f1o del grupo:<\/strong> M\u00e1ximo 2 estudiantes por instructor<\/li>\n<\/ul>\n<p data-rm-block-id=\"block-16\">[\/uncode_list][\/vc_column_inner][\/vc_row_inner][vc_row_inner row_inner_height_percent=\u00bb0&#8243; overlay_alpha=\u00bb50&#8243; gutter_size=\u00bb1&#8243; shift_y=\u00bb0&#8243; z_index=\u00bb0&#8243; uncode_shortcode_id=\u00bb123969&#8243;][vc_column_inner column_width_percent=\u00bb100&#8243; position_vertical=\u00bbmiddle\u00bb gutter_size=\u00bb3&#8243; overlay_alpha=\u00bb50&#8243; shift_x=\u00bb0&#8243; shift_y=\u00bb0&#8243; shift_y_down=\u00bb0&#8243; z_index=\u00bb0&#8243; medium_width=\u00bb0&#8243; mobile_width=\u00bb0&#8243; width=\u00bb3\/4&#8243; uncode_shortcode_id=\u00bb183492&#8243;][vc_custom_heading uncode_shortcode_id=\u00bb171545&#8243;]<b>Flujo de Entrenamiento<\/b>[\/vc_custom_heading][vc_column_text uncode_shortcode_id=\u00bb112511&#8243;]Tu curso PADI Open Water Diver en Santa Marta sigue el flujo est\u00e1ndar de entrenamiento PADI en tres pasos.[\/vc_column_text][uncode_list uncode_shortcode_id=\u00bb586160&#8243;]<\/p>\n<ul>\n<li data-rm-block-id=\"block-17\"><strong style=\"color: #aed8f4;\">PADI eLearning &#8211;<\/strong> teor\u00eda online recibida antes de llegar<\/li>\n<li data-rm-block-id=\"block-18\"><strong style=\"color: #aed8f4;\">Entrenamiento en aguas confinadas<\/strong> &#8211; pr\u00e1ctica de habilidades en la piscina<\/li>\n<li data-rm-block-id=\"block-19\"><strong style=\"color: #aed8f4;\">4 inmersiones en aguas abiertas<\/strong> &#8211; en el oc\u00e9ano desde el bote<\/li>\n<\/ul>\n<p data-rm-block-id=\"block-20\">[\/uncode_list][\/vc_column_inner][\/vc_row_inner][vc_accordion typography=\u00bbadvanced\u00bb sign=\u00bbplus\u00bb sign_size=\u00bbmd\u00bb content_border=\u00bbyes\u00bb gutter_simple=\u00bb1&#8243; no_h_padding=\u00bbyes\u00bb active_txt_color=\u00bbcolor-prif\u00bb titles_size=\u00bbh3&#8243; titles_weight=\u00bb400&#8243; uncode_shortcode_id=\u00bb210539&#8243; active_tab=\u00bb0&#8243; active_txt_color_type=\u00bbuncode-palette\u00bb][vc_accordion_tab gutter_size=\u00bb2&#8243; column_padding=\u00bb0&#8243; title=\u00bbQu\u00e9 Est\u00e1 Incluido\u00bb tab_id=\u00bb1671541890-1-6216728529668951715764968962d9cd-e76117402712574177&#8243;][vc_row_inner row_inner_height_percent=\u00bb0&#8243; overlay_alpha=\u00bb50&#8243; gutter_size=\u00bb1&#8243; shift_y=\u00bb0&#8243; z_index=\u00bb0&#8243; uncode_shortcode_id=\u00bb123969&#8243;][vc_column_inner column_width_percent=\u00bb100&#8243; position_vertical=\u00bbmiddle\u00bb gutter_size=\u00bb3&#8243; overlay_alpha=\u00bb50&#8243; shift_x=\u00bb0&#8243; shift_y=\u00bb0&#8243; shift_y_down=\u00bb0&#8243; z_index=\u00bb0&#8243; medium_width=\u00bb0&#8243; mobile_width=\u00bb0&#8243; width=\u00bb3\/4&#8243; uncode_shortcode_id=\u00bb183492&#8243;][vc_column_text uncode_shortcode_id=\u00bb182523&#8243;]Cada curso PADI Open Water en Santa Marta con Sony Dive Center incluye:[\/vc_column_text][uncode_list icon=\u00bbfa fa-media-record\u00bb icon_color=\u00bbaccent\u00bb uncode_shortcode_id=\u00bb113565&#8243; icon_color_type=\u00bbuncode-palette\u00bb]<\/p>\n<ul>\n<li><span style=\"font-size: 13px;\">PADI eLearning (teor\u00eda online)<\/span><\/li>\n<li><span style=\"font-size: 13px;\">Sesi\u00f3n de entrenamiento en aguas confinadas (piscina o playa)<\/span><\/li>\n<li><span style=\"font-size: 13px;\"><span style=\"font-size: 13px;\">4 inmersiones en aguas abiertas desde el bote<\/span><\/span><\/li>\n<li><span style=\"font-size: 13px;\">Equipo completo de buceo<\/span><\/li>\n<li><span style=\"font-size: 13px;\">Seguro de buceo incluido<\/span><\/li>\n<li><span style=\"font-size: 13px;\">Snacks saludables y deliciosos<\/span><\/li>\n<li><span style=\"font-size: 13px;\">Fotos y videos submarinos<\/span><\/li>\n<li><span style=\"font-size: 13px;\">Instrucci\u00f3n personalizada en grupos peque\u00f1os (m\u00e1x. 2 estudiantes)<\/span><\/li>\n<\/ul>\n<p>[\/uncode_list][\/vc_column_inner][\/vc_row_inner][\/vc_accordion_tab][\/vc_accordion][\/vc_column][\/vc_row][vc_row row_height_percent=\u00bb0&#8243; override_padding=\u00bbyes\u00bb h_padding=\u00bb1&#8243; top_padding=\u00bb1&#8243; bottom_padding=\u00bb1&#8243; back_color=\u00bbcolor-wayh\u00bb overlay_alpha=\u00bb50&#8243; gutter_size=\u00bb3&#8243; column_width_percent=\u00bb100&#8243; shift_y=\u00bb0&#8243; z_index=\u00bb0&#8243; content_parallax=\u00bb0&#8243; uncode_shortcode_id=\u00bb787970&#8243; el_class=\u00bbtest-three\u00bb back_color_type=\u00bbuncode-palette\u00bb][vc_column column_width_percent=\u00bb85&#8243; gutter_size=\u00bb3&#8243; override_padding=\u00bbyes\u00bb column_padding=\u00bb3&#8243; back_color=\u00bbcolor-wayh\u00bb overlay_alpha=\u00bb50&#8243; shift_x=\u00bb0&#8243; shift_y=\u00bb0&#8243; shift_y_down=\u00bb0&#8243; z_index=\u00bb0&#8243; medium_width=\u00bb0&#8243; mobile_width=\u00bb0&#8243; width=\u00bb1\/1&#8243; uncode_shortcode_id=\u00bb595556&#8243; back_color_type=\u00bbuncode-palette\u00bb][vc_custom_heading uncode_shortcode_id=\u00bb736835&#8243;]<\/p>\n<h2 data-rm-block-id=\"block-30\"><span class=\"font-159771\">Preguntas Frecuentes<\/span><\/h2>\n<p data-rm-block-id=\"block-31\">[\/vc_custom_heading][vc_accordion typography=\u00bbadvanced\u00bb sign=\u00bbplus\u00bb sign_size=\u00bbmd\u00bb content_border=\u00bbyes\u00bb gutter_simple=\u00bb1&#8243; no_h_padding=\u00bbyes\u00bb active_txt_color=\u00bbcolor-prif\u00bb titles_size=\u00bbh4&#8243; titles_weight=\u00bb400&#8243; uncode_shortcode_id=\u00bb378433&#8243; active_tab=\u00bb0&#8243; active_txt_color_type=\u00bbuncode-palette\u00bb][vc_accordion_tab gutter_size=\u00bb2&#8243; column_padding=\u00bb0&#8243; title=\u00bb\u00bfSe requiere experiencia previa en buceo?\u00bb tab_id=\u00bb1671541890-1-6216728529668951715764968962d9cd-e761174027125741775&#8243;][vc_row_inner row_inner_height_percent=\u00bb0&#8243; overlay_alpha=\u00bb50&#8243; gutter_size=\u00bb1&#8243; shift_y=\u00bb0&#8243; z_index=\u00bb0&#8243; uncode_shortcode_id=\u00bb123969&#8243;][vc_column_inner column_width_percent=\u00bb100&#8243; position_vertical=\u00bbmiddle\u00bb gutter_size=\u00bb3&#8243; overlay_alpha=\u00bb50&#8243; shift_x=\u00bb0&#8243; shift_y=\u00bb0&#8243; shift_y_down=\u00bb0&#8243; z_index=\u00bb0&#8243; medium_width=\u00bb0&#8243; mobile_width=\u00bb0&#8243; width=\u00bb3\/4&#8243; uncode_shortcode_id=\u00bb554000&#8243;][vc_column_text uncode_shortcode_id=\u00bb768223&#8243;]No. El curso PADI Open Water Diver en Santa Marta est\u00e1 dise\u00f1ado para principiantes. Comenz\u00e1s con teor\u00eda online y entrenamiento en aguas confinadas antes de pasar a las inmersiones en aguas abiertas.[\/vc_column_text][\/vc_column_inner][\/vc_row_inner][\/vc_accordion_tab][vc_accordion_tab gutter_size=\u00bb2&#8243; column_padding=\u00bb2&#8243; title=\u00bb\u00bfCu\u00e1nto dura el curso?\u00bb tab_id=\u00bb1771602540449-1-8&#8243;][vc_column_text text_color=\u00bbcolor-xsdn\u00bb uncode_shortcode_id=\u00bb769917&#8243; text_color_type=\u00bbuncode-palette\u00bb]El curso PADI Open Water Diver en Santa Marta se completa en 2 a 3 d\u00edas, seg\u00fan el horario y las condiciones del mar. El PADI eLearning se completa online antes de llegar.[\/vc_column_text][\/vc_accordion_tab][vc_accordion_tab gutter_size=\u00bb2&#8243; column_padding=\u00bb2&#8243; title=\u00bb\u00bfCu\u00e1l es la profundidad m\u00e1xima durante el entrenamiento?\u00bb tab_id=\u00bb1771602542243-2-1&#8243;][vc_column_text text_color=\u00bbcolor-xsdn\u00bb uncode_shortcode_id=\u00bb961282&#8243; text_color_type=\u00bbuncode-palette\u00bb]La profundidad m\u00e1xima de entrenamiento durante el curso PADI Open Water Diver en Santa Marta es de 18 metros (60 pies), en conformidad con los est\u00e1ndares PADI.[\/vc_column_text][\/vc_accordion_tab][vc_accordion_tab gutter_size=\u00bb2&#8243; column_padding=\u00bb2&#8243; title=\u00bb\u00bfQu\u00e9 pasa si el Parque Nacional Tayrona est\u00e1 temporalmente cerrado?\u00bb tab_id=\u00bb1771602543231-3-8&#8243;][vc_column_text text_color=\u00bbcolor-xsdn\u00bb uncode_shortcode_id=\u00bb171032&#8243; text_color_type=\u00bbuncode-palette\u00bb]El entrenamiento contin\u00faa en sitios de buceo alternativos aprobados en el \u00e1rea de Santa Marta. La estructura del curso, los est\u00e1ndares de seguridad y los requisitos de certificaci\u00f3n no cambian.[\/vc_column_text][\/vc_accordion_tab][vc_accordion_tab gutter_size=\u00bb2&#8243; column_padding=\u00bb2&#8243; title=\u00bb\u00bfEs seguro el buceo para principiantes?\u00bb tab_id=\u00bb1771602544365-4-8&#8243;][vc_column_text text_color=\u00bbcolor-xsdn\u00bb uncode_shortcode_id=\u00bb373892&#8243; text_color_type=\u00bbuncode-palette\u00bb]S\u00ed. El curso sigue los estrictos protocolos de seguridad PADI y se realiza en <a href=\"https:\/\/sonydivecenter.com\/es\/sony-dive-center-buceo-consciente-en-santa-marta\/\">grupos peque\u00f1os<\/a> (m\u00e1ximo 2 estudiantes por instructor) para garantizar una supervisi\u00f3n cercana y una progresi\u00f3n controlada.[\/vc_column_text][\/vc_accordion_tab][vc_accordion_tab gutter_size=\u00bb2&#8243; column_padding=\u00bb2&#8243; title=\u00bb\u00bfQu\u00e9 pasa si cambian las condiciones clim\u00e1ticas?\u00bb tab_id=\u00bb1771602835295-5-10&#8243;][vc_column_text text_color=\u00bbcolor-xsdn\u00bb uncode_shortcode_id=\u00bb173969&#8243; text_color_type=\u00bbuncode-palette\u00bb]La seguridad es siempre la prioridad. Si las condiciones del mar no son adecuadas, las inmersiones pueden reprogramarse para garantizar un entrenamiento seguro y c\u00f3modo.[\/vc_column_text][\/vc_accordion_tab][vc_accordion_tab gutter_size=\u00bb2&#8243; column_padding=\u00bb2&#8243; title=\u00bb\u00bfVoy a estar certificado para bucear en todo el mundo?\u00bb tab_id=\u00bb1771602897460-6-10&#8243;][vc_column_text text_color=\u00bbcolor-xsdn\u00bb uncode_shortcode_id=\u00bb748541&#8243; text_color_type=\u00bbuncode-palette\u00bb]S\u00ed. Al completar exitosamente el curso PADI Open Water Diver en Santa Marta, recib\u00eds una certificaci\u00f3n <a href=\"http:\/\/padi.com\" target=\"_blank\" rel=\"noopener\">PADI <\/a>reconocida internacionalmente que te permite bucear en todo el mundo hasta 18 metros de profundidad.[\/vc_column_text][\/vc_accordion_tab][\/vc_accordion][\/vc_column][\/vc_row][vc_row row_height_percent=\u00bb0&#8243; override_padding=\u00bbyes\u00bb h_padding=\u00bb2&#8243; top_padding=\u00bb4&#8243; bottom_padding=\u00bb3&#8243; back_color=\u00bbcolor-nhtu\u00bb overlay_alpha=\u00bb50&#8243; gutter_size=\u00bb3&#8243; column_width_percent=\u00bb100&#8243; shift_y=\u00bb0&#8243; z_index=\u00bb0&#8243; content_parallax=\u00bb0&#8243; uncode_shortcode_id=\u00bb845948&#8243; back_color_type=\u00bbuncode-palette\u00bb][vc_column column_width_percent=\u00bb100&#8243; align_horizontal=\u00bbalign_center\u00bb gutter_size=\u00bb3&#8243; overlay_alpha=\u00bb50&#8243; shift_x=\u00bb0&#8243; shift_y=\u00bb0&#8243; shift_y_down=\u00bb0&#8243; z_index=\u00bb0&#8243; medium_width=\u00bb0&#8243; mobile_width=\u00bb0&#8243; width=\u00bb1\/1&#8243; uncode_shortcode_id=\u00bb925972&#8243;][vc_custom_heading heading_semantic=\u00bbh3&#8243; text_weight=\u00bb500&#8243; uncode_shortcode_id=\u00bb154744&#8243;]<span class=\"font-159771\"><strong>Certif\u00edcate. Constru\u00ed confianza bajo el agua. Buce\u00e1 en cualquier lugar del mundo.  <\/strong><\/span>[\/vc_custom_heading][vc_empty_space empty_h=\u00bb2&#8243;][vc_button button_color=\u00bbcolor-nhtu\u00bb hover_fx=\u00bboutlined\u00bb outline=\u00bbyes\u00bb text_skin=\u00bbyes\u00bb border_width=\u00bb0&#8243; scale_mobile=\u00bbno\u00bb link=\u00bburl:https%3A%2F%2Fwa.me%2F573137981097%2F%3Ftext%3DI%2520want%2520more%2520info%2520about%2520the%2520Open%2520Water%2520Diver%2520course%2C%2520please%21|title:Buceador%20de%20Aguas%20Abiertas|\u00bb uncode_shortcode_id=\u00bb933696&#8243; el_class=\u00bbbtn-light\u00bb button_color_type=\u00bbuncode-palette\u00bb]Comenz\u00e1 tu Certificaci\u00f3n[\/vc_button][vc_empty_space empty_h=\u00bb3&#8243;][\/vc_column][\/vc_row][vc_row][vc_column][vc_column_text]<\/p>\n<p>[\/vc_column_text][\/vc_column][\/vc_row]<\/p>\n<\/div>","protected":false},"excerpt":{"rendered":"<p>[vc_row row_height_percent=\u00bb0&#8243; override_padding=\u00bbyes\u00bb h_padding=\u00bb2&#8243; top_padding=\u00bb2&#8243; bottom_padding=\u00bb2&#8243; overlay_color=\u00bbcolor-nhtu\u00bb overlay_alpha=\u00bb100&#8243; gutter_size=\u00bb3&#8243; column_width_percent=\u00bb100&#8243; shift_y=\u00bb0&#8243; shift_y_fixed=\u00bbyes\u00bb z_index=\u00bb0&#8243; content_parallax=\u00bb0&#8243; uncode_shortcode_id=\u00bb133524&#8243; overlay_color_type=\u00bbuncode-palette\u00bb][vc_column column_width_percent=\u00bb100&#8243; gutter_size=\u00bb2&#8243; overlay_alpha=\u00bb50&#8243; shift_x=\u00bb0&#8243; [&hellip;]<\/p>\n","protected":false},"author":1,"featured_media":0,"parent":0,"menu_order":0,"comment_status":"closed","ping_status":"closed","template":"","meta":{"footnotes":""},"class_list":["post-1883","page","type-page","status-publish","hentry"],"_links":{"self":[{"href":"https:\/\/sonydivecenter.com\/es\/wp-json\/wp\/v2\/pages\/1883","targetHints":{"allow":["GET"]}}],"collection":[{"href":"https:\/\/sonydivecenter.com\/es\/wp-json\/wp\/v2\/pages"}],"about":[{"href":"https:\/\/sonydivecenter.com\/es\/wp-json\/wp\/v2\/types\/page"}],"author":[{"embeddable":true,"href":"https:\/\/sonydivecenter.com\/es\/wp-json\/wp\/v2\/users\/1"}],"replies":[{"embeddable":true,"href":"https:\/\/sonydivecenter.com\/es\/wp-json\/wp\/v2\/comments?post=1883"}],"version-history":[{"count":15,"href":"https:\/\/sonydivecenter.com\/es\/wp-json\/wp\/v2\/pages\/1883\/revisions"}],"predecessor-version":[{"id":2047,"href":"https:\/\/sonydivecenter.com\/es\/wp-json\/wp\/v2\/pages\/1883\/revisions\/2047"}],"wp:attachment":[{"href":"https:\/\/sonydivecenter.com\/es\/wp-json\/wp\/v2\/media?parent=1883"}],"curies":[{"name":"wp","href":"https:\/\/api.w.org\/{rel}","templated":true}]}}