{"id":1866,"date":"2026-02-21T00:09:16","date_gmt":"2026-02-21T05:09:16","guid":{"rendered":"https:\/\/sonydivecenter.com\/discover-scuba-diving-santa-marta\/"},"modified":"2026-03-11T16:00:17","modified_gmt":"2026-03-11T21:00:17","slug":"discover-scuba-diving-santa-marta","status":"publish","type":"page","link":"https:\/\/sonydivecenter.com\/es\/discover-scuba-diving-santa-marta\/","title":{"rendered":"Descubre el Buceo en Santa Marta"},"content":{"rendered":"<div class=\"wpb-content-wrapper\"><p>[vc_row row_height_percent=\u00bb0&#8243; override_padding=\u00bbyes\u00bb h_padding=\u00bb2&#8243; top_padding=\u00bb2&#8243; bottom_padding=\u00bb2&#8243; overlay_color=\u00bbcolor-nhtu\u00bb overlay_alpha=\u00bb100&#8243; gutter_size=\u00bb3&#8243; column_width_percent=\u00bb100&#8243; shift_y=\u00bb0&#8243; shift_y_fixed=\u00bbyes\u00bb z_index=\u00bb0&#8243; content_parallax=\u00bb0&#8243; uncode_shortcode_id=\u00bb133524&#8243; overlay_color_type=\u00bbuncode-palette\u00bb][vc_column column_width_percent=\u00bb100&#8243; gutter_size=\u00bb2&#8243; overlay_alpha=\u00bb50&#8243; shift_x=\u00bb0&#8243; shift_y=\u00bb0&#8243; shift_y_down=\u00bb0&#8243; z_index=\u00bb0&#8243; medium_width=\u00bb0&#8243; mobile_width=\u00bb0&#8243; width=\u00bb3\/4&#8243; uncode_shortcode_id=\u00bb211484&#8243;][vc_custom_heading heading_semantic=\u00bbh1&#8243; text_font=\u00bbfont-159771&#8243; text_size=\u00bbcustom\u00bb text_weight=\u00bb700&#8243; text_transform=\u00bbuppercase\u00bb heading_display=\u00bbinline\u00bb sub_lead=\u00bbyes\u00bb uncode_shortcode_id=\u00bb282069&#8243; heading_custom_size=\u00bb72px\u00bb]<\/p>\n<h1 data-rm-block-id=\"block-2\"><span class=\"font-159771\">Descubre el Buceo en Santa Marta<\/span><\/h1>\n<p>[\/vc_custom_heading][vc_column_text text_color=\u00bbaccent\u00bb uncode_shortcode_id=\u00bb514243&#8243; text_color_type=\u00bbuncode-palette\u00bb]<span class=\"font-537826\">Grupos peque\u00f1os. Dos inmersiones en el oc\u00e9ano. Sin experiencia previa.  <\/span>[\/vc_column_text][\/vc_column][\/vc_row][vc_row row_height_percent=\u00bb0&#8243; override_padding=\u00bbyes\u00bb h_padding=\u00bb2&#8243; top_padding=\u00bb3&#8243; bottom_padding=\u00bb3&#8243; overlay_alpha=\u00bb50&#8243; equal_height=\u00bbyes\u00bb gutter_size=\u00bb4&#8243; column_width_percent=\u00bb100&#8243; shift_y=\u00bb0&#8243; z_index=\u00bb0&#8243; content_parallax=\u00bb0&#8243; uncode_shortcode_id=\u00bb148446&#8243;][vc_column column_width_percent=\u00bb100&#8243; position_vertical=\u00bbmiddle\u00bb gutter_size=\u00bb3&#8243; overlay_alpha=\u00bb50&#8243; shift_x=\u00bb0&#8243; shift_y=\u00bb0&#8243; shift_y_down=\u00bb0&#8243; z_index=\u00bb0&#8243; medium_width=\u00bb0&#8243; mobile_width=\u00bb0&#8243; width=\u00bb1\/2&#8243; uncode_shortcode_id=\u00bb169464&#8243;][vc_column_text uncode_shortcode_id=\u00bb788154&#8243;]<img decoding=\"async\" src=\"https:\/\/sonydivecenter.com\/wp-content\/uploads\/2026\/02\/IMG_6960-scaled.jpg\" alt=\"Descubre el Buceo en Santa Marta\" title=\"\">[\/vc_column_text][\/vc_column][vc_column column_width_percent=\u00bb100&#8243; position_vertical=\u00bbmiddle\u00bb gutter_size=\u00bb1&#8243; overlay_alpha=\u00bb50&#8243; shift_x=\u00bb0&#8243; shift_y=\u00bb0&#8243; shift_y_down=\u00bb0&#8243; z_index=\u00bb0&#8243; medium_width=\u00bb0&#8243; mobile_width=\u00bb0&#8243; width=\u00bb1\/2&#8243; uncode_shortcode_id=\u00bb966470&#8243;][vc_column_text uncode_shortcode_id=\u00bb102218&#8243;]<span class=\"font-537826\">Tu primer buceo en el oc\u00e9ano<\/span>[\/vc_column_text][vc_column_text text_lead=\u00bbyes\u00bb text_color=\u00bbaccent\u00bb uncode_shortcode_id=\u00bb968054&#8243; text_color_type=\u00bbuncode-palette\u00bb]<strong><span class=\"font-537826\">$350.000 COP<\/span><\/strong>[\/vc_column_text][vc_column_text text_lead=\u00bbyes\u00bb uncode_shortcode_id=\u00bb639380&#8243;]<span class=\"font-537826\">2 INMERSIONES \u2022 MEDIO D\u00cdA<\/span>[\/vc_column_text][vc_empty_space empty_h=\u00bb1&#8243;][vc_column_text uncode_shortcode_id=\u00bb681783&#8243;]<\/p>\n<p data-start=\"633\" data-end=\"783\">Descubre el Buceo en Santa Marta est\u00e1 dise\u00f1ado para principiantes que desean una introducci\u00f3n tranquila y segura al mundo submarino, sin experiencia previa.<\/p>\n<p data-start=\"785\" data-end=\"963\">Comenz\u00e1s con una breve charla te\u00f3rica y pr\u00e1ctica de habilidades en aguas poco profundas. Una vez que te sent\u00eds c\u00f3modo\/a, realiz\u00e1s dos inmersiones guiadas en el oc\u00e9ano desde el bote con tu instructor a tu lado. <\/p>\n<p data-start=\"735\" data-end=\"859\">Es una instrucci\u00f3n profesional y tranquila, enfocada en la seguridad, la confianza y hacer que tu primera respiraci\u00f3n bajo el agua sea inolvidable.<\/p>\n<p>[\/vc_column_text][vc_empty_space empty_h=\u00bb2&#8243;][vc_button button_color=\u00bbcolor-nhtu\u00bb hover_fx=\u00bboutlined\u00bb outline=\u00bbyes\u00bb text_skin=\u00bbyes\u00bb border_width=\u00bb0&#8243; scale_mobile=\u00bbno\u00bb link=\u00bburl:https%3A%2F%2Fwa.me%2F573137981097%2F%3Ftext%3DI%2520want%2520more%2520info%2520about%2520the%2520Open%2520Water%2520Diver%2520course%2C%2520please%21|title:Buceador%20de%20Aguas%20Abiertas|\u00bb uncode_shortcode_id=\u00bb171197&#8243; el_class=\u00bbbtn-light\u00bb button_color_type=\u00bbuncode-palette\u00bb]Reserv\u00e1 tu Inmersi\u00f3n[\/vc_button][\/vc_column][\/vc_row][vc_row row_height_percent=\u00bb0&#8243; override_padding=\u00bbyes\u00bb h_padding=\u00bb1&#8243; top_padding=\u00bb1&#8243; bottom_padding=\u00bb1&#8243; back_color=\u00bbcolor-nhtu\u00bb overlay_alpha=\u00bb50&#8243; gutter_size=\u00bb3&#8243; column_width_percent=\u00bb100&#8243; shift_y=\u00bb0&#8243; z_index=\u00bb0&#8243; content_parallax=\u00bb0&#8243; uncode_shortcode_id=\u00bb488700&#8243; el_class=\u00bbtest-three\u00bb back_color_type=\u00bbuncode-palette\u00bb][vc_column column_width_percent=\u00bb85&#8243; gutter_size=\u00bb3&#8243; override_padding=\u00bbyes\u00bb column_padding=\u00bb3&#8243; back_color=\u00bbcolor-nhtu\u00bb overlay_alpha=\u00bb50&#8243; shift_x=\u00bb0&#8243; shift_y=\u00bb0&#8243; shift_y_down=\u00bb0&#8243; z_index=\u00bb0&#8243; medium_width=\u00bb0&#8243; mobile_width=\u00bb0&#8243; width=\u00bb1\/1&#8243; uncode_shortcode_id=\u00bb599573&#8243; back_color_type=\u00bbuncode-palette\u00bb][vc_row_inner row_inner_height_percent=\u00bb0&#8243; overlay_alpha=\u00bb50&#8243; gutter_size=\u00bb1&#8243; shift_y=\u00bb0&#8243; z_index=\u00bb0&#8243; uncode_shortcode_id=\u00bb123969&#8243;][vc_column_inner column_width_percent=\u00bb100&#8243; position_vertical=\u00bbmiddle\u00bb gutter_size=\u00bb3&#8243; overlay_alpha=\u00bb50&#8243; shift_x=\u00bb0&#8243; shift_y=\u00bb0&#8243; shift_y_down=\u00bb0&#8243; z_index=\u00bb0&#8243; medium_width=\u00bb0&#8243; mobile_width=\u00bb0&#8243; width=\u00bb3\/4&#8243; uncode_shortcode_id=\u00bb183492&#8243;][vc_custom_heading uncode_shortcode_id=\u00bb152240&#8243;]<\/p>\n<h2 data-rm-block-id=\"block-9\"><span class=\"font-159771\"><b>Descripci\u00f3n de la Experiencia<\/b><\/span><\/h2>\n<p>[\/vc_custom_heading][uncode_list uncode_shortcode_id=\u00bb181849&#8243;]<\/p>\n<ul>\n<li data-rm-block-id=\"block-11\"><strong style=\"color: #aed8f4;\">Ubicaci\u00f3n:<\/strong> Taganga, Santa Marta, Colombia<\/li>\n<li data-rm-block-id=\"block-12\"><strong style=\"color: #aed8f4;\">Duraci\u00f3n:<\/strong> Medio d\u00eda<\/li>\n<li data-rm-block-id=\"block-13\"><strong style=\"color: #aed8f4;\">Profundidad M\u00e1xima:<\/strong> 12 m \/ 40 ft<\/li>\n<li data-rm-block-id=\"block-14\"><strong style=\"color: #aed8f4;\">Edad M\u00ednima:<\/strong> 10 a\u00f1os<\/li>\n<li data-rm-block-id=\"block-15\"><strong style=\"color: #aed8f4;\">Tama\u00f1o del grupo:<\/strong> M\u00e1ximo 2 estudiantes por instructor<\/li>\n<\/ul>\n<p>[\/uncode_list][\/vc_column_inner][\/vc_row_inner][vc_row_inner row_inner_height_percent=\u00bb0&#8243; overlay_alpha=\u00bb50&#8243; gutter_size=\u00bb1&#8243; shift_y=\u00bb0&#8243; z_index=\u00bb0&#8243; uncode_shortcode_id=\u00bb123969&#8243;][vc_column_inner column_width_percent=\u00bb100&#8243; position_vertical=\u00bbmiddle\u00bb gutter_size=\u00bb3&#8243; overlay_alpha=\u00bb50&#8243; shift_x=\u00bb0&#8243; shift_y=\u00bb0&#8243; shift_y_down=\u00bb0&#8243; z_index=\u00bb0&#8243; medium_width=\u00bb0&#8243; mobile_width=\u00bb0&#8243; width=\u00bb3\/4&#8243; uncode_shortcode_id=\u00bb183492&#8243;][vc_custom_heading uncode_shortcode_id=\u00bb137620&#8243;]<b>C\u00f3mo Funciona<\/b>[\/vc_custom_heading][uncode_list uncode_shortcode_id=\u00bb527383&#8243;]<\/p>\n<ul>\n<li data-rm-block-id=\"block-17\">Charla de <strong style=\"color: #aed8f4;\">seguridad y teor\u00eda <\/strong>al llegar<\/li>\n<li data-rm-block-id=\"block-18\"><strong style=\"color: #aed8f4;\">Pr\u00e1ctica de habilidades<\/strong> en aguas poco profundas<\/li>\n<li data-rm-block-id=\"block-19\"><strong style=\"color: #aed8f4;\">2 inmersiones guiadas en el oc\u00e9ano<\/strong> desde el bote<\/li>\n<li data-rm-block-id=\"block-19\"><span style=\"color: #aed8f4;\">Instructor<\/span> a tu lado en cada momento<\/li>\n<\/ul>\n<p>[\/uncode_list][\/vc_column_inner][\/vc_row_inner][vc_accordion typography=\u00bbadvanced\u00bb sign=\u00bbplus\u00bb sign_size=\u00bbmd\u00bb content_border=\u00bbyes\u00bb gutter_simple=\u00bb1&#8243; no_h_padding=\u00bbyes\u00bb active_txt_color=\u00bbcolor-prif\u00bb titles_size=\u00bbh3&#8243; titles_weight=\u00bb400&#8243; uncode_shortcode_id=\u00bb210539&#8243; active_tab=\u00bb0&#8243; active_txt_color_type=\u00bbuncode-palette\u00bb][vc_accordion_tab gutter_size=\u00bb2&#8243; column_padding=\u00bb0&#8243; title=\u00bbQu\u00e9 Est\u00e1 Incluido\u00bb tab_id=\u00bb1671541890-1-6216728529668951715764968962d9cd-e76117402712574177&#8243;][vc_row_inner row_inner_height_percent=\u00bb0&#8243; overlay_alpha=\u00bb50&#8243; gutter_size=\u00bb1&#8243; shift_y=\u00bb0&#8243; z_index=\u00bb0&#8243; uncode_shortcode_id=\u00bb123969&#8243;][vc_column_inner column_width_percent=\u00bb100&#8243; position_vertical=\u00bbmiddle\u00bb gutter_size=\u00bb3&#8243; overlay_alpha=\u00bb50&#8243; shift_x=\u00bb0&#8243; shift_y=\u00bb0&#8243; shift_y_down=\u00bb0&#8243; z_index=\u00bb0&#8243; medium_width=\u00bb0&#8243; mobile_width=\u00bb0&#8243; width=\u00bb3\/4&#8243; uncode_shortcode_id=\u00bb183492&#8243;][vc_column_text uncode_shortcode_id=\u00bb139220&#8243;]Cada experiencia de Descubre el Buceo en Santa Marta con Sony Dive Center incluye:[\/vc_column_text][uncode_list icon=\u00bbfa fa-media-record\u00bb icon_color=\u00bbaccent\u00bb uncode_shortcode_id=\u00bb197855&#8243; icon_color_type=\u00bbuncode-palette\u00bb]<\/p>\n<ul>\n<li><span style=\"font-size: 13px;\">Profesional PADI certificado<\/span><\/li>\n<li><span style=\"font-size: 13px;\">Equipo completo de buceo<\/span><\/li>\n<li><span style=\"font-size: 13px;\">2 inmersiones en el oc\u00e9ano desde el bote<\/span><\/li>\n<li><span style=\"font-size: 13px;\">Seguro de buceo incluido<\/span><\/li>\n<li><span style=\"font-size: 13px;\">Fotos y videos submarinos<\/span><\/li>\n<li><span style=\"font-size: 13px;\">Snacks saludables y refrescos<\/span><\/li>\n<li><span style=\"font-size: 13px;\">Instrucci\u00f3n personalizada en grupos peque\u00f1os (m\u00e1x. 2 estudiantes)<\/span><\/li>\n<\/ul>\n<p>[\/uncode_list][\/vc_column_inner][\/vc_row_inner][\/vc_accordion_tab][\/vc_accordion][\/vc_column][\/vc_row][vc_row row_height_percent=\u00bb0&#8243; override_padding=\u00bbyes\u00bb h_padding=\u00bb1&#8243; top_padding=\u00bb1&#8243; bottom_padding=\u00bb1&#8243; back_color=\u00bbcolor-wayh\u00bb overlay_alpha=\u00bb50&#8243; gutter_size=\u00bb3&#8243; column_width_percent=\u00bb100&#8243; shift_y=\u00bb0&#8243; z_index=\u00bb0&#8243; content_parallax=\u00bb0&#8243; uncode_shortcode_id=\u00bb787970&#8243; el_class=\u00bbtest-three\u00bb back_color_type=\u00bbuncode-palette\u00bb][vc_column column_width_percent=\u00bb85&#8243; gutter_size=\u00bb3&#8243; override_padding=\u00bbyes\u00bb column_padding=\u00bb3&#8243; back_color=\u00bbcolor-wayh\u00bb overlay_alpha=\u00bb50&#8243; shift_x=\u00bb0&#8243; shift_y=\u00bb0&#8243; shift_y_down=\u00bb0&#8243; z_index=\u00bb0&#8243; medium_width=\u00bb0&#8243; mobile_width=\u00bb0&#8243; width=\u00bb1\/1&#8243; uncode_shortcode_id=\u00bb595556&#8243; back_color_type=\u00bbuncode-palette\u00bb][vc_custom_heading uncode_shortcode_id=\u00bb736835&#8243;]<\/p>\n<h2 data-rm-block-id=\"block-30\"><span class=\"font-159771\">Preguntas Frecuentes<\/span><\/h2>\n<p data-rm-block-id=\"block-31\">[\/vc_custom_heading][vc_accordion typography=\u00bbadvanced\u00bb sign=\u00bbplus\u00bb sign_size=\u00bbmd\u00bb content_border=\u00bbyes\u00bb gutter_simple=\u00bb1&#8243; no_h_padding=\u00bbyes\u00bb active_txt_color=\u00bbcolor-prif\u00bb titles_size=\u00bbh4&#8243; titles_weight=\u00bb400&#8243; uncode_shortcode_id=\u00bb378433&#8243; active_tab=\u00bb0&#8243; active_txt_color_type=\u00bbuncode-palette\u00bb][vc_accordion_tab gutter_size=\u00bb2&#8243; column_padding=\u00bb0&#8243; title=\u00bb\u00bfSe requiere experiencia previa en buceo?\u00bb tab_id=\u00bb1671541890-1-6216728529668951715764968962d9cd-e761174027125741775&#8243;][vc_row_inner row_inner_height_percent=\u00bb0&#8243; overlay_alpha=\u00bb50&#8243; gutter_size=\u00bb1&#8243; shift_y=\u00bb0&#8243; z_index=\u00bb0&#8243; uncode_shortcode_id=\u00bb123969&#8243;][vc_column_inner column_width_percent=\u00bb100&#8243; position_vertical=\u00bbmiddle\u00bb gutter_size=\u00bb3&#8243; overlay_alpha=\u00bb50&#8243; shift_x=\u00bb0&#8243; shift_y=\u00bb0&#8243; shift_y_down=\u00bb0&#8243; z_index=\u00bb0&#8243; medium_width=\u00bb0&#8243; mobile_width=\u00bb0&#8243; width=\u00bb3\/4&#8243; uncode_shortcode_id=\u00bb554000&#8243;][vc_column_text uncode_shortcode_id=\u00bb169982&#8243;]No. Descubre el Buceo en Santa Marta est\u00e1 dise\u00f1ado espec\u00edficamente para principiantes. No se necesita certificaci\u00f3n ni experiencia previa.  No se necesita certificaci\u00f3n ni experiencia previa.[\/vc_column_text][\/vc_column_inner][\/vc_row_inner][\/vc_accordion_tab][vc_accordion_tab gutter_size=\u00bb2&#8243; column_padding=\u00bb2&#8243; title=\u00bb\u00bfCu\u00e1nto dura la experiencia?\u00bb tab_id=\u00bb1771602540449-1-8&#8243;][vc_column_text text_color=\u00bbcolor-xsdn\u00bb uncode_shortcode_id=\u00bb488837&#8243; text_color_type=\u00bbuncode-palette\u00bb]Descubre el Buceo en Santa Marta es un programa de medio d\u00eda que incluye charla informativa, pr\u00e1ctica en aguas poco profundas y dos inmersiones en el oc\u00e9ano desde el bote.[\/vc_column_text][\/vc_accordion_tab][vc_accordion_tab gutter_size=\u00bb2&#8243; column_padding=\u00bb2&#8243; title=\u00bb\u00bfCu\u00e1l es la profundidad m\u00e1xima?\u00bb tab_id=\u00bb1771602542243-2-1&#8243;][vc_column_text text_color=\u00bbcolor-xsdn\u00bb uncode_shortcode_id=\u00bb197867&#8243; text_color_type=\u00bbuncode-palette\u00bb]Durante Descubre el Buceo en Santa Marta, la profundidad m\u00e1xima es de 12 metros (40 pies), siguiendo los est\u00e1ndares de seguridad <a href=\"http:\/\/padi.com\" target=\"_blank\" rel=\"noopener\">PADI<\/a> para principiantes.[\/vc_column_text][\/vc_accordion_tab][vc_accordion_tab gutter_size=\u00bb2&#8243; column_padding=\u00bb2&#8243; title=\u00bb\u00bfQu\u00e9 pasa si el Parque Nacional Tayrona est\u00e1 temporalmente cerrado?\u00bb tab_id=\u00bb1771602543231-3-8&#8243;][vc_column_text text_color=\u00bbcolor-xsdn\u00bb uncode_shortcode_id=\u00bb699450&#8243; text_color_type=\u00bbuncode-palette\u00bb]Buceamos en sitios alternativos cerca de Taganga con arrecifes hermosos y condiciones tranquilas. La seguridad y la calidad de la experiencia siempre son lo primero.[\/vc_column_text][\/vc_accordion_tab][vc_accordion_tab gutter_size=\u00bb2&#8243; column_padding=\u00bb2&#8243; title=\u00bb\u00bfEs seguro el buceo para principiantes?\u00bb tab_id=\u00bb1771602544365-4-8&#8243;][vc_column_text text_color=\u00bbcolor-xsdn\u00bb uncode_shortcode_id=\u00bb965590&#8243; text_color_type=\u00bbuncode-palette\u00bb]S\u00ed. Durante tu Descubre el Buceo en Santa Marta, est\u00e1s guiado\/a en todo momento por un profesional PADI certificado en <a href=\"https:\/\/sonydivecenter.com\/es\/sony-dive-center-buceo-consciente-en-santa-marta\/\">grupos muy peque\u00f1os<\/a>.[\/vc_column_text][\/vc_accordion_tab][vc_accordion_tab gutter_size=\u00bb2&#8243; column_padding=\u00bb2&#8243; title=\u00bb\u00bfQu\u00e9 pasa si cambian las condiciones clim\u00e1ticas?\u00bb tab_id=\u00bb1771602835295-5-10&#8243;][vc_column_text text_color=\u00bbcolor-xsdn\u00bb uncode_shortcode_id=\u00bb952756&#8243; text_color_type=\u00bbuncode-palette\u00bb]Monitoreamos cuidadosamente las condiciones del mar. Si no es seguro, reprogramamos o ajustamos las ubicaciones seg\u00fan corresponda.[\/vc_column_text][\/vc_accordion_tab][\/vc_accordion][\/vc_column][\/vc_row][vc_row row_height_percent=\u00bb0&#8243; override_padding=\u00bbyes\u00bb h_padding=\u00bb2&#8243; top_padding=\u00bb4&#8243; bottom_padding=\u00bb3&#8243; back_color=\u00bbcolor-nhtu\u00bb overlay_alpha=\u00bb50&#8243; gutter_size=\u00bb3&#8243; column_width_percent=\u00bb100&#8243; shift_y=\u00bb0&#8243; z_index=\u00bb0&#8243; content_parallax=\u00bb0&#8243; uncode_shortcode_id=\u00bb845948&#8243; back_color_type=\u00bbuncode-palette\u00bb][vc_column column_width_percent=\u00bb100&#8243; align_horizontal=\u00bbalign_center\u00bb gutter_size=\u00bb3&#8243; overlay_alpha=\u00bb50&#8243; shift_x=\u00bb0&#8243; shift_y=\u00bb0&#8243; shift_y_down=\u00bb0&#8243; z_index=\u00bb0&#8243; medium_width=\u00bb0&#8243; mobile_width=\u00bb0&#8243; width=\u00bb1\/1&#8243; uncode_shortcode_id=\u00bb925972&#8243;][vc_custom_heading heading_semantic=\u00bbh3&#8243; text_weight=\u00bb500&#8243; uncode_shortcode_id=\u00bb269451&#8243;]<span class=\"font-159771\"><strong>Tom\u00e1 tu primera respiraci\u00f3n bajo el agua. Tranquilo. Seguro. Inolvidable.   <\/strong><\/span>[\/vc_custom_heading][vc_empty_space empty_h=\u00bb2&#8243;][vc_button button_color=\u00bbcolor-nhtu\u00bb hover_fx=\u00bboutlined\u00bb outline=\u00bbyes\u00bb text_skin=\u00bbyes\u00bb border_width=\u00bb0&#8243; scale_mobile=\u00bbno\u00bb link=\u00bburl:https%3A%2F%2Fwa.me%2F573137981097%2F%3Ftext%3DI%2520want%2520more%2520info%2520about%2520the%2520Open%2520Water%2520Diver%2520course%2C%2520please%21|title:Buceador%20de%20Aguas%20Abiertas|\u00bb uncode_shortcode_id=\u00bb387850&#8243; el_class=\u00bbbtn-light\u00bb button_color_type=\u00bbuncode-palette\u00bb]Reserv\u00e1 tu Inmersi\u00f3n[\/vc_button][vc_empty_space empty_h=\u00bb3&#8243;][\/vc_column][\/vc_row][vc_row][vc_column][vc_column_text]<\/p>\n<p>[\/vc_column_text][\/vc_column][\/vc_row]<\/p>\n<\/div>","protected":false},"excerpt":{"rendered":"<p>[vc_row row_height_percent=\u00bb0&#8243; override_padding=\u00bbyes\u00bb h_padding=\u00bb2&#8243; top_padding=\u00bb2&#8243; bottom_padding=\u00bb2&#8243; overlay_color=\u00bbcolor-nhtu\u00bb overlay_alpha=\u00bb100&#8243; gutter_size=\u00bb3&#8243; column_width_percent=\u00bb100&#8243; shift_y=\u00bb0&#8243; shift_y_fixed=\u00bbyes\u00bb z_index=\u00bb0&#8243; content_parallax=\u00bb0&#8243; uncode_shortcode_id=\u00bb133524&#8243; overlay_color_type=\u00bbuncode-palette\u00bb][vc_column column_width_percent=\u00bb100&#8243; gutter_size=\u00bb2&#8243; overlay_alpha=\u00bb50&#8243; shift_x=\u00bb0&#8243; [&hellip;]<\/p>\n","protected":false},"author":1,"featured_media":0,"parent":0,"menu_order":0,"comment_status":"closed","ping_status":"closed","template":"","meta":{"footnotes":""},"class_list":["post-1866","page","type-page","status-publish","hentry"],"_links":{"self":[{"href":"https:\/\/sonydivecenter.com\/es\/wp-json\/wp\/v2\/pages\/1866","targetHints":{"allow":["GET"]}}],"collection":[{"href":"https:\/\/sonydivecenter.com\/es\/wp-json\/wp\/v2\/pages"}],"about":[{"href":"https:\/\/sonydivecenter.com\/es\/wp-json\/wp\/v2\/types\/page"}],"author":[{"embeddable":true,"href":"https:\/\/sonydivecenter.com\/es\/wp-json\/wp\/v2\/users\/1"}],"replies":[{"embeddable":true,"href":"https:\/\/sonydivecenter.com\/es\/wp-json\/wp\/v2\/comments?post=1866"}],"version-history":[{"count":9,"href":"https:\/\/sonydivecenter.com\/es\/wp-json\/wp\/v2\/pages\/1866\/revisions"}],"predecessor-version":[{"id":2033,"href":"https:\/\/sonydivecenter.com\/es\/wp-json\/wp\/v2\/pages\/1866\/revisions\/2033"}],"wp:attachment":[{"href":"https:\/\/sonydivecenter.com\/es\/wp-json\/wp\/v2\/media?parent=1866"}],"curies":[{"name":"wp","href":"https:\/\/api.w.org\/{rel}","templated":true}]}}