{"id":1857,"date":"2025-02-17T21:27:04","date_gmt":"2025-02-18T02:27:04","guid":{"rendered":"https:\/\/sonydivecenter.com\/sony-dive-center-buceo-consciente-en-santa-marta\/"},"modified":"2026-03-09T16:18:15","modified_gmt":"2026-03-09T21:18:15","slug":"sony-dive-center-buceo-consciente-en-santa-marta","status":"publish","type":"page","link":"https:\/\/sonydivecenter.com\/es\/sony-dive-center-buceo-consciente-en-santa-marta\/","title":{"rendered":"Sobre Nosotros"},"content":{"rendered":"<div class=\"wpb-content-wrapper\"><p>[vc_row row_height_percent=\u00bb0&#8243; override_padding=\u00bbyes\u00bb h_padding=\u00bb2&#8243; top_padding=\u00bb2&#8243; bottom_padding=\u00bb2&#8243; overlay_color=\u00bbcolor-nhtu\u00bb overlay_alpha=\u00bb100&#8243; gutter_size=\u00bb3&#8243; column_width_percent=\u00bb100&#8243; shift_y=\u00bb0&#8243; shift_y_fixed=\u00bbyes\u00bb z_index=\u00bb0&#8243; content_parallax=\u00bb0&#8243; uncode_shortcode_id=\u00bb133524&#8243; overlay_color_type=\u00bbuncode-palette\u00bb][vc_column column_width_percent=\u00bb100&#8243; gutter_size=\u00bb2&#8243; overlay_alpha=\u00bb50&#8243; shift_x=\u00bb0&#8243; shift_y=\u00bb0&#8243; shift_y_down=\u00bb0&#8243; z_index=\u00bb0&#8243; medium_width=\u00bb0&#8243; mobile_width=\u00bb0&#8243; width=\u00bb3\/4&#8243; uncode_shortcode_id=\u00bb211484&#8243;][vc_custom_heading heading_semantic=\u00bbh1&#8243; text_font=\u00bbfont-159771&#8243; text_size=\u00bbcustom\u00bb text_weight=\u00bb700&#8243; text_transform=\u00bbuppercase\u00bb heading_display=\u00bbinline\u00bb sub_lead=\u00bbyes\u00bb uncode_shortcode_id=\u00bb121161&#8243; heading_custom_size=\u00bb72px\u00bb]<\/p>\n<h1 data-rm-block-id=\"block-2\">LA NUEVA FORMA DE BUCEAR EN EL MUNDO<\/h1>\n<p>[\/vc_custom_heading][vc_column_text text_color=\u00bbaccent\u00bb uncode_shortcode_id=\u00bb138567&#8243; text_color_type=\u00bbuncode-palette\u00bb]<span class=\"font-537826\">Buceo consciente en Santa Marta.<\/span>[\/vc_column_text][\/vc_column][\/vc_row][vc_row row_height_percent=\u00bb0&#8243; override_padding=\u00bbyes\u00bb h_padding=\u00bb2&#8243; top_padding=\u00bb5&#8243; bottom_padding=\u00bb5&#8243; overlay_alpha=\u00bb50&#8243; equal_height=\u00bbyes\u00bb gutter_size=\u00bb4&#8243; column_width_percent=\u00bb100&#8243; shift_y=\u00bb0&#8243; z_index=\u00bb0&#8243; el_class=\u00bbinverted-device-order\u00bb][vc_column column_width_percent=\u00bb100&#8243; position_vertical=\u00bbmiddle\u00bb gutter_size=\u00bb3&#8243; overlay_alpha=\u00bb50&#8243; shift_x=\u00bb0&#8243; shift_y=\u00bb0&#8243; shift_y_down=\u00bb0&#8243; z_index=\u00bb0&#8243; medium_width=\u00bb0&#8243; mobile_width=\u00bb0&#8243; width=\u00bb1\/2&#8243;][vc_column_text text_lead=\u00bbyes\u00bb uncode_shortcode_id=\u00bb127650&#8243;]<\/p>\n<p data-start=\"342\" data-end=\"409\" data-rm-block-id=\"block-6\"><span class=\"font-537826\">Creemos que el buceo es m\u00e1s que un deporte &#8211; es un estado de presencia.<br \/>\n<\/span><\/p>\n<p data-start=\"411\" data-end=\"567\" data-rm-block-id=\"block-7\"><span class=\"font-537826\">En Sony Dive Center nos enfocamos en grupos peque\u00f1os, orientaci\u00f3n tranquila y una conexi\u00f3n genuina con el oc\u00e9ano. Sin prisa. Sin presi\u00f3n. Solo respiraci\u00f3n, consciencia y seguridad.   <\/span><\/p>\n<p data-start=\"569\" data-end=\"753\" data-rm-block-id=\"block-8\"><span class=\"font-537826\">Mindful scuba diving in Santa Marta should feel grounding, inspiring, and unforgettable. That\u2019s why every experience is designed with intention &#8211; from the boat ride to the final surface smile. <\/span><\/p>\n<p data-start=\"569\" data-end=\"753\" data-rm-block-id=\"block-8\"><span class=\"font-537826\">Nuestros instructores est\u00e1n completamente certificados por <a href=\"http:\/\/padi.com\" target=\"_blank\" rel=\"noopener\">PADI<\/a> &#8211; la organizaci\u00f3n de formaci\u00f3n de buceo m\u00e1s grande del mundo.<\/span><\/p>\n<p data-start=\"569\" data-end=\"753\" data-rm-block-id=\"block-8\"><span class=\"font-537826\">Ya seas un principiante absoluto que quiere hacer <a href=\"https:\/\/sonydivecenter.com\/es\/discover-scuba-diving-santa-marta\/\">Discover Scuba Diving<\/a>, est\u00e9s trabajando para obtener tu certificaci\u00f3n <a href=\"https:\/\/sonydivecenter.com\/es\/curso-padi-open-water-santa-marta\/\">PADI Open Water Diver<\/a>, o un buceador certificado que se une a un <a href=\"https:\/\/sonydivecenter.com\/es\/fun-dive-santa-marta\/\">Fun Dive<\/a> en Tayrona &#8211; cada experiencia en Sony Dive Center est\u00e1 guiada por el mismo enfoque consciente.<\/span><\/p>\n<p>[\/vc_column_text][\/vc_column][vc_column width=\u00bb1\/2&#8243;][vc_column_text uncode_shortcode_id=\u00bb124046&#8243;]<img decoding=\"async\" src=\"https:\/\/sonydivecenter.com\/wp-content\/uploads\/2025\/02\/scuba-boat-full-of-divers.jpg\" alt=\"Buceo Consciente en Santa Marta\" title=\"\">[\/vc_column_text][\/vc_column][\/vc_row][vc_row row_height_percent=\u00bb0&#8243; override_padding=\u00bbyes\u00bb h_padding=\u00bb2&#8243; top_padding=\u00bb5&#8243; bottom_padding=\u00bb5&#8243; overlay_alpha=\u00bb50&#8243; equal_height=\u00bbyes\u00bb gutter_size=\u00bb4&#8243; column_width_percent=\u00bb100&#8243; shift_y=\u00bb0&#8243; z_index=\u00bb0&#8243; content_parallax=\u00bb0&#8243; uncode_shortcode_id=\u00bb934079&#8243;][vc_column width=\u00bb1\/2&#8243;][vc_single_image media=\u00bb644&#8243; media_width_percent=\u00bb100&#8243; shape=\u00bbimg-round\u00bb radius=\u00bblg\u00bb shadow=\u00bbyes\u00bb shadow_weight=\u00bblg\u00bb uncode_shortcode_id=\u00bb340136&#8243;][\/vc_column][vc_column column_width_percent=\u00bb100&#8243; position_vertical=\u00bbmiddle\u00bb gutter_size=\u00bb3&#8243; overlay_alpha=\u00bb50&#8243; shift_x=\u00bb0&#8243; shift_y=\u00bb0&#8243; shift_y_down=\u00bb0&#8243; z_index=\u00bb0&#8243; medium_width=\u00bb0&#8243; mobile_width=\u00bb0&#8243; width=\u00bb1\/2&#8243;][vc_custom_heading heading_semantic=\u00bbh3&#8243; text_size=\u00bbcustom\u00bb uncode_shortcode_id=\u00bb129034&#8243; heading_custom_size=\u00bb72px\u00bb]<strong class=\"font-weight-700\">BUCEO<br \/>PERSONALIZADO<br \/>en Colombia<\/strong>[\/vc_custom_heading][vc_column_text text_lead=\u00bbyes\u00bb uncode_shortcode_id=\u00bb182084&#8243;]<\/p>\n<p data-start=\"434\" data-end=\"500\" data-rm-block-id=\"block-10\"><span class=\"font-537826\">Bucear en el Parque Nacional Tayrona es un tipo de experiencia diferente.<\/span><\/p>\n<p data-start=\"502\" data-end=\"734\" data-rm-block-id=\"block-11\"><span class=\"font-537826\">Corales majestuosos, formaciones rocosas, luz cambiante y vida marina vibrante hacen que cada inmersi\u00f3n sea \u00fanica. Esto es lo que parece el buceo consciente en Santa Marta en la pr\u00e1ctica. Seleccionamos cuidadosamente los sitios de buceo seg\u00fan las condiciones del oc\u00e9ano y tu nivel de experiencia para garantizar claridad, comodidad y confianza bajo el agua.  <\/span><\/p>\n<p data-start=\"736\" data-end=\"912\" data-rm-block-id=\"block-12\"><span class=\"font-537826\">Trabajar con grupos peque\u00f1os nos permite movernos con intenci\u00f3n, no con urgencia &#8211; creando una experiencia de buceo tranquila y enfocada en uno de los paisajes costeros m\u00e1s impresionantes de Colombia.<\/span><\/p>\n<p>[\/vc_column_text][\/vc_column][\/vc_row][vc_row row_height_percent=\u00bb0&#8243; override_padding=\u00bbyes\u00bb h_padding=\u00bb2&#8243; top_padding=\u00bb5&#8243; bottom_padding=\u00bb5&#8243; overlay_alpha=\u00bb50&#8243; equal_height=\u00bbyes\u00bb gutter_size=\u00bb4&#8243; column_width_percent=\u00bb100&#8243; shift_y=\u00bb0&#8243; z_index=\u00bb0&#8243; el_class=\u00bbinverted-device-order\u00bb][vc_column column_width_percent=\u00bb100&#8243; position_vertical=\u00bbmiddle\u00bb gutter_size=\u00bb3&#8243; overlay_alpha=\u00bb50&#8243; shift_x=\u00bb0&#8243; shift_y=\u00bb0&#8243; shift_y_down=\u00bb0&#8243; z_index=\u00bb0&#8243; medium_width=\u00bb0&#8243; mobile_width=\u00bb0&#8243; width=\u00bb1\/2&#8243;][vc_custom_heading heading_semantic=\u00bbh3&#8243; text_size=\u00bbcustom\u00bb uncode_shortcode_id=\u00bb110458&#8243; heading_custom_size=\u00bb72px\u00bb]ECO DIVING Santa Marta[\/vc_custom_heading][vc_column_text text_lead=\u00bbyes\u00bb uncode_shortcode_id=\u00bb717699&#8243;]<\/p>\n<p data-start=\"224\" data-end=\"245\" data-rm-block-id=\"block-14\"><span class=\"font-159771\">Buceamos con respeto.<\/span><\/p>\n<p data-start=\"247\" data-end=\"412\" data-rm-block-id=\"block-15\"><span class=\"font-159771\">El oc\u00e9ano no es solo donde trabajamos &#8211; es parte de quienes somos. El buceo consciente en Santa Marta y el Parque Nacional Tayrona est\u00e1 guiado por la consciencia, la responsabilidad y el cuidado. <\/span><\/p>\n<p data-start=\"414\" data-end=\"604\" data-rm-block-id=\"block-16\"><span class=\"font-159771\">Apoyamos activamente las limpiezas de playas en Taganga, la educaci\u00f3n ambiental para ni\u00f1os, <a href=\"https:\/\/sonydivecenter.com\/underwater-cinema-a-dive-into-marine-conservation-with-tagangas-youth\/\">environmental education for children<\/a>, y las conversaciones locales sobre la reducci\u00f3n del consumo de pl\u00e1stico. La protecci\u00f3n comienza antes de entrar al agua. <\/span><\/p>\n<p data-start=\"606\" data-end=\"724\" data-rm-block-id=\"block-17\"><span class=\"font-159771\">Explorar el oc\u00e9ano significa protegerlo. El futuro del buceo en Colombia depende de c\u00f3mo tratemos el mar hoy. <\/span><\/p>\n<p>[\/vc_column_text][\/vc_column][vc_column width=\u00bb1\/2&#8243;][vc_single_image media=\u00bb1550&#8243; media_width_percent=\u00bb100&#8243; shape=\u00bbimg-round\u00bb radius=\u00bblg\u00bb shadow=\u00bbyes\u00bb shadow_weight=\u00bblg\u00bb uncode_shortcode_id=\u00bb170490&#8243;][\/vc_column][\/vc_row][vc_row row_height_percent=\u00bb0&#8243; override_padding=\u00bbyes\u00bb h_padding=\u00bb2&#8243; top_padding=\u00bb4&#8243; bottom_padding=\u00bb3&#8243; back_color=\u00bbcolor-nhtu\u00bb overlay_alpha=\u00bb50&#8243; gutter_size=\u00bb3&#8243; column_width_percent=\u00bb100&#8243; shift_y=\u00bb0&#8243; z_index=\u00bb0&#8243; content_parallax=\u00bb0&#8243; uncode_shortcode_id=\u00bb845948&#8243; back_color_type=\u00bbuncode-palette\u00bb][vc_column column_width_percent=\u00bb100&#8243; align_horizontal=\u00bbalign_center\u00bb gutter_size=\u00bb3&#8243; overlay_alpha=\u00bb50&#8243; shift_x=\u00bb0&#8243; shift_y=\u00bb0&#8243; shift_y_down=\u00bb0&#8243; z_index=\u00bb0&#8243; medium_width=\u00bb0&#8243; mobile_width=\u00bb0&#8243; width=\u00bb1\/1&#8243; uncode_shortcode_id=\u00bb925972&#8243;][vc_custom_heading heading_semantic=\u00bbh3&#8243; text_weight=\u00bb500&#8243; uncode_shortcode_id=\u00bb100499&#8243;]<span class=\"font-159771\"><strong>\u00bfListo para experimentar el buceo consciente en Santa Marta por ti mismo?<\/strong><\/span>[\/vc_custom_heading][vc_empty_space empty_h=\u00bb2&#8243;][vc_button button_color=\u00bbcolor-nhtu\u00bb hover_fx=\u00bboutlined\u00bb outline=\u00bbyes\u00bb text_skin=\u00bbyes\u00bb border_width=\u00bb0&#8243; scale_mobile=\u00bbno\u00bb link=\u00bburl:https%3A%2F%2Fwa.me%2F573137981097%2F%3Ftext%3DI%2520want%2520more%2520info%2520about%2520the%2520Open%2520Water%2520Diver%2520course%2C%2520please%21|title:Open%20Water%20Diver|\u00bb uncode_shortcode_id=\u00bb387850&#8243; el_class=\u00bbbtn-light\u00bb button_color_type=\u00bbuncode-palette\u00bb]Reserv\u00e1 tu Inmersi\u00f3n[\/vc_button][vc_empty_space empty_h=\u00bb3&#8243;][\/vc_column][\/vc_row][vc_row][vc_column][vc_column_text]<\/p>\n<p>[\/vc_column_text][\/vc_column][\/vc_row]<\/p>\n<\/div>","protected":false},"excerpt":{"rendered":"<p>[vc_row row_height_percent=\u00bb0&#8243; override_padding=\u00bbyes\u00bb h_padding=\u00bb2&#8243; top_padding=\u00bb2&#8243; bottom_padding=\u00bb2&#8243; overlay_color=\u00bbcolor-nhtu\u00bb overlay_alpha=\u00bb100&#8243; gutter_size=\u00bb3&#8243; column_width_percent=\u00bb100&#8243; shift_y=\u00bb0&#8243; shift_y_fixed=\u00bbyes\u00bb z_index=\u00bb0&#8243; content_parallax=\u00bb0&#8243; uncode_shortcode_id=\u00bb133524&#8243; overlay_color_type=\u00bbuncode-palette\u00bb][vc_column column_width_percent=\u00bb100&#8243; gutter_size=\u00bb2&#8243; overlay_alpha=\u00bb50&#8243; shift_x=\u00bb0&#8243; [&hellip;]<\/p>\n","protected":false},"author":1,"featured_media":0,"parent":0,"menu_order":0,"comment_status":"closed","ping_status":"closed","template":"","meta":{"footnotes":""},"class_list":["post-1857","page","type-page","status-publish","hentry"],"_links":{"self":[{"href":"https:\/\/sonydivecenter.com\/es\/wp-json\/wp\/v2\/pages\/1857","targetHints":{"allow":["GET"]}}],"collection":[{"href":"https:\/\/sonydivecenter.com\/es\/wp-json\/wp\/v2\/pages"}],"about":[{"href":"https:\/\/sonydivecenter.com\/es\/wp-json\/wp\/v2\/types\/page"}],"author":[{"embeddable":true,"href":"https:\/\/sonydivecenter.com\/es\/wp-json\/wp\/v2\/users\/1"}],"replies":[{"embeddable":true,"href":"https:\/\/sonydivecenter.com\/es\/wp-json\/wp\/v2\/comments?post=1857"}],"version-history":[{"count":8,"href":"https:\/\/sonydivecenter.com\/es\/wp-json\/wp\/v2\/pages\/1857\/revisions"}],"predecessor-version":[{"id":1960,"href":"https:\/\/sonydivecenter.com\/es\/wp-json\/wp\/v2\/pages\/1857\/revisions\/1960"}],"wp:attachment":[{"href":"https:\/\/sonydivecenter.com\/es\/wp-json\/wp\/v2\/media?parent=1857"}],"curies":[{"name":"wp","href":"https:\/\/api.w.org\/{rel}","templated":true}]}}